{"id":30450,"date":"2025-11-13T14:42:00","date_gmt":"2025-11-13T14:42:00","guid":{"rendered":"https:\/\/oboemuebles.com\/producto\/aluminium-2\/"},"modified":"2025-11-13T14:42:00","modified_gmt":"2025-11-13T14:42:00","slug":"aluminium-2","status":"publish","type":"product","link":"https:\/\/oboemuebles.com\/en\/producto\/aluminium-2\/","title":{"rendered":"ALUMINIUM"},"content":{"rendered":"<p>Los modelos EA 117, EA 118 y EA 119 son las sillas de trabajo del Aluminium Group dise\u00f1ado por Charles y Ray Eames. El mecanismo de inclinaci\u00f3n del asiento puede ajustarse al peso del usuario ofreci\u00e9ndole un confort \u00f3ptimo. La amplia selecci\u00f3n de colores de tapizado permite encontrar con facilidad la silla perfecta para cada oficina dom\u00e9stica. La Aluminium Chair EA 119 se distingue de las EA 117 y EA 118 por su respaldo m\u00e1s alto. La EA 118 tiene un asiento algo m\u00e1s estrecho y la posici\u00f3n es m\u00e1s indicada para trabajar en una mesa.    <\/p>\n","protected":false},"excerpt":{"rendered":"<p>The Aluminium Chair is one of the most significant furniture designs of the 20th century. Its most striking feature is the clever combination of materials. The upholstery is attached to the aluminum side profiles, transforming it from a mere cover into a structural element. It conforms to the body, offering exceptional comfort even without expensive padding.    <\/p>\n<p>Vitra has been producing the Aluminium Chair range for decades, consistently maintaining high quality. This experience allows us to offer a 30-year guarantee on all chairs in the Aluminium group. <\/p>\n","protected":false},"featured_media":14920,"comment_status":"closed","ping_status":"closed","template":"","meta":{"_acf_changed":false},"product_brand":[],"product_cat":[900,890,881,872],"product_tag":[],"class_list":{"0":"post-30450","1":"product","2":"type-product","3":"status-publish","4":"has-post-thumbnail","6":"product_cat-chairs-malaga-marbella","7":"product_cat-modern-furniture","8":"product_cat-design-office-malaga-marbella","9":"product_cat-rooms-en","11":"first","12":"instock","13":"product-type-simple"},"acf":[],"_links":{"self":[{"href":"https:\/\/oboemuebles.com\/en\/wp-json\/wp\/v2\/product\/30450","targetHints":{"allow":["GET"]}}],"collection":[{"href":"https:\/\/oboemuebles.com\/en\/wp-json\/wp\/v2\/product"}],"about":[{"href":"https:\/\/oboemuebles.com\/en\/wp-json\/wp\/v2\/types\/product"}],"replies":[{"embeddable":true,"href":"https:\/\/oboemuebles.com\/en\/wp-json\/wp\/v2\/comments?post=30450"}],"wp:featuredmedia":[{"embeddable":true,"href":"https:\/\/oboemuebles.com\/en\/wp-json\/wp\/v2\/media\/14920"}],"wp:attachment":[{"href":"https:\/\/oboemuebles.com\/en\/wp-json\/wp\/v2\/media?parent=30450"}],"wp:term":[{"taxonomy":"product_brand","embeddable":true,"href":"https:\/\/oboemuebles.com\/en\/wp-json\/wp\/v2\/product_brand?post=30450"},{"taxonomy":"product_cat","embeddable":true,"href":"https:\/\/oboemuebles.com\/en\/wp-json\/wp\/v2\/product_cat?post=30450"},{"taxonomy":"product_tag","embeddable":true,"href":"https:\/\/oboemuebles.com\/en\/wp-json\/wp\/v2\/product_tag?post=30450"}],"curies":[{"name":"wp","href":"https:\/\/api.w.org\/{rel}","templated":true}]}}