{"id":30492,"date":"2025-11-13T14:37:26","date_gmt":"2025-11-13T14:37:26","guid":{"rendered":"https:\/\/oboemuebles.com\/producto\/emma\/"},"modified":"2025-11-13T14:37:26","modified_gmt":"2025-11-13T14:37:26","slug":"emma","status":"publish","type":"product","link":"https:\/\/oboemuebles.com\/en\/producto\/emma\/","title":{"rendered":"EMMA"},"content":{"rendered":"","protected":false},"excerpt":{"rendered":"<p>Sill\u00f3n de exterior personalizable que ofrece numerosas combinaciones de asientos, piernas y respaldos y es adecuado para cualquier tipo de situaci\u00f3n y estado de \u00e1nimo. La carcasa inferior moldeada por inyecci\u00f3n caracteriza a este sill\u00f3n de exterior, dise\u00f1ado espec\u00edficamente para resolver diferentes funciones: inserci\u00f3n de las piernas, acoplamiento de correas el\u00e1sticas, enganche de diferentes tipos de respaldo. <\/p>\n<p>Es posible elegir entre patas de aluminio de varios colores o en madera maciza de iroko. El asiento del sill\u00f3n de exterior Emma est\u00e1 acolchado y puede forrarse con tela o Textilene, mientras que los respaldos tienen una estructura de aluminio con recubrimiento de polvo cubierto con cord\u00f3n tejido a mano o Textilene. El sill\u00f3n para exteriores Emma naci\u00f3 para uso en exteriores en entornos privados o contract. Este objeto de dise\u00f1o moderno tambi\u00e9n es altamente funcional y tiene un estilo femenino y elegante.   <\/p>\n","protected":false},"featured_media":14629,"comment_status":"closed","ping_status":"closed","template":"","meta":{"_acf_changed":false},"product_brand":[],"product_cat":[900,890,920,872],"product_tag":[954],"class_list":{"0":"post-30492","1":"product","2":"type-product","3":"status-publish","4":"has-post-thumbnail","6":"product_cat-chairs-malaga-marbella","7":"product_cat-modern-furniture","8":"product_cat-design-outdoor-malaga-marbella-2","9":"product_cat-rooms-en","10":"product_tag-monica-armani","11":"pa_diseno-monica-armani","13":"first","14":"instock","15":"product-type-simple"},"acf":[],"_links":{"self":[{"href":"https:\/\/oboemuebles.com\/en\/wp-json\/wp\/v2\/product\/30492","targetHints":{"allow":["GET"]}}],"collection":[{"href":"https:\/\/oboemuebles.com\/en\/wp-json\/wp\/v2\/product"}],"about":[{"href":"https:\/\/oboemuebles.com\/en\/wp-json\/wp\/v2\/types\/product"}],"replies":[{"embeddable":true,"href":"https:\/\/oboemuebles.com\/en\/wp-json\/wp\/v2\/comments?post=30492"}],"wp:featuredmedia":[{"embeddable":true,"href":"https:\/\/oboemuebles.com\/en\/wp-json\/wp\/v2\/media\/14629"}],"wp:attachment":[{"href":"https:\/\/oboemuebles.com\/en\/wp-json\/wp\/v2\/media?parent=30492"}],"wp:term":[{"taxonomy":"product_brand","embeddable":true,"href":"https:\/\/oboemuebles.com\/en\/wp-json\/wp\/v2\/product_brand?post=30492"},{"taxonomy":"product_cat","embeddable":true,"href":"https:\/\/oboemuebles.com\/en\/wp-json\/wp\/v2\/product_cat?post=30492"},{"taxonomy":"product_tag","embeddable":true,"href":"https:\/\/oboemuebles.com\/en\/wp-json\/wp\/v2\/product_tag?post=30492"}],"curies":[{"name":"wp","href":"https:\/\/api.w.org\/{rel}","templated":true}]}}