{"id":31237,"date":"2025-11-13T12:56:29","date_gmt":"2025-11-13T12:56:29","guid":{"rendered":"https:\/\/oboemuebles.com\/producto\/mr-impossible\/"},"modified":"2025-11-13T12:56:29","modified_gmt":"2025-11-13T12:56:29","slug":"mr-impossible","status":"publish","type":"product","link":"https:\/\/oboemuebles.com\/en\/producto\/mr-impossible\/","title":{"rendered":"Mr. Impossible"},"content":{"rendered":"","protected":false},"excerpt":{"rendered":"<p>Una silla muy acogedora con un dise\u00f1o org\u00e1nico que inspira comodidad, pulcritud y estilo. Mr. Impossible es la combinaci\u00f3n de dise\u00f1o sofisticado y dise\u00f1o avanzado de procesamiento de pl\u00e1stico. Asume un nuevo desaf\u00edo tecnol\u00f3gico con t\u00e9cnicas de procesamiento altamente sofisticadas que consisten en la soldadura de dos carcasas: la estructura transparente y el asiento, en una versi\u00f3n a todo color y transl\u00facida, se unen para hacerlos indestructibles y garantizar un efecto de dise\u00f1o realmente sorprendente. El sello de las dos cubiertas ovales le da al pl\u00e1stico un nuevo efecto bicolor y tridimensional porque suelda una superficie transparente y coloreada sin interrupci\u00f3n, revolucionando la percepci\u00f3n del material que se vuelve rico e hiper-tecnol\u00f3gico.    <\/p>\n","protected":false},"featured_media":9816,"comment_status":"closed","ping_status":"closed","template":"","meta":{"_acf_changed":false},"product_brand":[],"product_cat":[900,879,890,878,872],"product_tag":[928,1022],"class_list":{"0":"post-31237","1":"product","2":"type-product","3":"status-publish","4":"has-post-thumbnail","6":"product_cat-chairs-malaga-marbella","7":"product_cat-dining-room-malaga-marbella","8":"product_cat-modern-furniture","9":"product_cat-sign-livingroom-malaga-marbella","10":"product_cat-rooms-en","11":"product_tag-eugeni-quitllet","12":"product_tag-philippe-starck","13":"pa_diseno-eugeni-quitllet","14":"pa_diseno-philippe-starck","16":"first","17":"instock","18":"product-type-simple"},"acf":[],"_links":{"self":[{"href":"https:\/\/oboemuebles.com\/en\/wp-json\/wp\/v2\/product\/31237","targetHints":{"allow":["GET"]}}],"collection":[{"href":"https:\/\/oboemuebles.com\/en\/wp-json\/wp\/v2\/product"}],"about":[{"href":"https:\/\/oboemuebles.com\/en\/wp-json\/wp\/v2\/types\/product"}],"replies":[{"embeddable":true,"href":"https:\/\/oboemuebles.com\/en\/wp-json\/wp\/v2\/comments?post=31237"}],"wp:featuredmedia":[{"embeddable":true,"href":"https:\/\/oboemuebles.com\/en\/wp-json\/wp\/v2\/media\/9816"}],"wp:attachment":[{"href":"https:\/\/oboemuebles.com\/en\/wp-json\/wp\/v2\/media?parent=31237"}],"wp:term":[{"taxonomy":"product_brand","embeddable":true,"href":"https:\/\/oboemuebles.com\/en\/wp-json\/wp\/v2\/product_brand?post=31237"},{"taxonomy":"product_cat","embeddable":true,"href":"https:\/\/oboemuebles.com\/en\/wp-json\/wp\/v2\/product_cat?post=31237"},{"taxonomy":"product_tag","embeddable":true,"href":"https:\/\/oboemuebles.com\/en\/wp-json\/wp\/v2\/product_tag?post=31237"}],"curies":[{"name":"wp","href":"https:\/\/api.w.org\/{rel}","templated":true}]}}