{"id":31797,"date":"2025-11-13T11:25:20","date_gmt":"2025-11-13T11:25:20","guid":{"rendered":"https:\/\/oboemuebles.com\/producto\/betty-2\/"},"modified":"2025-11-13T11:25:20","modified_gmt":"2025-11-13T11:25:20","slug":"betty-2","status":"publish","type":"product","link":"https:\/\/oboemuebles.com\/en\/producto\/betty-2\/","title":{"rendered":"BETTY"},"content":{"rendered":"<p>Representando un dise\u00f1o honesto y minimalista, Betty es una silla cuya caracter\u00edstica principal es un elemento que a la que la mayor\u00eda de las personas no llama la atenci\u00f3n: las cintas, que generalmente se ocultan debajo del asiento. El asiento se dobla ligeramente de forma natural con su cuerpo, creando una experiencia reconfortante y relajada. Una silla que es robusta y sorprendentemente ligera, la silla Betty TK1 es perfecta para actuar como silla de comedor o incluso escritorio.  <\/p>\n","protected":false},"excerpt":{"rendered":"<p>Madera maciza y chapa forjada con opciones de asiento de cinchas de lino natural. Protectores de fieltro instalados de serie. <\/p>\n","protected":false},"featured_media":3701,"comment_status":"closed","ping_status":"closed","template":"","meta":{"_acf_changed":false},"product_brand":[],"product_cat":[900,879,890,872,909],"product_tag":[1395,1316],"class_list":{"0":"post-31797","1":"product","2":"type-product","3":"status-publish","4":"has-post-thumbnail","6":"product_cat-chairs-malaga-marbella","7":"product_cat-dining-room-malaga-marbella","8":"product_cat-modern-furniture","9":"product_cat-rooms-en","10":"product_cat-venta-online-muebles-diseno-en","11":"product_tag-jakob-thau","12":"product_tag-sami-kallio","13":"pa_diseno-jakob-thau","14":"pa_diseno-sami-kallio","16":"first","17":"instock","18":"product-type-simple"},"acf":[],"_links":{"self":[{"href":"https:\/\/oboemuebles.com\/en\/wp-json\/wp\/v2\/product\/31797","targetHints":{"allow":["GET"]}}],"collection":[{"href":"https:\/\/oboemuebles.com\/en\/wp-json\/wp\/v2\/product"}],"about":[{"href":"https:\/\/oboemuebles.com\/en\/wp-json\/wp\/v2\/types\/product"}],"replies":[{"embeddable":true,"href":"https:\/\/oboemuebles.com\/en\/wp-json\/wp\/v2\/comments?post=31797"}],"wp:featuredmedia":[{"embeddable":true,"href":"https:\/\/oboemuebles.com\/en\/wp-json\/wp\/v2\/media\/3701"}],"wp:attachment":[{"href":"https:\/\/oboemuebles.com\/en\/wp-json\/wp\/v2\/media?parent=31797"}],"wp:term":[{"taxonomy":"product_brand","embeddable":true,"href":"https:\/\/oboemuebles.com\/en\/wp-json\/wp\/v2\/product_brand?post=31797"},{"taxonomy":"product_cat","embeddable":true,"href":"https:\/\/oboemuebles.com\/en\/wp-json\/wp\/v2\/product_cat?post=31797"},{"taxonomy":"product_tag","embeddable":true,"href":"https:\/\/oboemuebles.com\/en\/wp-json\/wp\/v2\/product_tag?post=31797"}],"curies":[{"name":"wp","href":"https:\/\/api.w.org\/{rel}","templated":true}]}}