{"id":31815,"date":"2025-11-13T11:25:20","date_gmt":"2025-11-13T11:25:20","guid":{"rendered":"https:\/\/oboemuebles.com\/producto\/catch-4\/"},"modified":"2025-11-13T11:25:20","modified_gmt":"2025-11-13T11:25:20","slug":"catch-4","status":"publish","type":"product","link":"https:\/\/oboemuebles.com\/en\/producto\/catch-4\/","title":{"rendered":"CATCH"},"content":{"rendered":"<p>Catch es una silla que te recibe con los brazos abiertos.<br \/>\nLos reposabrazos se extienden desde la carcasa como extremidades. Las l\u00edneas serpentinas le otorgan una ligereza l\u00fadica y bien equilibrada que garantizan la m\u00e1xima comodidad. Ideal para uso dom\u00e9stico y comercial, la silla Catch es una pieza llamativa con un dise\u00f1o \u00fanico que proporciona un nivel \u00f3ptimo de confort y seguridad. \u00c9ste modelo fue la primera contribuci\u00f3n de Jaime Hayon a la colecci\u00f3n &amp; Tradition.   <\/p>\n","protected":false},"excerpt":{"rendered":"<p>Made of molded PU foam with CMHR foam in the front for superior comfort. Upholstered in various fabrics. The base is made of \u00d820 mm steel tubing.  <\/p>\n","protected":false},"featured_media":3737,"comment_status":"closed","ping_status":"closed","template":"","meta":{"_acf_changed":false},"product_brand":[],"product_cat":[900,879,890,881,872],"product_tag":[1224],"class_list":{"0":"post-31815","1":"product","2":"type-product","3":"status-publish","4":"has-post-thumbnail","6":"product_cat-chairs-malaga-marbella","7":"product_cat-dining-room-malaga-marbella","8":"product_cat-modern-furniture","9":"product_cat-design-office-malaga-marbella","10":"product_cat-rooms-en","11":"product_tag-jaime-hayon","12":"pa_diseno-jaime-hayon","14":"first","15":"instock","16":"product-type-simple"},"acf":[],"_links":{"self":[{"href":"https:\/\/oboemuebles.com\/en\/wp-json\/wp\/v2\/product\/31815","targetHints":{"allow":["GET"]}}],"collection":[{"href":"https:\/\/oboemuebles.com\/en\/wp-json\/wp\/v2\/product"}],"about":[{"href":"https:\/\/oboemuebles.com\/en\/wp-json\/wp\/v2\/types\/product"}],"replies":[{"embeddable":true,"href":"https:\/\/oboemuebles.com\/en\/wp-json\/wp\/v2\/comments?post=31815"}],"wp:featuredmedia":[{"embeddable":true,"href":"https:\/\/oboemuebles.com\/en\/wp-json\/wp\/v2\/media\/3737"}],"wp:attachment":[{"href":"https:\/\/oboemuebles.com\/en\/wp-json\/wp\/v2\/media?parent=31815"}],"wp:term":[{"taxonomy":"product_brand","embeddable":true,"href":"https:\/\/oboemuebles.com\/en\/wp-json\/wp\/v2\/product_brand?post=31815"},{"taxonomy":"product_cat","embeddable":true,"href":"https:\/\/oboemuebles.com\/en\/wp-json\/wp\/v2\/product_cat?post=31815"},{"taxonomy":"product_tag","embeddable":true,"href":"https:\/\/oboemuebles.com\/en\/wp-json\/wp\/v2\/product_tag?post=31815"}],"curies":[{"name":"wp","href":"https:\/\/api.w.org\/{rel}","templated":true}]}}