{"id":33365,"date":"2025-11-13T11:51:32","date_gmt":"2025-11-13T11:51:32","guid":{"rendered":"https:\/\/oboemuebles.com\/producto\/urban-ranch\/"},"modified":"2025-11-13T11:51:32","modified_gmt":"2025-11-13T11:51:32","slug":"urban-ranch","status":"publish","type":"product","link":"https:\/\/oboemuebles.com\/en\/producto\/urban-ranch\/","title":{"rendered":"URBAN RANCH"},"content":{"rendered":"<p>The asymmetrical alternation of different heights in the upper door profiles and the various material or lacquered finishes contribute to the captivating appearance of the Urban Ranch sideboard. Made entirely of solid oak, the Urban Ranch sideboard is ideal for expressing our individual creativity, as we can mix and match all our finishes. <\/p>\n","protected":false},"excerpt":{"rendered":"<p>Podemos elegir entre m\u00e1s de 30 colores disponibles, desde maderas naturales hasta los tonos m\u00e1s ecl\u00e9cticos, para darte la m\u00e1xima creatividad y realizar una pieza personalizada y \u00fanica.<\/p>\n","protected":false},"featured_media":5657,"comment_status":"closed","ping_status":"closed","template":"","meta":{"_acf_changed":false},"product_brand":[],"product_cat":[879,890,878,872,891],"product_tag":[1235],"class_list":{"0":"post-33365","1":"product","2":"type-product","3":"status-publish","4":"has-post-thumbnail","6":"product_cat-dining-room-malaga-marbella","7":"product_cat-modern-furniture","8":"product_cat-sign-livingroom-malaga-marbella","9":"product_cat-rooms-en","10":"product_cat-storage-and-sideboards-marbella-malaga","11":"product_tag-devina-nais","12":"pa_diseno-devina-nais","14":"first","15":"instock","16":"product-type-simple"},"acf":[],"_links":{"self":[{"href":"https:\/\/oboemuebles.com\/en\/wp-json\/wp\/v2\/product\/33365","targetHints":{"allow":["GET"]}}],"collection":[{"href":"https:\/\/oboemuebles.com\/en\/wp-json\/wp\/v2\/product"}],"about":[{"href":"https:\/\/oboemuebles.com\/en\/wp-json\/wp\/v2\/types\/product"}],"replies":[{"embeddable":true,"href":"https:\/\/oboemuebles.com\/en\/wp-json\/wp\/v2\/comments?post=33365"}],"wp:featuredmedia":[{"embeddable":true,"href":"https:\/\/oboemuebles.com\/en\/wp-json\/wp\/v2\/media\/5657"}],"wp:attachment":[{"href":"https:\/\/oboemuebles.com\/en\/wp-json\/wp\/v2\/media?parent=33365"}],"wp:term":[{"taxonomy":"product_brand","embeddable":true,"href":"https:\/\/oboemuebles.com\/en\/wp-json\/wp\/v2\/product_brand?post=33365"},{"taxonomy":"product_cat","embeddable":true,"href":"https:\/\/oboemuebles.com\/en\/wp-json\/wp\/v2\/product_cat?post=33365"},{"taxonomy":"product_tag","embeddable":true,"href":"https:\/\/oboemuebles.com\/en\/wp-json\/wp\/v2\/product_tag?post=33365"}],"curies":[{"name":"wp","href":"https:\/\/api.w.org\/{rel}","templated":true}]}}