{"id":33390,"date":"2025-11-13T11:50:27","date_gmt":"2025-11-13T11:50:27","guid":{"rendered":"https:\/\/oboemuebles.com\/producto\/greenwood\/"},"modified":"2025-11-13T11:50:27","modified_gmt":"2025-11-13T11:50:27","slug":"greenwood","status":"publish","type":"product","link":"https:\/\/oboemuebles.com\/en\/producto\/greenwood\/","title":{"rendered":"GREENWOOD"},"content":{"rendered":"","protected":false},"excerpt":{"rendered":"<p>En el aparador de Greenwood salen a la superficie espirales conc\u00e9ntricas de madera, creando un dise\u00f1o directamente moldeado por la naturaleza.<br \/>\nEl dise\u00f1o \u00fanico de esta pieza nos recuerda un estilo internacional y mejora la fabricaci\u00f3n exclusiva que embellece cada producto Devina Nais. We can choose from over 30 available colors, from natural colors to the most eclectic shades, to give you maximum creativity and make a personalized and unique piece.<\/p>\n","protected":false},"featured_media":5624,"comment_status":"closed","ping_status":"closed","template":"","meta":{"_acf_changed":false},"product_brand":[],"product_cat":[879,890,878,872,891],"product_tag":[1235],"class_list":{"0":"post-33390","1":"product","2":"type-product","3":"status-publish","4":"has-post-thumbnail","6":"product_cat-dining-room-malaga-marbella","7":"product_cat-modern-furniture","8":"product_cat-sign-livingroom-malaga-marbella","9":"product_cat-rooms-en","10":"product_cat-storage-and-sideboards-marbella-malaga","11":"product_tag-devina-nais","12":"pa_diseno-devina-nais","14":"first","15":"instock","16":"product-type-simple"},"acf":[],"_links":{"self":[{"href":"https:\/\/oboemuebles.com\/en\/wp-json\/wp\/v2\/product\/33390","targetHints":{"allow":["GET"]}}],"collection":[{"href":"https:\/\/oboemuebles.com\/en\/wp-json\/wp\/v2\/product"}],"about":[{"href":"https:\/\/oboemuebles.com\/en\/wp-json\/wp\/v2\/types\/product"}],"replies":[{"embeddable":true,"href":"https:\/\/oboemuebles.com\/en\/wp-json\/wp\/v2\/comments?post=33390"}],"wp:featuredmedia":[{"embeddable":true,"href":"https:\/\/oboemuebles.com\/en\/wp-json\/wp\/v2\/media\/5624"}],"wp:attachment":[{"href":"https:\/\/oboemuebles.com\/en\/wp-json\/wp\/v2\/media?parent=33390"}],"wp:term":[{"taxonomy":"product_brand","embeddable":true,"href":"https:\/\/oboemuebles.com\/en\/wp-json\/wp\/v2\/product_brand?post=33390"},{"taxonomy":"product_cat","embeddable":true,"href":"https:\/\/oboemuebles.com\/en\/wp-json\/wp\/v2\/product_cat?post=33390"},{"taxonomy":"product_tag","embeddable":true,"href":"https:\/\/oboemuebles.com\/en\/wp-json\/wp\/v2\/product_tag?post=33390"}],"curies":[{"name":"wp","href":"https:\/\/api.w.org\/{rel}","templated":true}]}}