{"id":33470,"date":"2025-11-13T16:33:52","date_gmt":"2025-11-13T16:33:52","guid":{"rendered":"https:\/\/oboemuebles.com\/producto\/master-dressing\/"},"modified":"2025-11-13T16:33:52","modified_gmt":"2025-11-13T16:33:52","slug":"master-dressing","status":"publish","type":"product","link":"https:\/\/oboemuebles.com\/en\/producto\/master-dressing\/","title":{"rendered":"Master Dressing"},"content":{"rendered":"","protected":false},"excerpt":{"rendered":"<div class=\"flex-1 overflow-hidden\">\n<div class=\"react-scroll-to-bottom--css-bqkfy-79elbk h-full\">\n<div class=\"react-scroll-to-bottom--css-bqkfy-1n7m0yu\">\n<div class=\"flex flex-col pb-9 text-sm\">\n<div class=\"w-full text-token-text-primary\" data-testid=\"conversation-turn-5\">\n<div class=\"px-4 py-2 justify-center text-base md:gap-6 m-auto\">\n<div class=\"flex flex-1 text-base mx-auto gap-3 md:px-5 lg:px-1 xl:px-5 md:max-w-3xl lg:max-w-[40rem] xl:max-w-[48rem] group final-completion\">\n<div class=\"relative flex w-full flex-col agent-turn\">\n<div class=\"flex-col gap-1 md:gap-3\">\n<div class=\"flex flex-grow flex-col max-w-full\">\n<div class=\"min-h-[20px] text-message flex flex-col items-start gap-3 whitespace-pre-wrap break-words [.text-message+&amp;]:mt-5 overflow-x-auto\" data-message-author-role=\"assistant\" data-message-id=\"4a3d98a0-19a9-4b42-8ee2-bc7827c6c6de\">\n<div class=\"markdown prose w-full break-words dark:prose-invert dark\">\n<p>El proyecto de armarios Master Dressing de Molteni contin\u00faa. Despu\u00e9s del \u00e9xito de los armarios <a href=\"https:\/\/oboemuebles.com\/muebles-diseno-decoracion-malaga-marbella\/gliss-master-molteni\/\">Gliss Master<\/a>, Vincent Van Duysen ha dise\u00f1ado Master Dressing, un nuevo sistema de vestidores empotrados que, al igual que los armarios anteriores, se caracteriza por su extrema funcionalidad y esencialidad en el dise\u00f1o. <\/p>\n<div class=\"flex flex-grow flex-col max-w-full\">\n<div class=\"min-h-[20px] text-message flex flex-col items-start gap-3 whitespace-pre-wrap break-words [.text-message+&amp;]:mt-5 overflow-x-auto\" data-message-author-role=\"assistant\" data-message-id=\"e7e1ffa6-cea2-448d-b057-f4cebc3e1f80\">\n<div class=\"markdown prose w-full break-words dark:prose-invert dark\">\n<p>Molteni&#8217;s Master Dressing wardrobe project continues. Following the success of the Gliss Master wardrobes, Vincent Van Duysen has designed Master Dressing, a new system of fitted wardrobes that, like its predecessors, is characterized by its extreme functionality and minimalist design.  <\/p>\n<\/div>\n<\/div>\n<\/div>\n<div class=\"mt-1 flex justify-start gap-3 empty:hidden\">\n<div class=\"text-xs flex items-center justify-center gap-1 self-center visible\">\n<p>The Molteni Master Dressing system allows you to design custom layouts with linear and corner solutions. A wall-mounted shelving and support system lets you hang various internal fittings, such as shelves, hanging rails, drawer units, eco-leather shelves, and tie and scarf accessories. A brand-new addition is the &#8220;Vanity&#8221; compartment, equipped with a large LED-backlit mirror.  <\/p>\n<p>The modularity and great flexibility of Molteni&#8217;s Master Design is capable of generating endless possibilities, always guaranteeing the best solution according to different needs.<\/p>\n<\/div>\n<\/div>\n<div class=\"w-full pt-2 md:pt-0 dark:border-white\/20 md:border-transparent md:dark:border-transparent md:w-[calc(100%-.5rem)]\">\n<form class=\"stretch mx-2 flex flex-row gap-3 last:mb-2 md:mx-4 md:last:mb-6 lg:mx-auto lg:max-w-2xl xl:max-w-3xl\">\n<div class=\"relative flex h-full flex-1 items-stretch md:flex-col\">\n<div class=\"flex w-full items-center\">\n<div class=\"overflow-hidden [&amp;:has(textarea:focus)]:border-token-border-xheavy [&amp;:has(textarea:focus)]:shadow-[0_2px_6px_rgba(0,0,0,.05)] flex flex-col w-full dark:border-token-border-medium flex-grow relative border border-token-border-medium dark:text-white rounded-2xl bg-token-main-surface-primary\">\n<div data-grammarly-part=\"button\">\n<div>\n<div>\n<div class=\"amkYk\">\n<div>\n<div class=\"ptGJG\"><\/div>\n<\/div>\n<\/div>\n<\/div>\n<\/div>\n<\/div>\n<\/div>\n<\/div>\n<\/div>\n<\/form>\n<\/div>\n<\/div>\n<\/div>\n<\/div>\n<\/div>\n<\/div>\n<\/div>\n<\/div>\n<\/div>\n<\/div>\n<\/div>\n<\/div>\n<\/div>\n","protected":false},"featured_media":19426,"comment_status":"closed","ping_status":"closed","template":"","meta":{"_acf_changed":false},"product_brand":[],"product_cat":[889,892,890,872],"product_tag":[934],"class_list":{"0":"post-33470","1":"product","2":"type-product","3":"status-publish","4":"has-post-thumbnail","6":"product_cat-design-bedroom-malaga-marbella","7":"product_cat-custom-made-closets-malaga-marbella-en","8":"product_cat-modern-furniture","9":"product_cat-rooms-en","10":"product_tag-vincent-van-duysen","12":"first","13":"instock","14":"product-type-simple"},"acf":[],"_links":{"self":[{"href":"https:\/\/oboemuebles.com\/en\/wp-json\/wp\/v2\/product\/33470","targetHints":{"allow":["GET"]}}],"collection":[{"href":"https:\/\/oboemuebles.com\/en\/wp-json\/wp\/v2\/product"}],"about":[{"href":"https:\/\/oboemuebles.com\/en\/wp-json\/wp\/v2\/types\/product"}],"replies":[{"embeddable":true,"href":"https:\/\/oboemuebles.com\/en\/wp-json\/wp\/v2\/comments?post=33470"}],"wp:featuredmedia":[{"embeddable":true,"href":"https:\/\/oboemuebles.com\/en\/wp-json\/wp\/v2\/media\/19426"}],"wp:attachment":[{"href":"https:\/\/oboemuebles.com\/en\/wp-json\/wp\/v2\/media?parent=33470"}],"wp:term":[{"taxonomy":"product_brand","embeddable":true,"href":"https:\/\/oboemuebles.com\/en\/wp-json\/wp\/v2\/product_brand?post=33470"},{"taxonomy":"product_cat","embeddable":true,"href":"https:\/\/oboemuebles.com\/en\/wp-json\/wp\/v2\/product_cat?post=33470"},{"taxonomy":"product_tag","embeddable":true,"href":"https:\/\/oboemuebles.com\/en\/wp-json\/wp\/v2\/product_tag?post=33470"}],"curies":[{"name":"wp","href":"https:\/\/api.w.org\/{rel}","templated":true}]}}