{"id":33768,"date":"2025-11-13T15:17:22","date_gmt":"2025-11-13T15:17:22","guid":{"rendered":"https:\/\/oboemuebles.com\/producto\/anton\/"},"modified":"2025-11-13T15:17:22","modified_gmt":"2025-11-13T15:17:22","slug":"anton","status":"publish","type":"product","link":"https:\/\/oboemuebles.com\/en\/producto\/anton\/","title":{"rendered":"ANTON"},"content":{"rendered":"<p>Una cama que se incorpora perfectamente a la filosof\u00eda de dise\u00f1o de Vincent Van Duysen, donde la esencialidad y el estudio de los materiales utilizados alcanzan una s\u00edntesis perfecta. L\u00edneas delicadas pero netas, para un equilibrio est\u00e9tico armonioso, resultado de la reducci\u00f3n de todo elemento superfluo. <\/p>\n","protected":false},"excerpt":{"rendered":"<p>Volumes are emphasized thanks to a particular type of stitching used for the headboard, the tufted style, updated with a contemporary touch. The legs are finished in pewter. The upholstery is fully removable and available in the Molteni &amp; C range of leather and textiles. Anton can be paired with a bench featuring identical frame finishes and matching upholstery.   <\/p>\n","protected":false},"featured_media":16383,"comment_status":"closed","ping_status":"closed","template":"","meta":{"_acf_changed":false},"product_brand":[],"product_cat":[889,895,890,872],"product_tag":[934],"class_list":{"0":"post-33768","1":"product","2":"type-product","3":"status-publish","4":"has-post-thumbnail","6":"product_cat-design-bedroom-malaga-marbella","7":"product_cat-beds-malaga-marbella","8":"product_cat-modern-furniture","9":"product_cat-rooms-en","10":"product_tag-vincent-van-duysen","12":"first","13":"instock","14":"product-type-simple"},"acf":[],"_links":{"self":[{"href":"https:\/\/oboemuebles.com\/en\/wp-json\/wp\/v2\/product\/33768","targetHints":{"allow":["GET"]}}],"collection":[{"href":"https:\/\/oboemuebles.com\/en\/wp-json\/wp\/v2\/product"}],"about":[{"href":"https:\/\/oboemuebles.com\/en\/wp-json\/wp\/v2\/types\/product"}],"replies":[{"embeddable":true,"href":"https:\/\/oboemuebles.com\/en\/wp-json\/wp\/v2\/comments?post=33768"}],"wp:featuredmedia":[{"embeddable":true,"href":"https:\/\/oboemuebles.com\/en\/wp-json\/wp\/v2\/media\/16383"}],"wp:attachment":[{"href":"https:\/\/oboemuebles.com\/en\/wp-json\/wp\/v2\/media?parent=33768"}],"wp:term":[{"taxonomy":"product_brand","embeddable":true,"href":"https:\/\/oboemuebles.com\/en\/wp-json\/wp\/v2\/product_brand?post=33768"},{"taxonomy":"product_cat","embeddable":true,"href":"https:\/\/oboemuebles.com\/en\/wp-json\/wp\/v2\/product_cat?post=33768"},{"taxonomy":"product_tag","embeddable":true,"href":"https:\/\/oboemuebles.com\/en\/wp-json\/wp\/v2\/product_tag?post=33768"}],"curies":[{"name":"wp","href":"https:\/\/api.w.org\/{rel}","templated":true}]}}