{"id":33785,"date":"2025-11-13T15:17:22","date_gmt":"2025-11-13T15:17:22","guid":{"rendered":"https:\/\/oboemuebles.com\/producto\/high-wave\/"},"modified":"2025-11-13T15:17:22","modified_gmt":"2025-11-13T15:17:22","slug":"high-wave","status":"publish","type":"product","link":"https:\/\/oboemuebles.com\/en\/producto\/high-wave\/","title":{"rendered":"HIGH-WAVE"},"content":{"rendered":"<p>Hannes Wettstein dise\u00f1a una arquitectura del descanso de elegancia cl\u00e1sica, sin por ello renunciar a la ergonom\u00eda del confort, caracterizada por vol\u00famenes rigurosos que logran una funcionalidad sorprendente. Cama mullida de forma cl\u00e1sica y proporciones comedidas, enriquecida por la cordonadura vertical del revestimiento del cabezal. El cabezal incorpora un mecanismo m\u00f3vil de dos posiciones que ofrece el sost\u00e9n de una posici\u00f3n de lectura c\u00f3moda. Todas las versiones de la gama Wave pueden combinarse con una estructura dotada de un contenedor amplio. Los pies son siempre en acabado cromo brillante.    <\/p>\n","protected":false},"excerpt":{"rendered":"<p>Hannes Wettstein dise\u00f1a una arquitectura del descanso de elegancia cl\u00e1sica, sin por  &#8230;<\/p>\n","protected":false},"featured_media":16388,"comment_status":"closed","ping_status":"closed","template":"","meta":{"_acf_changed":false},"product_brand":[],"product_cat":[889,895,890,872],"product_tag":[935],"class_list":{"0":"post-33785","1":"product","2":"type-product","3":"status-publish","4":"has-post-thumbnail","6":"product_cat-design-bedroom-malaga-marbella","7":"product_cat-beds-malaga-marbella","8":"product_cat-modern-furniture","9":"product_cat-rooms-en","10":"product_tag-hannes-wettstein","12":"first","13":"instock","14":"product-type-simple"},"acf":[],"_links":{"self":[{"href":"https:\/\/oboemuebles.com\/en\/wp-json\/wp\/v2\/product\/33785","targetHints":{"allow":["GET"]}}],"collection":[{"href":"https:\/\/oboemuebles.com\/en\/wp-json\/wp\/v2\/product"}],"about":[{"href":"https:\/\/oboemuebles.com\/en\/wp-json\/wp\/v2\/types\/product"}],"replies":[{"embeddable":true,"href":"https:\/\/oboemuebles.com\/en\/wp-json\/wp\/v2\/comments?post=33785"}],"wp:featuredmedia":[{"embeddable":true,"href":"https:\/\/oboemuebles.com\/en\/wp-json\/wp\/v2\/media\/16388"}],"wp:attachment":[{"href":"https:\/\/oboemuebles.com\/en\/wp-json\/wp\/v2\/media?parent=33785"}],"wp:term":[{"taxonomy":"product_brand","embeddable":true,"href":"https:\/\/oboemuebles.com\/en\/wp-json\/wp\/v2\/product_brand?post=33785"},{"taxonomy":"product_cat","embeddable":true,"href":"https:\/\/oboemuebles.com\/en\/wp-json\/wp\/v2\/product_cat?post=33785"},{"taxonomy":"product_tag","embeddable":true,"href":"https:\/\/oboemuebles.com\/en\/wp-json\/wp\/v2\/product_tag?post=33785"}],"curies":[{"name":"wp","href":"https:\/\/api.w.org\/{rel}","templated":true}]}}