{"id":33969,"date":"2025-11-13T12:27:24","date_gmt":"2025-11-13T12:27:24","guid":{"rendered":"https:\/\/oboemuebles.com\/producto\/b-air\/"},"modified":"2025-11-13T12:27:24","modified_gmt":"2025-11-13T12:27:24","slug":"b-air","status":"publish","type":"product","link":"https:\/\/oboemuebles.com\/en\/producto\/b-air\/","title":{"rendered":"B-AIR"},"content":{"rendered":"","protected":false},"excerpt":{"rendered":"<p>Colch\u00f3n que une la tecnolog\u00eda de los muelles a la del material a memoria de forma.<br \/>\nLos muelles ensacados a 7 zonas aseguran una elevada respuesta el\u00e1stica y un apoyo correcto. Los dos estratos de memoform \/ Airsense proporcionan un acogida progresiva. <\/p>\n<p>FUNDA Y ACOLCHADOS<br \/>\nLa funda lleva cremalleras en todo el per\u00edmetro, para permitir desenfundar el colch\u00f3n para el proceso de limpieza. El forro es de tejido jacquard tratado con Sanitized Actifresh que mantiene por m\u00e1s tiempo la frescura. <\/p>\n<p>ERGONOMIC BLOCK<br \/>\n1st layer: Layer H. 7 cm. viscopneumatic and visco-Airsense.<br \/>\n2nd layer: Independent pocket springs made of tempered steel in different areas<br \/>\n3rd layer: Polyurethane foam<\/p>\n","protected":false},"featured_media":8088,"comment_status":"closed","ping_status":"closed","template":"","meta":{"_acf_changed":false},"product_brand":[],"product_cat":[889,895,890],"product_tag":[],"class_list":{"0":"post-33969","1":"product","2":"type-product","3":"status-publish","4":"has-post-thumbnail","6":"product_cat-design-bedroom-malaga-marbella","7":"product_cat-beds-malaga-marbella","8":"product_cat-modern-furniture","10":"first","11":"instock","12":"product-type-simple"},"acf":[],"_links":{"self":[{"href":"https:\/\/oboemuebles.com\/en\/wp-json\/wp\/v2\/product\/33969","targetHints":{"allow":["GET"]}}],"collection":[{"href":"https:\/\/oboemuebles.com\/en\/wp-json\/wp\/v2\/product"}],"about":[{"href":"https:\/\/oboemuebles.com\/en\/wp-json\/wp\/v2\/types\/product"}],"replies":[{"embeddable":true,"href":"https:\/\/oboemuebles.com\/en\/wp-json\/wp\/v2\/comments?post=33969"}],"wp:featuredmedia":[{"embeddable":true,"href":"https:\/\/oboemuebles.com\/en\/wp-json\/wp\/v2\/media\/8088"}],"wp:attachment":[{"href":"https:\/\/oboemuebles.com\/en\/wp-json\/wp\/v2\/media?parent=33969"}],"wp:term":[{"taxonomy":"product_brand","embeddable":true,"href":"https:\/\/oboemuebles.com\/en\/wp-json\/wp\/v2\/product_brand?post=33969"},{"taxonomy":"product_cat","embeddable":true,"href":"https:\/\/oboemuebles.com\/en\/wp-json\/wp\/v2\/product_cat?post=33969"},{"taxonomy":"product_tag","embeddable":true,"href":"https:\/\/oboemuebles.com\/en\/wp-json\/wp\/v2\/product_tag?post=33969"}],"curies":[{"name":"wp","href":"https:\/\/api.w.org\/{rel}","templated":true}]}}