{"id":34256,"date":"2025-11-13T12:13:53","date_gmt":"2025-11-13T12:13:53","guid":{"rendered":"https:\/\/oboemuebles.com\/producto\/gentleman-2\/"},"modified":"2025-11-13T12:13:53","modified_gmt":"2025-11-13T12:13:53","slug":"gentleman-2","status":"publish","type":"product","link":"https:\/\/oboemuebles.com\/en\/producto\/gentleman-2\/","title":{"rendered":"GENTLEMAN"},"content":{"rendered":"","protected":false},"excerpt":{"rendered":"<p>Gentleman: ya el nombre evoca lujo, gusto, estilo y sofisticaci\u00f3n. La cama se ofrece en versi\u00f3n de matrimonio, con cabecera alta o bien baja, y en la versi\u00f3n individual exclusivamente con cabecera alta. Le da un car\u00e1cter de gran elegancia la peculiaridad del revestimiento, que prev\u00e9 una segunda cobertura acolchada para la cabecera. Otro elemento m\u00e1s de belleza es el vivo a lo largo de los bordes de la base y del per\u00edmetro de la segunda cobertura, que puede ser tono-sobre-tono o en contraste. El revestimiento de la estructura de la cama es desenfundable, la cobertura superior de la cabecera, fijada con ganchos, se puede quitar. Ambas se pueden revestir en tejido, piel o Ecopelle. Gentleman est\u00e1 disponible con base contenedor, base de lamas ajustables y base con movimientos el\u00e9ctricos      <\/p>\n","protected":false},"featured_media":7346,"comment_status":"closed","ping_status":"closed","template":"","meta":{"_acf_changed":false},"product_brand":[],"product_cat":[889,895,890],"product_tag":[1031],"class_list":{"0":"post-34256","1":"product","2":"type-product","3":"status-publish","4":"has-post-thumbnail","6":"product_cat-design-bedroom-malaga-marbella","7":"product_cat-beds-malaga-marbella","8":"product_cat-modern-furniture","9":"product_tag-carlo-colombo","10":"pa_diseno-carlo-colombo","12":"first","13":"instock","14":"product-type-simple"},"acf":[],"_links":{"self":[{"href":"https:\/\/oboemuebles.com\/en\/wp-json\/wp\/v2\/product\/34256","targetHints":{"allow":["GET"]}}],"collection":[{"href":"https:\/\/oboemuebles.com\/en\/wp-json\/wp\/v2\/product"}],"about":[{"href":"https:\/\/oboemuebles.com\/en\/wp-json\/wp\/v2\/types\/product"}],"replies":[{"embeddable":true,"href":"https:\/\/oboemuebles.com\/en\/wp-json\/wp\/v2\/comments?post=34256"}],"wp:featuredmedia":[{"embeddable":true,"href":"https:\/\/oboemuebles.com\/en\/wp-json\/wp\/v2\/media\/7346"}],"wp:attachment":[{"href":"https:\/\/oboemuebles.com\/en\/wp-json\/wp\/v2\/media?parent=34256"}],"wp:term":[{"taxonomy":"product_brand","embeddable":true,"href":"https:\/\/oboemuebles.com\/en\/wp-json\/wp\/v2\/product_brand?post=34256"},{"taxonomy":"product_cat","embeddable":true,"href":"https:\/\/oboemuebles.com\/en\/wp-json\/wp\/v2\/product_cat?post=34256"},{"taxonomy":"product_tag","embeddable":true,"href":"https:\/\/oboemuebles.com\/en\/wp-json\/wp\/v2\/product_tag?post=34256"}],"curies":[{"name":"wp","href":"https:\/\/api.w.org\/{rel}","templated":true}]}}