{"id":34272,"date":"2025-11-13T12:10:47","date_gmt":"2025-11-13T12:10:47","guid":{"rendered":"https:\/\/oboemuebles.com\/producto\/groundpiece\/"},"modified":"2025-11-13T12:10:47","modified_gmt":"2025-11-13T12:10:47","slug":"groundpiece","status":"publish","type":"product","link":"https:\/\/oboemuebles.com\/en\/producto\/groundpiece\/","title":{"rendered":"GROUNDPIECE"},"content":{"rendered":"","protected":false},"excerpt":{"rendered":"<p>La cama Groundpiece se caracteriza por un dise\u00f1o esencial, que da como resultado un cabezal y un somier bien proporcionados y con un generoso relleno, que la hace especialmente c\u00f3moda. Gracias a su sobria elegancia, la cama Groundpiece se puede colocar en cualquier estancia y puede adoptar diferentes connotaciones de estilo dependiendo de la elecci\u00f3n de la tapicer\u00eda, que puede ser de tela o de piel, y es completamente extra\u00edble. La cama Groundpiece se puede combinar con la mesita de noche del mismo nombre, caracterizada por una rigurosa estructura de metal recubierta de cuero, con compartimentos \u00fatiles para almacenar objetos.  <\/p>\n","protected":false},"featured_media":7003,"comment_status":"closed","ping_status":"closed","template":"","meta":{"_acf_changed":false},"product_brand":[],"product_cat":[889,895,890],"product_tag":[924],"class_list":{"0":"post-34272","1":"product","2":"type-product","3":"status-publish","4":"has-post-thumbnail","6":"product_cat-design-bedroom-malaga-marbella","7":"product_cat-beds-malaga-marbella","8":"product_cat-modern-furniture","9":"product_tag-antonio-citterio","10":"pa_diseno-antonio-citterio","12":"first","13":"instock","14":"product-type-simple"},"acf":[],"_links":{"self":[{"href":"https:\/\/oboemuebles.com\/en\/wp-json\/wp\/v2\/product\/34272","targetHints":{"allow":["GET"]}}],"collection":[{"href":"https:\/\/oboemuebles.com\/en\/wp-json\/wp\/v2\/product"}],"about":[{"href":"https:\/\/oboemuebles.com\/en\/wp-json\/wp\/v2\/types\/product"}],"replies":[{"embeddable":true,"href":"https:\/\/oboemuebles.com\/en\/wp-json\/wp\/v2\/comments?post=34272"}],"wp:featuredmedia":[{"embeddable":true,"href":"https:\/\/oboemuebles.com\/en\/wp-json\/wp\/v2\/media\/7003"}],"wp:attachment":[{"href":"https:\/\/oboemuebles.com\/en\/wp-json\/wp\/v2\/media?parent=34272"}],"wp:term":[{"taxonomy":"product_brand","embeddable":true,"href":"https:\/\/oboemuebles.com\/en\/wp-json\/wp\/v2\/product_brand?post=34272"},{"taxonomy":"product_cat","embeddable":true,"href":"https:\/\/oboemuebles.com\/en\/wp-json\/wp\/v2\/product_cat?post=34272"},{"taxonomy":"product_tag","embeddable":true,"href":"https:\/\/oboemuebles.com\/en\/wp-json\/wp\/v2\/product_tag?post=34272"}],"curies":[{"name":"wp","href":"https:\/\/api.w.org\/{rel}","templated":true}]}}