{"id":35547,"date":"2025-11-13T14:35:10","date_gmt":"2025-11-13T14:35:10","guid":{"rendered":"https:\/\/oboemuebles.com\/producto\/madame-cachet-suelo\/"},"modified":"2025-11-13T14:35:10","modified_gmt":"2025-11-13T14:35:10","slug":"madame-cachet-suelo","status":"publish","type":"product","link":"https:\/\/oboemuebles.com\/en\/producto\/madame-cachet-suelo\/","title":{"rendered":"MADAME CACHET SUELO"},"content":{"rendered":"<p>Madame Cachet is a knitted lamp that exudes a strong presence on its own, but can also be grouped together by mixing sizes and fabrics to create a striking ensemble. It&#8217;s an outdoor lighting collection featuring a distinctive knitted and crocheted design. Belgian designer Ilia Eckardt grew up immersed in the Belgian fashion scene, experimenting with innovative knitting techniques and waterproof rope. His globe-shaped floor lamps provide a warm, filtered light and cast beautiful shadows.   <\/p>\n","protected":false},"excerpt":{"rendered":"<p>Disponible en tres medidas, 30 &#8211; 40- 50 &#8211; La colecci\u00f3n de iluminaci\u00f3n de exteriores Monsieur Tricot dispone de la certificaci\u00f3n CE, lo que significa que puede ser distribuida en los 28 estados miembros de la EU, los pa\u00edses de la AELC (Islandia, Noruega y Liechtenstein), Macedonia, Serbia y Montenegro.<\/p>\n","protected":false},"featured_media":14520,"comment_status":"closed","ping_status":"closed","template":"","meta":{"_acf_changed":false},"product_brand":[],"product_cat":[887,890,883,920,872],"product_tag":[1453],"class_list":{"0":"post-35547","1":"product","2":"type-product","3":"status-publish","4":"has-post-thumbnail","6":"product_cat-floor-lamps-malaga-marbella","7":"product_cat-modern-furniture","8":"product_cat-lighting-malaga-marbella","9":"product_cat-design-outdoor-malaga-marbella-2","10":"product_cat-rooms-en","11":"product_tag-ilia-eckardt","12":"pa_diseno-ilia-eckardt","14":"first","15":"instock","16":"product-type-simple"},"acf":[],"_links":{"self":[{"href":"https:\/\/oboemuebles.com\/en\/wp-json\/wp\/v2\/product\/35547","targetHints":{"allow":["GET"]}}],"collection":[{"href":"https:\/\/oboemuebles.com\/en\/wp-json\/wp\/v2\/product"}],"about":[{"href":"https:\/\/oboemuebles.com\/en\/wp-json\/wp\/v2\/types\/product"}],"replies":[{"embeddable":true,"href":"https:\/\/oboemuebles.com\/en\/wp-json\/wp\/v2\/comments?post=35547"}],"wp:featuredmedia":[{"embeddable":true,"href":"https:\/\/oboemuebles.com\/en\/wp-json\/wp\/v2\/media\/14520"}],"wp:attachment":[{"href":"https:\/\/oboemuebles.com\/en\/wp-json\/wp\/v2\/media?parent=35547"}],"wp:term":[{"taxonomy":"product_brand","embeddable":true,"href":"https:\/\/oboemuebles.com\/en\/wp-json\/wp\/v2\/product_brand?post=35547"},{"taxonomy":"product_cat","embeddable":true,"href":"https:\/\/oboemuebles.com\/en\/wp-json\/wp\/v2\/product_cat?post=35547"},{"taxonomy":"product_tag","embeddable":true,"href":"https:\/\/oboemuebles.com\/en\/wp-json\/wp\/v2\/product_tag?post=35547"}],"curies":[{"name":"wp","href":"https:\/\/api.w.org\/{rel}","templated":true}]}}