{"id":35576,"date":"2025-11-13T14:35:10","date_gmt":"2025-11-13T14:35:10","guid":{"rendered":"https:\/\/oboemuebles.com\/producto\/eclipse-aluminio\/"},"modified":"2026-04-20T15:50:36","modified_gmt":"2026-04-20T15:50:36","slug":"eclipse-aluminio","status":"publish","type":"product","link":"https:\/\/oboemuebles.com\/en\/producto\/eclipse-aluminio\/","title":{"rendered":"ECLIPSE ALUMINIO"},"content":{"rendered":"","protected":false},"excerpt":{"rendered":"<p>Eclipse parasols with aluminum poles not only provide the desired coolness and shade, but also define the ambiance of your garden or patio. These designer parasols are available in different shapes: round, square, and rectangular. Aluminum parasols are especially lightweight, yet very durable and stylish. Sunbrella fabrics are weather-resistant and available in Natt\u00e9 White, Natt\u00e9 Nature Grey, and Natt\u00e9 Wenge.   <\/p>\n","protected":false},"featured_media":14571,"comment_status":"closed","ping_status":"closed","template":"","meta":{"_acf_changed":false},"product_brand":[],"product_cat":[860,890,863,920,872],"product_tag":[1331],"class_list":{"0":"post-35576","1":"product","2":"type-product","3":"status-publish","4":"has-post-thumbnail","6":"product_cat-accesories-decoration-malaga-marbella","7":"product_cat-modern-furniture","8":"product_cat-objects","9":"product_cat-design-outdoor-malaga-marbella-2","10":"product_cat-rooms-en","11":"product_tag-tribu","12":"pa_diseno-tribu","14":"first","15":"instock","16":"product-type-simple"},"acf":[],"_links":{"self":[{"href":"https:\/\/oboemuebles.com\/en\/wp-json\/wp\/v2\/product\/35576","targetHints":{"allow":["GET"]}}],"collection":[{"href":"https:\/\/oboemuebles.com\/en\/wp-json\/wp\/v2\/product"}],"about":[{"href":"https:\/\/oboemuebles.com\/en\/wp-json\/wp\/v2\/types\/product"}],"replies":[{"embeddable":true,"href":"https:\/\/oboemuebles.com\/en\/wp-json\/wp\/v2\/comments?post=35576"}],"wp:featuredmedia":[{"embeddable":true,"href":"https:\/\/oboemuebles.com\/en\/wp-json\/wp\/v2\/media\/14571"}],"wp:attachment":[{"href":"https:\/\/oboemuebles.com\/en\/wp-json\/wp\/v2\/media?parent=35576"}],"wp:term":[{"taxonomy":"product_brand","embeddable":true,"href":"https:\/\/oboemuebles.com\/en\/wp-json\/wp\/v2\/product_brand?post=35576"},{"taxonomy":"product_cat","embeddable":true,"href":"https:\/\/oboemuebles.com\/en\/wp-json\/wp\/v2\/product_cat?post=35576"},{"taxonomy":"product_tag","embeddable":true,"href":"https:\/\/oboemuebles.com\/en\/wp-json\/wp\/v2\/product_tag?post=35576"}],"curies":[{"name":"wp","href":"https:\/\/api.w.org\/{rel}","templated":true}]}}