{"id":35677,"date":"2025-11-13T13:00:33","date_gmt":"2025-11-13T13:00:33","guid":{"rendered":"https:\/\/oboemuebles.com\/producto\/outdoor-induction-cooktop\/"},"modified":"2025-11-13T13:00:33","modified_gmt":"2025-11-13T13:00:33","slug":"outdoor-induction-cooktop","status":"publish","type":"product","link":"https:\/\/oboemuebles.com\/en\/producto\/outdoor-induction-cooktop\/","title":{"rendered":"OUTDOOR INDUCTION COOKTOP"},"content":{"rendered":"","protected":false},"excerpt":{"rendered":"<p>Esta cocina de inducci\u00f3n dise\u00f1ada por el equipo de Kettal, est\u00e1 fabricada en aluminio, aunque tambi\u00e9n podemos elegir los frentes de las puertas en Teka. Cuenta con todas las conexiones de agua, grifo, desag\u00fce, calentador de agua y electricidad. Viene de serie con una placa vitrocer\u00e1mica est\u00e1 preparada para incluir una nevera o una bodega. La encimera de Ceppo di Gre se cierra completamente mediante paneles m\u00f3viles.   <\/p>\n<p>We can choose the kitchen in any of the 30 aluminum colors from the Kettal color chart, and different colors can be combined on the sliding doors, and in three colors from Ceppo di Gre.<\/p>\n<p>The collection is completed with an optional auxiliary cart, made of the same materials, which serves as a support table in the kitchen, and also for transporting and storing.<\/p>\n<p>Because spaces come alive through the objects that compose them, Kettal has developed a wide range of exterior decoration and design products.<\/p>\n","protected":false},"featured_media":10065,"comment_status":"closed","ping_status":"closed","template":"","meta":{"_acf_changed":false},"product_brand":[],"product_cat":[890,871,920,872],"product_tag":[1354],"class_list":{"0":"post-35677","1":"product","2":"type-product","3":"status-publish","4":"has-post-thumbnail","6":"product_cat-modern-furniture","7":"product_cat-kitchens-in-malaga-marbella","8":"product_cat-design-outdoor-malaga-marbella-2","9":"product_cat-rooms-en","10":"product_tag-konstantin-grcic","11":"pa_diseno-konstantin-grcic","13":"first","14":"instock","15":"product-type-simple"},"acf":[],"_links":{"self":[{"href":"https:\/\/oboemuebles.com\/en\/wp-json\/wp\/v2\/product\/35677","targetHints":{"allow":["GET"]}}],"collection":[{"href":"https:\/\/oboemuebles.com\/en\/wp-json\/wp\/v2\/product"}],"about":[{"href":"https:\/\/oboemuebles.com\/en\/wp-json\/wp\/v2\/types\/product"}],"replies":[{"embeddable":true,"href":"https:\/\/oboemuebles.com\/en\/wp-json\/wp\/v2\/comments?post=35677"}],"wp:featuredmedia":[{"embeddable":true,"href":"https:\/\/oboemuebles.com\/en\/wp-json\/wp\/v2\/media\/10065"}],"wp:attachment":[{"href":"https:\/\/oboemuebles.com\/en\/wp-json\/wp\/v2\/media?parent=35677"}],"wp:term":[{"taxonomy":"product_brand","embeddable":true,"href":"https:\/\/oboemuebles.com\/en\/wp-json\/wp\/v2\/product_brand?post=35677"},{"taxonomy":"product_cat","embeddable":true,"href":"https:\/\/oboemuebles.com\/en\/wp-json\/wp\/v2\/product_cat?post=35677"},{"taxonomy":"product_tag","embeddable":true,"href":"https:\/\/oboemuebles.com\/en\/wp-json\/wp\/v2\/product_tag?post=35677"}],"curies":[{"name":"wp","href":"https:\/\/api.w.org\/{rel}","templated":true}]}}