{"id":35760,"date":"2025-11-13T12:58:40","date_gmt":"2025-11-13T12:58:40","guid":{"rendered":"https:\/\/oboemuebles.com\/producto\/landscape-4\/"},"modified":"2025-11-13T12:58:40","modified_gmt":"2025-11-13T12:58:40","slug":"landscape-4","status":"publish","type":"product","link":"https:\/\/oboemuebles.com\/en\/producto\/landscape-4\/","title":{"rendered":"LANDSCAPE"},"content":{"rendered":"","protected":false},"excerpt":{"rendered":"<p>Hamaca plegable en 4 posiciones de la colecci\u00f3n Landscape dise\u00f1ada por Kettal Studio. Recurre a formas arquitect\u00f3nicas modernas que pondr\u00e1n en valor la naturaleza de los entornos exteriores. Un sistema muy completo que se compone de \u201cdaybeds\u201d, p\u00e9rgolas totalmente configurables y muebles de aluminio personalizables que se integrar\u00e1n perfectamente en entornos naturales. La calidad del nuevo tejido estructurado Natte, el volumen y confort de de las confecci\u00f3n es as\u00ed como la modernidad de sus proporciones le confieren un aspecto elegante.   <\/p>\n","protected":false},"featured_media":9979,"comment_status":"closed","ping_status":"closed","template":"","meta":{"_acf_changed":false},"product_brand":[],"product_cat":[890,904,920,872],"product_tag":[1027],"class_list":{"0":"post-35760","1":"product","2":"type-product","3":"status-publish","4":"has-post-thumbnail","6":"product_cat-modern-furniture","7":"product_cat-lounge-bed-outdoor-malaga-marbella","8":"product_cat-design-outdoor-malaga-marbella-2","9":"product_cat-rooms-en","10":"product_tag-equipo-kettal","11":"pa_diseno-equipo-kettal","13":"first","14":"instock","15":"product-type-simple"},"acf":[],"_links":{"self":[{"href":"https:\/\/oboemuebles.com\/en\/wp-json\/wp\/v2\/product\/35760","targetHints":{"allow":["GET"]}}],"collection":[{"href":"https:\/\/oboemuebles.com\/en\/wp-json\/wp\/v2\/product"}],"about":[{"href":"https:\/\/oboemuebles.com\/en\/wp-json\/wp\/v2\/types\/product"}],"replies":[{"embeddable":true,"href":"https:\/\/oboemuebles.com\/en\/wp-json\/wp\/v2\/comments?post=35760"}],"wp:featuredmedia":[{"embeddable":true,"href":"https:\/\/oboemuebles.com\/en\/wp-json\/wp\/v2\/media\/9979"}],"wp:attachment":[{"href":"https:\/\/oboemuebles.com\/en\/wp-json\/wp\/v2\/media?parent=35760"}],"wp:term":[{"taxonomy":"product_brand","embeddable":true,"href":"https:\/\/oboemuebles.com\/en\/wp-json\/wp\/v2\/product_brand?post=35760"},{"taxonomy":"product_cat","embeddable":true,"href":"https:\/\/oboemuebles.com\/en\/wp-json\/wp\/v2\/product_cat?post=35760"},{"taxonomy":"product_tag","embeddable":true,"href":"https:\/\/oboemuebles.com\/en\/wp-json\/wp\/v2\/product_tag?post=35760"}],"curies":[{"name":"wp","href":"https:\/\/api.w.org\/{rel}","templated":true}]}}