{"id":35771,"date":"2025-11-13T12:56:29","date_gmt":"2025-11-13T12:56:29","guid":{"rendered":"https:\/\/oboemuebles.com\/producto\/mini-kabuki\/"},"modified":"2025-11-13T12:56:29","modified_gmt":"2025-11-13T12:56:29","slug":"mini-kabuki","status":"publish","type":"product","link":"https:\/\/oboemuebles.com\/en\/producto\/mini-kabuki\/","title":{"rendered":"Mini Kabuki"},"content":{"rendered":"","protected":false},"excerpt":{"rendered":"<p>Versi\u00f3n mini de la l\u00e1mpara en pol\u00edmero termopl\u00e1stico complejo, con la caracter\u00edstica superficie perforada por donde se difunde la luz.<\/p>\n","protected":false},"featured_media":9784,"comment_status":"closed","ping_status":"closed","template":"","meta":{"_acf_changed":false},"product_brand":[],"product_cat":[883,878,920,872,886,876],"product_tag":[936],"class_list":{"0":"post-35771","1":"product","2":"type-product","3":"status-publish","4":"has-post-thumbnail","6":"product_cat-lighting-malaga-marbella","7":"product_cat-sign-livingroom-malaga-marbella","8":"product_cat-design-outdoor-malaga-marbella-2","9":"product_cat-rooms-en","10":"product_cat-table-lamps-malaga-marbella","11":"product_cat-design-terrace-malaga-marbella","12":"product_tag-ferruccio-laviani","13":"pa_diseno-ferruccio-laviani","15":"first","16":"instock","17":"product-type-simple"},"acf":[],"_links":{"self":[{"href":"https:\/\/oboemuebles.com\/en\/wp-json\/wp\/v2\/product\/35771","targetHints":{"allow":["GET"]}}],"collection":[{"href":"https:\/\/oboemuebles.com\/en\/wp-json\/wp\/v2\/product"}],"about":[{"href":"https:\/\/oboemuebles.com\/en\/wp-json\/wp\/v2\/types\/product"}],"replies":[{"embeddable":true,"href":"https:\/\/oboemuebles.com\/en\/wp-json\/wp\/v2\/comments?post=35771"}],"wp:featuredmedia":[{"embeddable":true,"href":"https:\/\/oboemuebles.com\/en\/wp-json\/wp\/v2\/media\/9784"}],"wp:attachment":[{"href":"https:\/\/oboemuebles.com\/en\/wp-json\/wp\/v2\/media?parent=35771"}],"wp:term":[{"taxonomy":"product_brand","embeddable":true,"href":"https:\/\/oboemuebles.com\/en\/wp-json\/wp\/v2\/product_brand?post=35771"},{"taxonomy":"product_cat","embeddable":true,"href":"https:\/\/oboemuebles.com\/en\/wp-json\/wp\/v2\/product_cat?post=35771"},{"taxonomy":"product_tag","embeddable":true,"href":"https:\/\/oboemuebles.com\/en\/wp-json\/wp\/v2\/product_tag?post=35771"}],"curies":[{"name":"wp","href":"https:\/\/api.w.org\/{rel}","templated":true}]}}