{"id":35780,"date":"2025-11-13T12:56:29","date_gmt":"2025-11-13T12:56:29","guid":{"rendered":"https:\/\/oboemuebles.com\/producto\/take\/"},"modified":"2025-11-13T12:56:29","modified_gmt":"2025-11-13T12:56:29","slug":"take","status":"publish","type":"product","link":"https:\/\/oboemuebles.com\/en\/producto\/take\/","title":{"rendered":"Take"},"content":{"rendered":"","protected":false},"excerpt":{"rendered":"<p>La imagen cl\u00e1sica de la l\u00e1mpara de cabecera ha sido revisada por la tecnolog\u00eda Kartell y transformada en un producto industrial. Hecho de policarbonato inyectado transparente o coloreado, Take est\u00e1 disponible en varios tonos crom\u00e1ticos. La forma proviene de la uni\u00f3n de dos partes sim\u00e9tricas unidas: dos placas planas, rectangulares y bidimensionales, cada una de las cuales asume la forma y el volumen de una media l\u00e1mpara. El pliegue interno de la pantalla de la l\u00e1mpara embellece el art\u00edculo, creando un juego de luces cuando se enciende. La \u00f3ptima relaci\u00f3n calidad-precio y el embalaje perfecto para un producto de efectivo y transporte lo convierten en una excelente idea de regalo.    <\/p>\n","protected":false},"featured_media":9839,"comment_status":"closed","ping_status":"closed","template":"","meta":{"_acf_changed":false},"product_brand":[],"product_cat":[883,878,920,872,886,876],"product_tag":[936],"class_list":{"0":"post-35780","1":"product","2":"type-product","3":"status-publish","4":"has-post-thumbnail","6":"product_cat-lighting-malaga-marbella","7":"product_cat-sign-livingroom-malaga-marbella","8":"product_cat-design-outdoor-malaga-marbella-2","9":"product_cat-rooms-en","10":"product_cat-table-lamps-malaga-marbella","11":"product_cat-design-terrace-malaga-marbella","12":"product_tag-ferruccio-laviani","13":"pa_diseno-ferruccio-laviani","15":"first","16":"instock","17":"product-type-simple"},"acf":[],"_links":{"self":[{"href":"https:\/\/oboemuebles.com\/en\/wp-json\/wp\/v2\/product\/35780","targetHints":{"allow":["GET"]}}],"collection":[{"href":"https:\/\/oboemuebles.com\/en\/wp-json\/wp\/v2\/product"}],"about":[{"href":"https:\/\/oboemuebles.com\/en\/wp-json\/wp\/v2\/types\/product"}],"replies":[{"embeddable":true,"href":"https:\/\/oboemuebles.com\/en\/wp-json\/wp\/v2\/comments?post=35780"}],"wp:featuredmedia":[{"embeddable":true,"href":"https:\/\/oboemuebles.com\/en\/wp-json\/wp\/v2\/media\/9839"}],"wp:attachment":[{"href":"https:\/\/oboemuebles.com\/en\/wp-json\/wp\/v2\/media?parent=35780"}],"wp:term":[{"taxonomy":"product_brand","embeddable":true,"href":"https:\/\/oboemuebles.com\/en\/wp-json\/wp\/v2\/product_brand?post=35780"},{"taxonomy":"product_cat","embeddable":true,"href":"https:\/\/oboemuebles.com\/en\/wp-json\/wp\/v2\/product_cat?post=35780"},{"taxonomy":"product_tag","embeddable":true,"href":"https:\/\/oboemuebles.com\/en\/wp-json\/wp\/v2\/product_tag?post=35780"}],"curies":[{"name":"wp","href":"https:\/\/api.w.org\/{rel}","templated":true}]}}