{"id":35791,"date":"2025-11-13T12:43:59","date_gmt":"2025-11-13T12:43:59","guid":{"rendered":"https:\/\/oboemuebles.com\/producto\/garden-layers-checks\/"},"modified":"2025-11-13T12:43:59","modified_gmt":"2025-11-13T12:43:59","slug":"garden-layers-checks","status":"publish","type":"product","link":"https:\/\/oboemuebles.com\/en\/producto\/garden-layers-checks\/","title":{"rendered":"GARDEN LAYERS CHECKS"},"content":{"rendered":"<p>La colecci\u00f3n Garden Layers, elaborada con materiales y tejidos especiales para un uso en ambientes exteriores, est\u00e1 compuesta por colchonetas, rulos, cojines, camas y mesas auxiliares. Fabricada en telares mec\u00e1nicos con agradables fibras de polipropileno al tacto, con distintos dise\u00f1os y tonos de colores. Por su corte neutro, encaja con cualquier otro tejido de Garden Layers \u2013aunque todos los modelos de esta colecci\u00f3n est\u00e1n dise\u00f1ados para que armonicen entre s\u00ed. La idea es jugar a combinar tejidos diferentes a modo de capas (de ah\u00ed, el nombre de la colecci\u00f3n). En particular, este modelo encaja especialmente bien con las colchonetas peque\u00f1as Checks, los rulos grandes Diagonal en un tono claro, los cojines grandes Diagonal en tejidos oscuros, las Indian beds dobles Gofre y las mesitas auxiliares de menor tama\u00f1o.    <\/p>\n","protected":false},"excerpt":{"rendered":"<p>Composici\u00f3n de obras: 100% Polypropilene<br \/>\nManufacturing technique: HAND LOOM \/ POWER LOOM<\/p>\n","protected":false},"featured_media":9045,"comment_status":"closed","ping_status":"closed","template":"","meta":{"_acf_changed":false},"product_brand":[],"product_cat":[860,890,920,872,867,865],"product_tag":[931],"class_list":{"0":"post-35791","1":"product","2":"type-product","3":"status-publish","4":"has-post-thumbnail","6":"product_cat-accesories-decoration-malaga-marbella","7":"product_cat-modern-furniture","8":"product_cat-design-outdoor-malaga-marbella-2","9":"product_cat-rooms-en","10":"product_cat-rugs","11":"product_cat-textile-decor","12":"product_tag-patricia-urquiola","13":"pa_diseno-patricia-urquiola","15":"first","16":"instock","17":"product-type-simple"},"acf":[],"_links":{"self":[{"href":"https:\/\/oboemuebles.com\/en\/wp-json\/wp\/v2\/product\/35791","targetHints":{"allow":["GET"]}}],"collection":[{"href":"https:\/\/oboemuebles.com\/en\/wp-json\/wp\/v2\/product"}],"about":[{"href":"https:\/\/oboemuebles.com\/en\/wp-json\/wp\/v2\/types\/product"}],"replies":[{"embeddable":true,"href":"https:\/\/oboemuebles.com\/en\/wp-json\/wp\/v2\/comments?post=35791"}],"wp:featuredmedia":[{"embeddable":true,"href":"https:\/\/oboemuebles.com\/en\/wp-json\/wp\/v2\/media\/9045"}],"wp:attachment":[{"href":"https:\/\/oboemuebles.com\/en\/wp-json\/wp\/v2\/media?parent=35791"}],"wp:term":[{"taxonomy":"product_brand","embeddable":true,"href":"https:\/\/oboemuebles.com\/en\/wp-json\/wp\/v2\/product_brand?post=35791"},{"taxonomy":"product_cat","embeddable":true,"href":"https:\/\/oboemuebles.com\/en\/wp-json\/wp\/v2\/product_cat?post=35791"},{"taxonomy":"product_tag","embeddable":true,"href":"https:\/\/oboemuebles.com\/en\/wp-json\/wp\/v2\/product_tag?post=35791"}],"curies":[{"name":"wp","href":"https:\/\/api.w.org\/{rel}","templated":true}]}}