{"id":35876,"date":"2025-11-13T12:28:37","date_gmt":"2025-11-13T12:28:37","guid":{"rendered":"https:\/\/oboemuebles.com\/producto\/gregg-terra-outdoor\/"},"modified":"2025-11-13T12:28:37","modified_gmt":"2025-11-13T12:28:37","slug":"gregg-terra-outdoor","status":"publish","type":"product","link":"https:\/\/oboemuebles.com\/en\/producto\/gregg-terra-outdoor\/","title":{"rendered":"GREGG TERRA OUTDOOR"},"content":{"rendered":"","protected":false},"excerpt":{"rendered":"<p>Fruto de una inspiraci\u00f3n natural y una profunda investigaci\u00f3n, la forma de Gregg recuerda un gran cuenco alisado por el agua, o un huevo de un animal mitol\u00f3gico, s\u00edmbolo de creaci\u00f3n y regeneraci\u00f3n. Realizada en polietileno, material ligero pero resistente a los golpes y a los agentes atmosf\u00e9ricos, Outdoor Gregg se encuentra disponible en las versiones de soporte y de suspensi\u00f3n, en tres tama\u00f1os: medio, grande y extragrande, para integrarse en cualquier situaci\u00f3n y para crear composiciones libres, jugando entre tama\u00f1os y alturas distintas. M\u00faltiples las posibilidades, doble la emoci\u00f3n: de d\u00eda con una forma org\u00e1nica y pura, de noche con una c\u00e1lida luminosidad. Outdoor Gregg, decoraci\u00f3n e iluminaci\u00f3n al mismo tiempo, se presta a caracterizar diversas situaciones: una terraza cubierta, un pabell\u00f3n en el jard\u00edn, un patio, as\u00ed como un ambiente para vivir al aire libre, expresando un estilo de vida que busca una nueva y refinada relaci\u00f3n entre el dise\u00f1o, la naturaleza y la arquitectura.   <\/p>\n","protected":false},"featured_media":8119,"comment_status":"closed","ping_status":"closed","template":"","meta":{"_acf_changed":false},"product_brand":[],"product_cat":[887,883,920,872,876],"product_tag":[1301,1302],"class_list":{"0":"post-35876","1":"product","2":"type-product","3":"status-publish","4":"has-post-thumbnail","6":"product_cat-floor-lamps-malaga-marbella","7":"product_cat-lighting-malaga-marbella","8":"product_cat-design-outdoor-malaga-marbella-2","9":"product_cat-rooms-en","10":"product_cat-design-terrace-malaga-marbella","11":"product_tag-ludovica-serafini","12":"product_tag-roberto-palomba","13":"pa_diseno-ludovica-serafini","14":"pa_diseno-roberto-palomba","16":"first","17":"instock","18":"product-type-simple"},"acf":[],"_links":{"self":[{"href":"https:\/\/oboemuebles.com\/en\/wp-json\/wp\/v2\/product\/35876","targetHints":{"allow":["GET"]}}],"collection":[{"href":"https:\/\/oboemuebles.com\/en\/wp-json\/wp\/v2\/product"}],"about":[{"href":"https:\/\/oboemuebles.com\/en\/wp-json\/wp\/v2\/types\/product"}],"replies":[{"embeddable":true,"href":"https:\/\/oboemuebles.com\/en\/wp-json\/wp\/v2\/comments?post=35876"}],"wp:featuredmedia":[{"embeddable":true,"href":"https:\/\/oboemuebles.com\/en\/wp-json\/wp\/v2\/media\/8119"}],"wp:attachment":[{"href":"https:\/\/oboemuebles.com\/en\/wp-json\/wp\/v2\/media?parent=35876"}],"wp:term":[{"taxonomy":"product_brand","embeddable":true,"href":"https:\/\/oboemuebles.com\/en\/wp-json\/wp\/v2\/product_brand?post=35876"},{"taxonomy":"product_cat","embeddable":true,"href":"https:\/\/oboemuebles.com\/en\/wp-json\/wp\/v2\/product_cat?post=35876"},{"taxonomy":"product_tag","embeddable":true,"href":"https:\/\/oboemuebles.com\/en\/wp-json\/wp\/v2\/product_tag?post=35876"}],"curies":[{"name":"wp","href":"https:\/\/api.w.org\/{rel}","templated":true}]}}