{"id":35889,"date":"2025-11-13T12:28:37","date_gmt":"2025-11-13T12:28:37","guid":{"rendered":"https:\/\/oboemuebles.com\/producto\/twiggy-gridlettura-outdoor\/"},"modified":"2025-11-13T12:28:37","modified_gmt":"2025-11-13T12:28:37","slug":"twiggy-gridlettura-outdoor","status":"publish","type":"product","link":"https:\/\/oboemuebles.com\/en\/producto\/twiggy-gridlettura-outdoor\/","title":{"rendered":"TWIGGY GRIDLETTURA OUTDOOR"},"content":{"rendered":"<p>La pasi\u00f3n de Foscarini y Marc Sadler por la investigaci\u00f3n de las nuevas tecnolog\u00edas ha dado vida a proyectos muy ic\u00f3nicos, como Twiggy, poste con forma de arco en material compuesto sobre base de fibra de vidrio esmaltado. Para el uso en exteriores el proyecto fue completamente redise\u00f1ado en la parte t\u00e9cnica de la iluminaci\u00f3n y en la est\u00e9tica del difusor, que en la versi\u00f3n exterior de Grid es entrelazado. Las versiones de lectura y de mesa resaltan por su exitosa s\u00edntesis entre la sencillez de la forma y la marcada personalidad: tienen el mismo difusor y la misma base del poste, pero el asta se desarrolla en vertical.  <\/p>\n","protected":false},"excerpt":{"rendered":"<p>L\u00e1mpara de pie de exterior de luz directa hacia abajo. Difusor y poste en material composite sobre base de fibra de vidrio pintado con l\u00edquido. El difusor est\u00e1 hecho de tiras de material compuesto modeladas manualmente sobre el molde, las cintas superpuestas crean la superficie trenzada que sucesivamente se pinta a mano. Los bordes inferiores y superiores cuentan con una vuelta de cinta m\u00e1s para completar el difusor. En el centro, una placa en PMMA transparente con incisiones en l\u00e1ser, captura y difunde la luz que proviene de los LED multi chip que se encuentran instalados en el per\u00edmetro de la estructura en aluminio que hace las veces de disipador.    <\/p>\n","protected":false},"featured_media":8132,"comment_status":"closed","ping_status":"closed","template":"","meta":{"_acf_changed":false},"product_brand":[],"product_cat":[887,883,920,872,876],"product_tag":[1459],"class_list":{"0":"post-35889","1":"product","2":"type-product","3":"status-publish","4":"has-post-thumbnail","6":"product_cat-floor-lamps-malaga-marbella","7":"product_cat-lighting-malaga-marbella","8":"product_cat-design-outdoor-malaga-marbella-2","9":"product_cat-rooms-en","10":"product_cat-design-terrace-malaga-marbella","11":"product_tag-marc-sadler","12":"pa_diseno-marc-sadler","14":"first","15":"instock","16":"product-type-simple"},"acf":[],"_links":{"self":[{"href":"https:\/\/oboemuebles.com\/en\/wp-json\/wp\/v2\/product\/35889","targetHints":{"allow":["GET"]}}],"collection":[{"href":"https:\/\/oboemuebles.com\/en\/wp-json\/wp\/v2\/product"}],"about":[{"href":"https:\/\/oboemuebles.com\/en\/wp-json\/wp\/v2\/types\/product"}],"replies":[{"embeddable":true,"href":"https:\/\/oboemuebles.com\/en\/wp-json\/wp\/v2\/comments?post=35889"}],"wp:featuredmedia":[{"embeddable":true,"href":"https:\/\/oboemuebles.com\/en\/wp-json\/wp\/v2\/media\/8132"}],"wp:attachment":[{"href":"https:\/\/oboemuebles.com\/en\/wp-json\/wp\/v2\/media?parent=35889"}],"wp:term":[{"taxonomy":"product_brand","embeddable":true,"href":"https:\/\/oboemuebles.com\/en\/wp-json\/wp\/v2\/product_brand?post=35889"},{"taxonomy":"product_cat","embeddable":true,"href":"https:\/\/oboemuebles.com\/en\/wp-json\/wp\/v2\/product_cat?post=35889"},{"taxonomy":"product_tag","embeddable":true,"href":"https:\/\/oboemuebles.com\/en\/wp-json\/wp\/v2\/product_tag?post=35889"}],"curies":[{"name":"wp","href":"https:\/\/api.w.org\/{rel}","templated":true}]}}