{"id":35965,"date":"2025-11-13T11:50:27","date_gmt":"2025-11-13T11:50:27","guid":{"rendered":"https:\/\/oboemuebles.com\/producto\/the-others-colgante-m\/"},"modified":"2025-11-13T11:50:27","modified_gmt":"2025-11-13T11:50:27","slug":"the-others-colgante-m","status":"publish","type":"product","link":"https:\/\/oboemuebles.com\/en\/producto\/the-others-colgante-m\/","title":{"rendered":"THE OTHERS colgante M"},"content":{"rendered":"","protected":false},"excerpt":{"rendered":"<p>Conozca THE OTHERS, una colecci\u00f3n de faroles antropom\u00f3rficos que se aventura dentro del arte decorativo. L\u00fadica, llena de color, escultural y sofisticada: as\u00ed es la colecci\u00f3n THE OTHERS, compuesta por una serie de faroles trenzados a mano que se presentan individualmente o en forma de apilamientos tot\u00e9micos asumiendo el aspecto de personajes iluminados. Sus dos ojos acr\u00edlicos, disponibles como accesorio, devuelven la mirada al espectador con humor, curiosidad e incluso una cierta travesura.  <\/p>\n","protected":false},"featured_media":5558,"comment_status":"closed","ping_status":"closed","template":"","meta":{"_acf_changed":false},"product_brand":[],"product_cat":[887,883,920,885,872,886],"product_tag":[1061],"class_list":{"0":"post-35965","1":"product","2":"type-product","3":"status-publish","4":"has-post-thumbnail","6":"product_cat-floor-lamps-malaga-marbella","7":"product_cat-lighting-malaga-marbella","8":"product_cat-design-outdoor-malaga-marbella-2","9":"product_cat-pendant-lamp-malaga-marbella","10":"product_cat-rooms-en","11":"product_cat-table-lamps-malaga-marbella","12":"product_tag-stephen-burks","13":"pa_diseno-stephen-burks","15":"first","16":"instock","17":"product-type-simple"},"acf":[],"_links":{"self":[{"href":"https:\/\/oboemuebles.com\/en\/wp-json\/wp\/v2\/product\/35965","targetHints":{"allow":["GET"]}}],"collection":[{"href":"https:\/\/oboemuebles.com\/en\/wp-json\/wp\/v2\/product"}],"about":[{"href":"https:\/\/oboemuebles.com\/en\/wp-json\/wp\/v2\/types\/product"}],"replies":[{"embeddable":true,"href":"https:\/\/oboemuebles.com\/en\/wp-json\/wp\/v2\/comments?post=35965"}],"wp:featuredmedia":[{"embeddable":true,"href":"https:\/\/oboemuebles.com\/en\/wp-json\/wp\/v2\/media\/5558"}],"wp:attachment":[{"href":"https:\/\/oboemuebles.com\/en\/wp-json\/wp\/v2\/media?parent=35965"}],"wp:term":[{"taxonomy":"product_brand","embeddable":true,"href":"https:\/\/oboemuebles.com\/en\/wp-json\/wp\/v2\/product_brand?post=35965"},{"taxonomy":"product_cat","embeddable":true,"href":"https:\/\/oboemuebles.com\/en\/wp-json\/wp\/v2\/product_cat?post=35965"},{"taxonomy":"product_tag","embeddable":true,"href":"https:\/\/oboemuebles.com\/en\/wp-json\/wp\/v2\/product_tag?post=35965"}],"curies":[{"name":"wp","href":"https:\/\/api.w.org\/{rel}","templated":true}]}}