{"id":35977,"date":"2025-11-13T11:50:27","date_gmt":"2025-11-13T11:50:27","guid":{"rendered":"https:\/\/oboemuebles.com\/producto\/estatua-jama\/"},"modified":"2025-11-13T11:50:27","modified_gmt":"2025-11-13T11:50:27","slug":"estatua-jama","status":"publish","type":"product","link":"https:\/\/oboemuebles.com\/en\/producto\/estatua-jama\/","title":{"rendered":"ESTATUA JAMA"},"content":{"rendered":"","protected":false},"excerpt":{"rendered":"<p>Conozca THE OTHERS, una colecci\u00f3n de faroles antropom\u00f3rficos que se aventura dentro del arte decorativo. L\u00fadica, llena de color, escultural y sofisticada: as\u00ed es la colecci\u00f3n THE OTHERS, compuesta por una serie de faroles trenzados a mano que se presentan individualmente o en forma de apilamientos tot\u00e9micos asumiendo el aspecto de personajes iluminados. Sus dos ojos acr\u00edlicos, disponibles como accesorio, devuelven la mirada al espectador con humor, curiosidad e incluso una cierta travesura.  <\/p>\n","protected":false},"featured_media":5570,"comment_status":"closed","ping_status":"closed","template":"","meta":{"_acf_changed":false},"product_brand":[],"product_cat":[860,887,883,863,920,872],"product_tag":[1061],"class_list":{"0":"post-35977","1":"product","2":"type-product","3":"status-publish","4":"has-post-thumbnail","6":"product_cat-accesories-decoration-malaga-marbella","7":"product_cat-floor-lamps-malaga-marbella","8":"product_cat-lighting-malaga-marbella","9":"product_cat-objects","10":"product_cat-design-outdoor-malaga-marbella-2","11":"product_cat-rooms-en","12":"product_tag-stephen-burks","13":"pa_diseno-stephen-burks","15":"first","16":"instock","17":"product-type-simple"},"acf":[],"_links":{"self":[{"href":"https:\/\/oboemuebles.com\/en\/wp-json\/wp\/v2\/product\/35977","targetHints":{"allow":["GET"]}}],"collection":[{"href":"https:\/\/oboemuebles.com\/en\/wp-json\/wp\/v2\/product"}],"about":[{"href":"https:\/\/oboemuebles.com\/en\/wp-json\/wp\/v2\/types\/product"}],"replies":[{"embeddable":true,"href":"https:\/\/oboemuebles.com\/en\/wp-json\/wp\/v2\/comments?post=35977"}],"wp:featuredmedia":[{"embeddable":true,"href":"https:\/\/oboemuebles.com\/en\/wp-json\/wp\/v2\/media\/5570"}],"wp:attachment":[{"href":"https:\/\/oboemuebles.com\/en\/wp-json\/wp\/v2\/media?parent=35977"}],"wp:term":[{"taxonomy":"product_brand","embeddable":true,"href":"https:\/\/oboemuebles.com\/en\/wp-json\/wp\/v2\/product_brand?post=35977"},{"taxonomy":"product_cat","embeddable":true,"href":"https:\/\/oboemuebles.com\/en\/wp-json\/wp\/v2\/product_cat?post=35977"},{"taxonomy":"product_tag","embeddable":true,"href":"https:\/\/oboemuebles.com\/en\/wp-json\/wp\/v2\/product_tag?post=35977"}],"curies":[{"name":"wp","href":"https:\/\/api.w.org\/{rel}","templated":true}]}}