{"id":36509,"date":"2025-11-13T12:13:53","date_gmt":"2025-11-13T12:13:53","guid":{"rendered":"https:\/\/oboemuebles.com\/producto\/aim\/"},"modified":"2025-11-13T12:13:53","modified_gmt":"2025-11-13T12:13:53","slug":"aim","status":"publish","type":"product","link":"https:\/\/oboemuebles.com\/en\/producto\/aim\/","title":{"rendered":"AIM"},"content":{"rendered":"<p>Designed by Ronan &amp; Erwan Bouroullec for Flos, the AIM pendant lamp is the very definition of versatile lighting. Available with one, three, or five lamp heads, it allows for complete creative freedom by offering different configurations to suit the desired effect. Contemporary with an industrial character, its innovative modular design is perfectly suited for residential or commercial spaces.  <\/p>\n","protected":false},"excerpt":{"rendered":"<p>Aparato de iluminaci\u00f3n suspendido. Cuerpo de aluminio conformado por rotaci\u00f3n y pintado con pintura l\u00edquida, difusor en policarbonato \u00f3ptico fotograbado. Reflector interno de ABS fotograbado. Cuerpo orientable. Alimentaci\u00f3n directa desde la red. El LED es ajustable con un dimmer tipo \u00abTriac para Led\u00bb aprobado por Flos. Flos no responde en caso de instalaci\u00f3n incorrecta del sistema de conexi\u00f3n el\u00e9ctrica. La longitud \u00fatil del cable es de 9 metros. En consecuencia, la l\u00e1mpara puede suspenderse a 3 metros del techo. Disponible en roset\u00f3n m\u00faltiple con posibilidad de conectar hasta 5 aparatos.         <\/p>\n","protected":false},"featured_media":7249,"comment_status":"closed","ping_status":"closed","template":"","meta":{"_acf_changed":false},"product_brand":[],"product_cat":[879,883,878,881,885,872,875],"product_tag":[1156,1124],"class_list":{"0":"post-36509","1":"product","2":"type-product","3":"status-publish","4":"has-post-thumbnail","6":"product_cat-dining-room-malaga-marbella","7":"product_cat-lighting-malaga-marbella","8":"product_cat-sign-livingroom-malaga-marbella","9":"product_cat-design-office-malaga-marbella","10":"product_cat-pendant-lamp-malaga-marbella","11":"product_cat-rooms-en","12":"product_cat-design-study-malaga-marbella","13":"product_tag-erwan-bouroullec","14":"product_tag-ronan-bouroullec","15":"pa_diseno-erwan-bouroullec","16":"pa_diseno-ronan-bouroullec","18":"first","19":"instock","20":"product-type-simple"},"acf":[],"_links":{"self":[{"href":"https:\/\/oboemuebles.com\/en\/wp-json\/wp\/v2\/product\/36509","targetHints":{"allow":["GET"]}}],"collection":[{"href":"https:\/\/oboemuebles.com\/en\/wp-json\/wp\/v2\/product"}],"about":[{"href":"https:\/\/oboemuebles.com\/en\/wp-json\/wp\/v2\/types\/product"}],"replies":[{"embeddable":true,"href":"https:\/\/oboemuebles.com\/en\/wp-json\/wp\/v2\/comments?post=36509"}],"wp:featuredmedia":[{"embeddable":true,"href":"https:\/\/oboemuebles.com\/en\/wp-json\/wp\/v2\/media\/7249"}],"wp:attachment":[{"href":"https:\/\/oboemuebles.com\/en\/wp-json\/wp\/v2\/media?parent=36509"}],"wp:term":[{"taxonomy":"product_brand","embeddable":true,"href":"https:\/\/oboemuebles.com\/en\/wp-json\/wp\/v2\/product_brand?post=36509"},{"taxonomy":"product_cat","embeddable":true,"href":"https:\/\/oboemuebles.com\/en\/wp-json\/wp\/v2\/product_cat?post=36509"},{"taxonomy":"product_tag","embeddable":true,"href":"https:\/\/oboemuebles.com\/en\/wp-json\/wp\/v2\/product_tag?post=36509"}],"curies":[{"name":"wp","href":"https:\/\/api.w.org\/{rel}","templated":true}]}}