{"id":36994,"date":"2025-11-13T13:05:59","date_gmt":"2025-11-13T13:05:59","guid":{"rendered":"https:\/\/oboemuebles.com\/producto\/scantling\/"},"modified":"2025-11-13T13:05:59","modified_gmt":"2025-11-13T13:05:59","slug":"scantling","status":"publish","type":"product","link":"https:\/\/oboemuebles.com\/en\/producto\/scantling\/","title":{"rendered":"SCANTLING"},"content":{"rendered":"","protected":false},"excerpt":{"rendered":"<p>The assembly of basic geometric shapes and the use of wood alongside metal give this family of luminaires an approachable feel while also possessing a distinctive personality. All movements of the shade, including full rotation, are achieved through joints and arms, and their technical precision means that no visible springs or counterweights are required to maintain the chosen position.<\/p>\n<p>La palabra inglesa Scantling hace referencia a las dimensiones de la secci\u00f3n de una varilla de madera, y deriva de una herramienta de medida utilizada antiguamente. La evidencia de su juego constructivo procura a esta l\u00e1mpara una cierta imagen arquet\u00edpica, casi gr\u00e1fica.Tija y base de hierro lacado. Brazo de roble macizo que sostiene un difusor de aluminio. El interruptor est\u00e1 incorporado en la pantalla.   <\/p>\n","protected":false},"featured_media":10286,"comment_status":"closed","ping_status":"closed","template":"","meta":{"_acf_changed":false},"product_brand":[],"product_cat":[883,872,875,886],"product_tag":[1522],"class_list":{"0":"post-36994","1":"product","2":"type-product","3":"status-publish","4":"has-post-thumbnail","6":"product_cat-lighting-malaga-marbella","7":"product_cat-rooms-en","8":"product_cat-design-study-malaga-marbella","9":"product_cat-table-lamps-malaga-marbella","10":"product_tag-mathias-hahn","11":"pa_diseno-mathias-hahn","13":"first","14":"instock","15":"product-type-simple"},"acf":[],"_links":{"self":[{"href":"https:\/\/oboemuebles.com\/en\/wp-json\/wp\/v2\/product\/36994","targetHints":{"allow":["GET"]}}],"collection":[{"href":"https:\/\/oboemuebles.com\/en\/wp-json\/wp\/v2\/product"}],"about":[{"href":"https:\/\/oboemuebles.com\/en\/wp-json\/wp\/v2\/types\/product"}],"replies":[{"embeddable":true,"href":"https:\/\/oboemuebles.com\/en\/wp-json\/wp\/v2\/comments?post=36994"}],"wp:featuredmedia":[{"embeddable":true,"href":"https:\/\/oboemuebles.com\/en\/wp-json\/wp\/v2\/media\/10286"}],"wp:attachment":[{"href":"https:\/\/oboemuebles.com\/en\/wp-json\/wp\/v2\/media?parent=36994"}],"wp:term":[{"taxonomy":"product_brand","embeddable":true,"href":"https:\/\/oboemuebles.com\/en\/wp-json\/wp\/v2\/product_brand?post=36994"},{"taxonomy":"product_cat","embeddable":true,"href":"https:\/\/oboemuebles.com\/en\/wp-json\/wp\/v2\/product_cat?post=36994"},{"taxonomy":"product_tag","embeddable":true,"href":"https:\/\/oboemuebles.com\/en\/wp-json\/wp\/v2\/product_tag?post=36994"}],"curies":[{"name":"wp","href":"https:\/\/api.w.org\/{rel}","templated":true}]}}