{"id":37749,"date":"2025-11-13T12:37:25","date_gmt":"2025-11-13T12:37:25","guid":{"rendered":"https:\/\/oboemuebles.com\/producto\/birdie-lettura\/"},"modified":"2025-11-13T12:37:25","modified_gmt":"2025-11-13T12:37:25","slug":"birdie-lettura","status":"publish","type":"product","link":"https:\/\/oboemuebles.com\/en\/producto\/birdie-lettura\/","title":{"rendered":"BIRDIE LETTURA"},"content":{"rendered":"<p>A slender, elegant lamp, like the trunk of a tree. A shade reminiscent of the classic shape of a reading lamp. A switch designed like a bouquet, ready to welcome a little bird. Three elements that interact spontaneously, creating a friendly lamp that combines a light, continuous, and familiar touch with a decisive character.    Made with resistant and lightweight materials, Birdie takes on different personalities depending on the color chosen: discreet and almost invisible in the white version, protagonist and capable of characterizing an entire environment in the amaranth, orange or gray versions, always completely monochromatic, from the shade to the base, for a decisive and uncompromising characterization. Birdie de pie es f\u00e1cile de ambientar en cualquier situaci\u00f3n. Al lado de una cama colocada en el centro de la habitaci\u00f3n, al lado de una butaca o de un sof\u00e1 en la zona living, en la mesa del despacho, en la mesita de noche o en cualquier otro h\u00e1bitat dom\u00e9stico, Birdie se adapta con naturalidad y acompa\u00f1a la vida cotidiana, con una presencia muy elegante. <\/p>\n","protected":false},"excerpt":{"rendered":"<p>Floor and reading lamp with diffused and direct light. Die-cast zinc alloy base and steel stem, both liquid-coated. Opal polycarbonate inner diffuser and translucent polycarbonate outer shade, both injection-molded. The touch dimmer sensor is located at the end of the stem arm and allows for stepless adjustment of the light intensity; electronic transformer is located on the transparent cable. In the version without a dimmer, the on\/off switch is located on the transparent cable.    <\/p>\n","protected":false},"featured_media":8702,"comment_status":"closed","ping_status":"closed","template":"","meta":{"_acf_changed":false},"product_brand":[],"product_cat":[887,883,878,872],"product_tag":[1301,1302],"class_list":{"0":"post-37749","1":"product","2":"type-product","3":"status-publish","4":"has-post-thumbnail","6":"product_cat-floor-lamps-malaga-marbella","7":"product_cat-lighting-malaga-marbella","8":"product_cat-sign-livingroom-malaga-marbella","9":"product_cat-rooms-en","10":"product_tag-ludovica-serafini","11":"product_tag-roberto-palomba","12":"pa_diseno-ludovica-serafini","13":"pa_diseno-roberto-palomba","15":"first","16":"instock","17":"product-type-simple"},"acf":[],"_links":{"self":[{"href":"https:\/\/oboemuebles.com\/en\/wp-json\/wp\/v2\/product\/37749","targetHints":{"allow":["GET"]}}],"collection":[{"href":"https:\/\/oboemuebles.com\/en\/wp-json\/wp\/v2\/product"}],"about":[{"href":"https:\/\/oboemuebles.com\/en\/wp-json\/wp\/v2\/types\/product"}],"replies":[{"embeddable":true,"href":"https:\/\/oboemuebles.com\/en\/wp-json\/wp\/v2\/comments?post=37749"}],"wp:featuredmedia":[{"embeddable":true,"href":"https:\/\/oboemuebles.com\/en\/wp-json\/wp\/v2\/media\/8702"}],"wp:attachment":[{"href":"https:\/\/oboemuebles.com\/en\/wp-json\/wp\/v2\/media?parent=37749"}],"wp:term":[{"taxonomy":"product_brand","embeddable":true,"href":"https:\/\/oboemuebles.com\/en\/wp-json\/wp\/v2\/product_brand?post=37749"},{"taxonomy":"product_cat","embeddable":true,"href":"https:\/\/oboemuebles.com\/en\/wp-json\/wp\/v2\/product_cat?post=37749"},{"taxonomy":"product_tag","embeddable":true,"href":"https:\/\/oboemuebles.com\/en\/wp-json\/wp\/v2\/product_tag?post=37749"}],"curies":[{"name":"wp","href":"https:\/\/api.w.org\/{rel}","templated":true}]}}