{"id":37756,"date":"2025-11-13T12:37:25","date_gmt":"2025-11-13T12:37:25","guid":{"rendered":"https:\/\/oboemuebles.com\/producto\/dolmen\/"},"modified":"2025-11-13T12:37:25","modified_gmt":"2025-11-13T12:37:25","slug":"dolmen","status":"publish","type":"product","link":"https:\/\/oboemuebles.com\/en\/producto\/dolmen\/","title":{"rendered":"DOLMEN"},"content":{"rendered":"<p>Uno de los proyectos m\u00e1s ic\u00f3nicos de la historia Foscarini, revisitado en funci\u00f3n de las nuevas oportunidades ofrecidas por la tecnolog\u00eda LED. Se trata de Dolmen, la l\u00e1mpara dise\u00f1ada por Ferruccio Laviani a mediados de la d\u00e9cada de los 90. Una pieza de valor simb\u00f3lico fuerte, expresi\u00f3n de un concepto de l\u00e1mpara-escultura que no pasa nunca desapercibida gracias a la excepcionalidad de su forma monol\u00edtica, con cuatro grandes orificios similares a los portillos de un barco, y a su ins\u00f3lita colocaci\u00f3n apoyada en la pared, adem\u00e1s de su colocaci\u00f3n en suspensi\u00f3n. La utilizaci\u00f3n de una fuente luminosa de LED con regulador de luz, con una luz c\u00e1lida y uniforme, ha permitido adaptar el dise\u00f1o de la l\u00e1mpara, que se vuelve m\u00e1s fino y con una limpieza est\u00e9tica mayor. Los acabados propuestos transforman su personalidad, sugiriendo emociones y ambientaciones distintas: anaranjado mate de sabor industrial o aluminio cepillado mate de inspiracion hi-tech, o bien un c\u00e1lido color bronce. En todas las versiones, Dolmen regala al ambiente en el que se coloca su car\u00e1cter atrevido y su personalidad inmediatamente reconocible.     <\/p>\n","protected":false},"excerpt":{"rendered":"<p>Wall-mounted floor lamp with diffused and reflected light. The lamp consists of a laser-cut aluminum plate, bent using a flex press and finished by hand. The aluminum is anodized and then varnished with a clear or colored liquid. It features two opal PMMA diffusers. The front is slightly embossed. Between the two diffusers is a transparent PMMA plate that disperses the light from the multi-chip LEDs installed along the long sides of the aluminum structure. The plate is laser-engraved in the areas that align with the LED spotlights to concentrate the reflected light. It includes a transparent electrical cable and dimmer switch for the mandatory wall mounting. A small bracket is also included.        <\/p>\n","protected":false},"featured_media":8714,"comment_status":"closed","ping_status":"closed","template":"","meta":{"_acf_changed":false},"product_brand":[],"product_cat":[887,883,878,872],"product_tag":[936],"class_list":{"0":"post-37756","1":"product","2":"type-product","3":"status-publish","4":"has-post-thumbnail","6":"product_cat-floor-lamps-malaga-marbella","7":"product_cat-lighting-malaga-marbella","8":"product_cat-sign-livingroom-malaga-marbella","9":"product_cat-rooms-en","10":"product_tag-ferruccio-laviani","11":"pa_diseno-ferruccio-laviani","13":"first","14":"instock","15":"product-type-simple"},"acf":[],"_links":{"self":[{"href":"https:\/\/oboemuebles.com\/en\/wp-json\/wp\/v2\/product\/37756","targetHints":{"allow":["GET"]}}],"collection":[{"href":"https:\/\/oboemuebles.com\/en\/wp-json\/wp\/v2\/product"}],"about":[{"href":"https:\/\/oboemuebles.com\/en\/wp-json\/wp\/v2\/types\/product"}],"replies":[{"embeddable":true,"href":"https:\/\/oboemuebles.com\/en\/wp-json\/wp\/v2\/comments?post=37756"}],"wp:featuredmedia":[{"embeddable":true,"href":"https:\/\/oboemuebles.com\/en\/wp-json\/wp\/v2\/media\/8714"}],"wp:attachment":[{"href":"https:\/\/oboemuebles.com\/en\/wp-json\/wp\/v2\/media?parent=37756"}],"wp:term":[{"taxonomy":"product_brand","embeddable":true,"href":"https:\/\/oboemuebles.com\/en\/wp-json\/wp\/v2\/product_brand?post=37756"},{"taxonomy":"product_cat","embeddable":true,"href":"https:\/\/oboemuebles.com\/en\/wp-json\/wp\/v2\/product_cat?post=37756"},{"taxonomy":"product_tag","embeddable":true,"href":"https:\/\/oboemuebles.com\/en\/wp-json\/wp\/v2\/product_tag?post=37756"}],"curies":[{"name":"wp","href":"https:\/\/api.w.org\/{rel}","templated":true}]}}