{"id":37880,"date":"2025-11-13T15:08:25","date_gmt":"2025-11-13T15:08:25","guid":{"rendered":"https:\/\/oboemuebles.com\/producto\/cocina-de-vidrio-y-gres-con-isla\/"},"modified":"2026-04-21T15:54:26","modified_gmt":"2026-04-21T15:54:26","slug":"cocina-de-vidrio-y-gres-con-isla","status":"publish","type":"product","link":"https:\/\/oboemuebles.com\/en\/producto\/cocina-de-vidrio-y-gres-con-isla\/","title":{"rendered":"GLASS AND STONEWARE KITCHEN WITH ISLAND"},"content":{"rendered":"<p><span data-sheets-value=\"{\"1\":2,\"2\":\"Tanto la encimera de la cocina de gres Pietra di Savoia Grigia, como las puertas de vidrio son impermeables y resistentes a los ara\u00f1azos y las abrasiones. Las puertas pueden fabricarse en acabado al \u00e1cido o brillante.nLa puerta Aspen con marco interno y tablero exterior, este \u00faltimo aqu\u00ed en gres Pietra di Savoia Grigia o en vidrio brillante lacado Bianco 9003, puede combinarse con el sistema de apertura a gola o push-pull.nMuebles bajos, columnas y armarios de pared Aspen con marco interno de aluminio Black y apertura a gola, de 20 mm de grosor.nArmarios de pared D23 con puerta lisa en los cuatro lados y apertura push-pull, de 23 mm de grosor.nEsta cocina puede adaptarse en cuanto a medidas y acabados. Seg\u00fan las necesidades de cada cliente. Cons\u00falta con nuestro equipo de profesionales para m\u00e1s informaci\u00f3n.\"}\" data-sheets-userformat=\"{\"2\":769,\"3\":{\"1\":0},\"11\":4,\"12\":0}\">Both the Pietra di Savoia Grigia stoneware countertop and the glass doors are waterproof and resistant to scratches and abrasions. The doors are available in an acid-etched or polished finish.<br \/>\nThe Aspen door, with its internal frame and external panel (here available in Pietra di Savoia Grigia stoneware or Bianco 9003 lacquered glossy glass), can be combined with either a recessed or push-pull opening system.<br \/>\nAspen base cabinets, tall units, and wall cabinets feature a Black aluminum internal frame with a recessed opening system and are 20 mm thick.<br \/>\nD23 wall cabinets have smooth doors on all four sides and a push-pull opening system, and are 23 mm thick. <\/span><\/p>\n<p>&nbsp;<\/p>\n","protected":false},"excerpt":{"rendered":"<p><span data-sheets-value=\"{\"1\":2,\"2\":\"Las cocinas con puertas de vidrio son luminosas y elegantes, resistentes y duraderas. Gracias a estas valiosas caracter\u00edsticas, este material se propone para revestir los marcos de aluminio de la puerta Aspen de Doimo Cucine y crear as\u00ed cocinas modulares que conjugan t\u00e9cnica y dise\u00f1o.nLa isla est\u00e1 bien separada de los armarios de pared para que los movimientos en la cocina sean m\u00e1s \u00e1giles. Distancia m\u00ednima necesaria: 120 cm.\"}\" data-sheets-userformat=\"{\"2\":769,\"3\":{\"1\":0},\"11\":4,\"12\":0}\">Kitchens with glass doors are bright and elegant, as well as strong and durable. Thanks to these valuable characteristics, this material is proposed for cladding the aluminum frames of the Aspen doors by Doimo Cucine, creating modular kitchens that combine technology and design.<br \/>\nThe island is well separated from the wall cabinets to allow for easier movement in the kitchen. Minimum distance required: 120 cm.  <\/span><\/p>\n","protected":false},"featured_media":15964,"comment_status":"closed","ping_status":"closed","template":"","meta":{"_acf_changed":false},"product_brand":[],"product_cat":[870,877,871,872],"product_tag":[],"class_list":{"0":"post-37880","1":"product","2":"type-product","3":"status-publish","4":"has-post-thumbnail","6":"product_cat-aspen","7":"product_cat-kitchen-in-malaga-marbella","8":"product_cat-kitchens-in-malaga-marbella","9":"product_cat-rooms-en","10":"pa_diseno-alberto-lievore","11":"pa_diseno-jeannette-altherr","12":"pa_diseno-manel-molina","14":"first","15":"instock","16":"product-type-simple"},"acf":[],"_links":{"self":[{"href":"https:\/\/oboemuebles.com\/en\/wp-json\/wp\/v2\/product\/37880","targetHints":{"allow":["GET"]}}],"collection":[{"href":"https:\/\/oboemuebles.com\/en\/wp-json\/wp\/v2\/product"}],"about":[{"href":"https:\/\/oboemuebles.com\/en\/wp-json\/wp\/v2\/types\/product"}],"replies":[{"embeddable":true,"href":"https:\/\/oboemuebles.com\/en\/wp-json\/wp\/v2\/comments?post=37880"}],"wp:featuredmedia":[{"embeddable":true,"href":"https:\/\/oboemuebles.com\/en\/wp-json\/wp\/v2\/media\/15964"}],"wp:attachment":[{"href":"https:\/\/oboemuebles.com\/en\/wp-json\/wp\/v2\/media?parent=37880"}],"wp:term":[{"taxonomy":"product_brand","embeddable":true,"href":"https:\/\/oboemuebles.com\/en\/wp-json\/wp\/v2\/product_brand?post=37880"},{"taxonomy":"product_cat","embeddable":true,"href":"https:\/\/oboemuebles.com\/en\/wp-json\/wp\/v2\/product_cat?post=37880"},{"taxonomy":"product_tag","embeddable":true,"href":"https:\/\/oboemuebles.com\/en\/wp-json\/wp\/v2\/product_tag?post=37880"}],"curies":[{"name":"wp","href":"https:\/\/api.w.org\/{rel}","templated":true}]}}