{"id":37911,"date":"2025-11-13T15:08:25","date_gmt":"2025-11-13T15:08:25","guid":{"rendered":"https:\/\/oboemuebles.com\/producto\/hpl-stone-and-fenix-laminate-kitchen-with-island\/"},"modified":"2025-11-13T15:08:25","modified_gmt":"2025-11-13T15:08:25","slug":"hpl-stone-and-fenix-laminate-kitchen-with-island","status":"publish","type":"product","link":"https:\/\/oboemuebles.com\/en\/producto\/hpl-stone-and-fenix-laminate-kitchen-with-island\/","title":{"rendered":"HPL STONE AND FENIX\u00ae LAMINATE KITCHEN WITH ISLAND"},"content":{"rendered":"<p><span data-sheets-value=\"{\"1\":2,\"2\":\"La puerta Aspen tiene un marco interno de aluminio, 100% reciclable; se trata, por tanto, de una opci\u00f3n ecol\u00f3gica.nColumnas y muebles bajos (lado columnas) Aspen con puerta con marco interno de aluminio Black y apertura a gola, de 20 mm de grosor.nMuebles bajos (lado barra de cocina) Aspen con marco interno de aluminio Black y apertura push-pull, de 20 mm de grosor.nEsta cocina puede adaptarse en cuanto a medidas y acabados. Seg\u00fan las necesidades de cada cliente. Cons\u00falta con nuestro equipo de profesionales para m\u00e1s informaci\u00f3n.\"}\" data-sheets-userformat=\"{\"2\":769,\"3\":{\"1\":0},\"11\":4,\"12\":0}\">The Aspen door has an internal aluminum frame, 100% recyclable; it is, therefore, an environmentally friendly option.<br \/>\n<\/span><\/p>\n<div class=\"sst-one-third\">\n<p>The Pietra Palladio HPL laminate island cabinets realistically mimic stone, a striking aesthetic choice. They also gain practicality and dynamism thanks to the break in the design created by a black metal base cabinet, smoked glass shelves, and a Fenix \u200b\u200bNTM\u00ae Nero countertop. <\/p>\n<\/div>\n<div class=\"close mr-bt-40\">\n<p>The practical open structures placed between the columns are made up of shelves and panels that add rhythm to the composition.<br \/>The laminate countertop with a Unicolor edge allows for the installation of a stainless steel sink with integrated basins.<\/p>\n<\/div>\n<p><span data-sheets-value=\"{\"1\":2,\"2\":\"La puerta Aspen tiene un marco interno de aluminio, 100% reciclable; se trata, por tanto, de una opci\u00f3n ecol\u00f3gica.nColumnas y muebles bajos (lado columnas) Aspen con puerta con marco interno de aluminio Black y apertura a gola, de 20 mm de grosor.nMuebles bajos (lado barra de cocina) Aspen con marco interno de aluminio Black y apertura push-pull, de 20 mm de grosor.nEsta cocina puede adaptarse en cuanto a medidas y acabados. Seg\u00fan las necesidades de cada cliente. Cons\u00falta con nuestro equipo de profesionales para m\u00e1s informaci\u00f3n.\"}\" data-sheets-userformat=\"{\"2\":769,\"3\":{\"1\":0},\"11\":4,\"12\":0}\"> <\/span><\/p>\n","protected":false},"excerpt":{"rendered":"<p>In addition to countertops, there are base cabinets, tall units, and wall cabinets made of HPL laminate. This material, composed of layers of cellulose fibers and resins, has excellent qualities. HPL laminate kitchens are hygienic, waterproof, and resistant to wear, weight, and steam.  <\/p>\n","protected":false},"featured_media":15995,"comment_status":"closed","ping_status":"closed","template":"","meta":{"_acf_changed":false},"product_brand":[],"product_cat":[870,877,871,872],"product_tag":[],"class_list":{"0":"post-37911","1":"product","2":"type-product","3":"status-publish","4":"has-post-thumbnail","6":"product_cat-aspen","7":"product_cat-kitchen-in-malaga-marbella","8":"product_cat-kitchens-in-malaga-marbella","9":"product_cat-rooms-en","10":"pa_diseno-alberto-lievore","11":"pa_diseno-jeannette-altherr","12":"pa_diseno-manel-molina","14":"first","15":"instock","16":"product-type-simple"},"acf":[],"_links":{"self":[{"href":"https:\/\/oboemuebles.com\/en\/wp-json\/wp\/v2\/product\/37911","targetHints":{"allow":["GET"]}}],"collection":[{"href":"https:\/\/oboemuebles.com\/en\/wp-json\/wp\/v2\/product"}],"about":[{"href":"https:\/\/oboemuebles.com\/en\/wp-json\/wp\/v2\/types\/product"}],"replies":[{"embeddable":true,"href":"https:\/\/oboemuebles.com\/en\/wp-json\/wp\/v2\/comments?post=37911"}],"wp:featuredmedia":[{"embeddable":true,"href":"https:\/\/oboemuebles.com\/en\/wp-json\/wp\/v2\/media\/15995"}],"wp:attachment":[{"href":"https:\/\/oboemuebles.com\/en\/wp-json\/wp\/v2\/media?parent=37911"}],"wp:term":[{"taxonomy":"product_brand","embeddable":true,"href":"https:\/\/oboemuebles.com\/en\/wp-json\/wp\/v2\/product_brand?post=37911"},{"taxonomy":"product_cat","embeddable":true,"href":"https:\/\/oboemuebles.com\/en\/wp-json\/wp\/v2\/product_cat?post=37911"},{"taxonomy":"product_tag","embeddable":true,"href":"https:\/\/oboemuebles.com\/en\/wp-json\/wp\/v2\/product_tag?post=37911"}],"curies":[{"name":"wp","href":"https:\/\/api.w.org\/{rel}","templated":true}]}}