{"id":37951,"date":"2025-11-13T15:08:25","date_gmt":"2025-11-13T15:08:25","guid":{"rendered":"https:\/\/oboemuebles.com\/producto\/classic-u-shaped-kitchen-in-oak-and-corian\/"},"modified":"2025-11-13T15:08:25","modified_gmt":"2025-11-13T15:08:25","slug":"classic-u-shaped-kitchen-in-oak-and-corian","status":"publish","type":"product","link":"https:\/\/oboemuebles.com\/en\/producto\/classic-u-shaped-kitchen-in-oak-and-corian\/","title":{"rendered":"CLASSIC U-SHAPED KITCHEN IN OAK AND CORIAN"},"content":{"rendered":"<p><span data-sheets-value=\"{\"1\":2,\"2\":\"Los armarios de pared y las columnas llevan una cornisa del mismo material que contin\u00faa por encima de la ventana. La pen\u00ednsula de la cocina est\u00e1 rematada por un elemento abierto de roble macizo Te\u00f1ido Zolfo. La encimera de la barra est\u00e1 fabricada en Dekton Enzo.nLa puerta con marco se caracteriza por un elegante marco de dimensiones reducidas y sistema de apertura con tirador. Ese mismo marco tambi\u00e9n se utiliza en la versi\u00f3n de la puerta de vidrio, muy del gusto cl\u00e1sico.nEsta cocina puede adaptarse en cuanto a medidas y acabados. Seg\u00fan las necesidades de cada cliente. Cons\u00falta con nuestro equipo de profesionales para m\u00e1s informaci\u00f3n.\"}\" data-sheets-userformat=\"{\"2\":769,\"3\":{\"1\":0},\"11\":4,\"12\":0}\">The wall cabinets and columns feature a cornice of the same material that continues above the window. The kitchen peninsula is finished with an open element in solid Zolfo stained oak. The bar countertop is made of Dekton Enzo.<br \/>\nThe framed door is characterized by an elegant, compact frame and a handle-operated opening system. This same frame is also used in the glass door version, which has a classic feel.<br \/>\nThis kitchen can be customized in terms of size and finishes to meet each client&#8217;s needs. Consult our team of professionals for more information.     <\/span><\/p>\n","protected":false},"excerpt":{"rendered":"<p><span data-sheets-value=\"{\"1\":2,\"2\":\"Una cocina de la coclecci\u00f3n D23 de Doimo Cucine en \u201cU\u201d con pen\u00ednsula, embellecida por lan\u00aenencimera de Corian , entre tradicional y moderna. Los elementos abiertos dan movimiento anla composici\u00f3n, amplia y espaciosa, rica en armarios de pared y columnas-despensa con la tradicional puerta con marco, toda de roble o con vidrio transparente ahumado.\"}\" data-sheets-userformat=\"{\"2\":769,\"3\":{\"1\":0},\"11\":4,\"12\":0}\">A U-shaped kitchen from the Doimo Cucine D23 collection, featuring a peninsula and a Corian countertop, blends traditional and modern elements. Open shelving adds movement to the spacious layout, rich in wall cabinets and pantry columns with traditional framed doors, available in oak or smoked glass. <\/span><\/p>\n","protected":false},"featured_media":16064,"comment_status":"closed","ping_status":"closed","template":"","meta":{"_acf_changed":false},"product_brand":[],"product_cat":[869,877,871,872],"product_tag":[],"class_list":{"0":"post-37951","1":"product","2":"type-product","3":"status-publish","4":"has-post-thumbnail","6":"product_cat-d23","7":"product_cat-kitchen-in-malaga-marbella","8":"product_cat-kitchens-in-malaga-marbella","9":"product_cat-rooms-en","10":"pa_diseno-alberto-lievore","11":"pa_diseno-jeannette-altherr","12":"pa_diseno-manel-molina","14":"first","15":"instock","16":"product-type-simple"},"acf":[],"yoast_head":"<!-- This site is optimized with the Yoast SEO plugin v27.5 - https:\/\/yoast.com\/product\/yoast-seo-wordpress\/ -->\n<title>CLASSIC U-SHAPED KITCHEN IN OAK AND CORIAN - Oboe Muebles - Tienda de muebles en M\u00e1laga y Marbella<\/title>\n<meta name=\"robots\" content=\"index, follow, max-snippet:-1, max-image-preview:large, max-video-preview:-1\" \/>\n<link rel=\"canonical\" href=\"https:\/\/oboemuebles.com\/en\/producto\/classic-u-shaped-kitchen-in-oak-and-corian\/\" \/>\n<meta property=\"og:locale\" content=\"en_US\" \/>\n<meta property=\"og:type\" content=\"article\" \/>\n<meta property=\"og:title\" content=\"CLASSIC U-SHAPED KITCHEN IN OAK AND CORIAN - Oboe Muebles - Tienda de muebles en M\u00e1laga y Marbella\" \/>\n<meta property=\"og:description\" content=\"A U-shaped kitchen from the Doimo Cucine D23 collection, featuring a peninsula and a Corian countertop, blends traditional and modern elements. Open shelving adds movement to the spacious layout, rich in wall cabinets and pantry columns with traditional framed doors, available in oak or smoked glass.\" \/>\n<meta property=\"og:url\" content=\"https:\/\/oboemuebles.com\/en\/producto\/classic-u-shaped-kitchen-in-oak-and-corian\/\" \/>\n<meta property=\"og:site_name\" content=\"Oboe Muebles - Tienda de muebles en M\u00e1laga y Marbella\" \/>\n<meta property=\"og:image\" content=\"https:\/\/oboemuebles.com\/wp-content\/uploads\/2025\/11\/cocina-clasica-roble-corian-FRONT.webp\" \/>\n\t<meta property=\"og:image:width\" content=\"681\" \/>\n\t<meta property=\"og:image:height\" content=\"584\" \/>\n\t<meta property=\"og:image:type\" content=\"image\/webp\" \/>\n<meta name=\"twitter:card\" content=\"summary_large_image\" \/>\n<script type=\"application\/ld+json\" class=\"yoast-schema-graph\">{\"@context\":\"https:\\\/\\\/schema.org\",\"@graph\":[{\"@type\":\"WebPage\",\"@id\":\"https:\\\/\\\/oboemuebles.com\\\/en\\\/producto\\\/classic-u-shaped-kitchen-in-oak-and-corian\\\/\",\"url\":\"https:\\\/\\\/oboemuebles.com\\\/en\\\/producto\\\/classic-u-shaped-kitchen-in-oak-and-corian\\\/\",\"name\":\"CLASSIC U-SHAPED KITCHEN IN OAK AND CORIAN - Oboe Muebles - Tienda de muebles en M\u00e1laga y Marbella\",\"isPartOf\":{\"@id\":\"https:\\\/\\\/oboemuebles.com\\\/en\\\/#website\"},\"primaryImageOfPage\":{\"@id\":\"https:\\\/\\\/oboemuebles.com\\\/en\\\/producto\\\/classic-u-shaped-kitchen-in-oak-and-corian\\\/#primaryimage\"},\"image\":{\"@id\":\"https:\\\/\\\/oboemuebles.com\\\/en\\\/producto\\\/classic-u-shaped-kitchen-in-oak-and-corian\\\/#primaryimage\"},\"thumbnailUrl\":\"https:\\\/\\\/oboemuebles.com\\\/wp-content\\\/uploads\\\/2025\\\/11\\\/cocina-clasica-roble-corian-FRONT.webp\",\"datePublished\":\"2025-11-13T15:08:25+00:00\",\"breadcrumb\":{\"@id\":\"https:\\\/\\\/oboemuebles.com\\\/en\\\/producto\\\/classic-u-shaped-kitchen-in-oak-and-corian\\\/#breadcrumb\"},\"inLanguage\":\"en-US\",\"potentialAction\":[{\"@type\":\"ReadAction\",\"target\":[\"https:\\\/\\\/oboemuebles.com\\\/en\\\/producto\\\/classic-u-shaped-kitchen-in-oak-and-corian\\\/\"]}]},{\"@type\":\"ImageObject\",\"inLanguage\":\"en-US\",\"@id\":\"https:\\\/\\\/oboemuebles.com\\\/en\\\/producto\\\/classic-u-shaped-kitchen-in-oak-and-corian\\\/#primaryimage\",\"url\":\"https:\\\/\\\/oboemuebles.com\\\/wp-content\\\/uploads\\\/2025\\\/11\\\/cocina-clasica-roble-corian-FRONT.webp\",\"contentUrl\":\"https:\\\/\\\/oboemuebles.com\\\/wp-content\\\/uploads\\\/2025\\\/11\\\/cocina-clasica-roble-corian-FRONT.webp\",\"width\":681,\"height\":584},{\"@type\":\"BreadcrumbList\",\"@id\":\"https:\\\/\\\/oboemuebles.com\\\/en\\\/producto\\\/classic-u-shaped-kitchen-in-oak-and-corian\\\/#breadcrumb\",\"itemListElement\":[{\"@type\":\"ListItem\",\"position\":1,\"name\":\"Portada\",\"item\":\"https:\\\/\\\/oboemuebles.com\\\/en\\\/home\\\/\"},{\"@type\":\"ListItem\",\"position\":2,\"name\":\"Shop\",\"item\":\"https:\\\/\\\/oboemuebles.com\\\/en\\\/shop\\\/\"},{\"@type\":\"ListItem\",\"position\":3,\"name\":\"CLASSIC U-SHAPED KITCHEN IN OAK AND CORIAN\"}]},{\"@type\":\"WebSite\",\"@id\":\"https:\\\/\\\/oboemuebles.com\\\/en\\\/#website\",\"url\":\"https:\\\/\\\/oboemuebles.com\\\/en\\\/\",\"name\":\"Oboe Muebles - Tienda de muebles en M\u00e1laga y Marbella\",\"description\":\"Oboe Muebles - Tienda de muebles en M\u00e1laga y Marbella\",\"potentialAction\":[{\"@type\":\"SearchAction\",\"target\":{\"@type\":\"EntryPoint\",\"urlTemplate\":\"https:\\\/\\\/oboemuebles.com\\\/en\\\/?s={search_term_string}\"},\"query-input\":{\"@type\":\"PropertyValueSpecification\",\"valueRequired\":true,\"valueName\":\"search_term_string\"}}],\"inLanguage\":\"en-US\"}]}<\/script>\n<!-- \/ Yoast SEO plugin. -->","yoast_head_json":{"title":"CLASSIC U-SHAPED KITCHEN IN OAK AND CORIAN - Oboe Muebles - Tienda de muebles en M\u00e1laga y Marbella","robots":{"index":"index","follow":"follow","max-snippet":"max-snippet:-1","max-image-preview":"max-image-preview:large","max-video-preview":"max-video-preview:-1"},"canonical":"https:\/\/oboemuebles.com\/en\/producto\/classic-u-shaped-kitchen-in-oak-and-corian\/","og_locale":"en_US","og_type":"article","og_title":"CLASSIC U-SHAPED KITCHEN IN OAK AND CORIAN - Oboe Muebles - Tienda de muebles en M\u00e1laga y Marbella","og_description":"A U-shaped kitchen from the Doimo Cucine D23 collection, featuring a peninsula and a Corian countertop, blends traditional and modern elements. Open shelving adds movement to the spacious layout, rich in wall cabinets and pantry columns with traditional framed doors, available in oak or smoked glass.","og_url":"https:\/\/oboemuebles.com\/en\/producto\/classic-u-shaped-kitchen-in-oak-and-corian\/","og_site_name":"Oboe Muebles - Tienda de muebles en M\u00e1laga y Marbella","og_image":[{"width":681,"height":584,"url":"https:\/\/oboemuebles.com\/wp-content\/uploads\/2025\/11\/cocina-clasica-roble-corian-FRONT.webp","type":"image\/webp"}],"twitter_card":"summary_large_image","schema":{"@context":"https:\/\/schema.org","@graph":[{"@type":"WebPage","@id":"https:\/\/oboemuebles.com\/en\/producto\/classic-u-shaped-kitchen-in-oak-and-corian\/","url":"https:\/\/oboemuebles.com\/en\/producto\/classic-u-shaped-kitchen-in-oak-and-corian\/","name":"CLASSIC U-SHAPED KITCHEN IN OAK AND CORIAN - Oboe Muebles - Tienda de muebles en M\u00e1laga y Marbella","isPartOf":{"@id":"https:\/\/oboemuebles.com\/en\/#website"},"primaryImageOfPage":{"@id":"https:\/\/oboemuebles.com\/en\/producto\/classic-u-shaped-kitchen-in-oak-and-corian\/#primaryimage"},"image":{"@id":"https:\/\/oboemuebles.com\/en\/producto\/classic-u-shaped-kitchen-in-oak-and-corian\/#primaryimage"},"thumbnailUrl":"https:\/\/oboemuebles.com\/wp-content\/uploads\/2025\/11\/cocina-clasica-roble-corian-FRONT.webp","datePublished":"2025-11-13T15:08:25+00:00","breadcrumb":{"@id":"https:\/\/oboemuebles.com\/en\/producto\/classic-u-shaped-kitchen-in-oak-and-corian\/#breadcrumb"},"inLanguage":"en-US","potentialAction":[{"@type":"ReadAction","target":["https:\/\/oboemuebles.com\/en\/producto\/classic-u-shaped-kitchen-in-oak-and-corian\/"]}]},{"@type":"ImageObject","inLanguage":"en-US","@id":"https:\/\/oboemuebles.com\/en\/producto\/classic-u-shaped-kitchen-in-oak-and-corian\/#primaryimage","url":"https:\/\/oboemuebles.com\/wp-content\/uploads\/2025\/11\/cocina-clasica-roble-corian-FRONT.webp","contentUrl":"https:\/\/oboemuebles.com\/wp-content\/uploads\/2025\/11\/cocina-clasica-roble-corian-FRONT.webp","width":681,"height":584},{"@type":"BreadcrumbList","@id":"https:\/\/oboemuebles.com\/en\/producto\/classic-u-shaped-kitchen-in-oak-and-corian\/#breadcrumb","itemListElement":[{"@type":"ListItem","position":1,"name":"Portada","item":"https:\/\/oboemuebles.com\/en\/home\/"},{"@type":"ListItem","position":2,"name":"Shop","item":"https:\/\/oboemuebles.com\/en\/shop\/"},{"@type":"ListItem","position":3,"name":"CLASSIC U-SHAPED KITCHEN IN OAK AND CORIAN"}]},{"@type":"WebSite","@id":"https:\/\/oboemuebles.com\/en\/#website","url":"https:\/\/oboemuebles.com\/en\/","name":"Oboe Muebles - Tienda de muebles en M\u00e1laga y Marbella","description":"Oboe Muebles - Tienda de muebles en M\u00e1laga y Marbella","potentialAction":[{"@type":"SearchAction","target":{"@type":"EntryPoint","urlTemplate":"https:\/\/oboemuebles.com\/en\/?s={search_term_string}"},"query-input":{"@type":"PropertyValueSpecification","valueRequired":true,"valueName":"search_term_string"}}],"inLanguage":"en-US"}]}},"_links":{"self":[{"href":"https:\/\/oboemuebles.com\/en\/wp-json\/wp\/v2\/product\/37951","targetHints":{"allow":["GET"]}}],"collection":[{"href":"https:\/\/oboemuebles.com\/en\/wp-json\/wp\/v2\/product"}],"about":[{"href":"https:\/\/oboemuebles.com\/en\/wp-json\/wp\/v2\/types\/product"}],"replies":[{"embeddable":true,"href":"https:\/\/oboemuebles.com\/en\/wp-json\/wp\/v2\/comments?post=37951"}],"wp:featuredmedia":[{"embeddable":true,"href":"https:\/\/oboemuebles.com\/en\/wp-json\/wp\/v2\/media\/16064"}],"wp:attachment":[{"href":"https:\/\/oboemuebles.com\/en\/wp-json\/wp\/v2\/media?parent=37951"}],"wp:term":[{"taxonomy":"product_brand","embeddable":true,"href":"https:\/\/oboemuebles.com\/en\/wp-json\/wp\/v2\/product_brand?post=37951"},{"taxonomy":"product_cat","embeddable":true,"href":"https:\/\/oboemuebles.com\/en\/wp-json\/wp\/v2\/product_cat?post=37951"},{"taxonomy":"product_tag","embeddable":true,"href":"https:\/\/oboemuebles.com\/en\/wp-json\/wp\/v2\/product_tag?post=37951"}],"curies":[{"name":"wp","href":"https:\/\/api.w.org\/{rel}","templated":true}]}}