{"id":37963,"date":"2025-11-13T15:08:25","date_gmt":"2025-11-13T15:08:25","guid":{"rendered":"https:\/\/oboemuebles.com\/producto\/kitchen-with-island-in-lacquer-and-wood\/"},"modified":"2025-11-13T15:08:25","modified_gmt":"2025-11-13T15:08:25","slug":"kitchen-with-island-in-lacquer-and-wood","status":"publish","type":"product","link":"https:\/\/oboemuebles.com\/en\/producto\/kitchen-with-island-in-lacquer-and-wood\/","title":{"rendered":"KITCHEN WITH ISLAND IN LACQUER AND WOOD"},"content":{"rendered":"<p><span data-sheets-value=\"{\"1\":2,\"2\":\"El espacio donde se desarrolla la cocina est\u00e1 equipado con columnas empotradas que acogen el horno y el microondas y que se abren con un elemento angular asim\u00e9trico, continuando as\u00ed en forma de \u201cL\u201d hacia la zona de estar.nEsta cocina puede adaptarse en cuanto a medidas y acabados. Seg\u00fan las necesidades de cada cliente. Cons\u00falta con nuestro equipo de profesionales para m\u00e1s informaci\u00f3n.\"}\" data-sheets-userformat=\"{\"2\":769,\"3\":{\"1\":0},\"11\":4,\"12\":0}\">The kitchen area features built-in columns housing the oven and microwave, which open with an asymmetrical corner element, continuing in an &#8220;L&#8221; shape towards the living area.<br \/>\nThis kitchen can be customized in terms of size and finishes to meet each client&#8217;s needs. Consult our team of professionals for more information.  <\/span><\/p>\n","protected":false},"excerpt":{"rendered":"<p><span data-sheets-value=\"{\"1\":2,\"2\":\"Se trata de una cocina con isla de pared de la colecci\u00f3n D23 de Doimo. Los muebles bajos son de lacado mate, las columnas de roble Vertical Cipria y las encimeras de Pietra Piasentina fiammata, compacta y resistente.nApertura a gola especial: los muebles bajos de la isla est\u00e1n decorados con una apertura a gola que parece un ojal. El truco est\u00e1 en el perfilado de las dos puertas exteriores.nPara completar el respaldo, una barra fijada a la pared y equipada para guardar vasos, colgar cucharones y otros utensilios, asegurar la tablet mientras se consulta alguna receta... Tambi\u00e9n disponible con iluminaci\u00f3n LED.\"}\" data-sheets-userformat=\"{\"2\":769,\"3\":{\"1\":0},\"11\":4,\"12\":0}\">This is a kitchen with a wall-mounted island from the Doimo D23 collection. The base cabinets are matte lacquered, the tall cabinets are made of Vertical Cipria oak, and the countertops are made of Pietra Piasentina fiammata, a compact and durable material.<br \/>\nSpecial recessed handle: the island&#8217;s base cabinets feature a recessed handle that resembles a buttonhole. The clever detail lies in the profiling of the two outer doors.<br \/>\nTo complete the look, a wall-mounted bar is equipped with storage for glasses, hanging ladles and other utensils, and securing a tablet while looking up a recipe. LED lighting is also available.   <\/span><\/p>\n","protected":false},"featured_media":16076,"comment_status":"closed","ping_status":"closed","template":"","meta":{"_acf_changed":false},"product_brand":[],"product_cat":[869,877,871,872],"product_tag":[],"class_list":{"0":"post-37963","1":"product","2":"type-product","3":"status-publish","4":"has-post-thumbnail","6":"product_cat-d23","7":"product_cat-kitchen-in-malaga-marbella","8":"product_cat-kitchens-in-malaga-marbella","9":"product_cat-rooms-en","10":"pa_diseno-alberto-lievore","11":"pa_diseno-jeannette-altherr","12":"pa_diseno-manel-molina","14":"first","15":"instock","16":"product-type-simple"},"acf":[],"yoast_head":"<!-- This site is optimized with the Yoast SEO plugin v27.5 - https:\/\/yoast.com\/product\/yoast-seo-wordpress\/ -->\n<title>KITCHEN WITH ISLAND IN LACQUER AND WOOD - Oboe Muebles - Tienda de muebles en M\u00e1laga y Marbella<\/title>\n<meta name=\"robots\" content=\"index, follow, max-snippet:-1, max-image-preview:large, max-video-preview:-1\" \/>\n<link rel=\"canonical\" href=\"https:\/\/oboemuebles.com\/en\/producto\/kitchen-with-island-in-lacquer-and-wood\/\" \/>\n<meta property=\"og:locale\" content=\"en_US\" \/>\n<meta property=\"og:type\" content=\"article\" \/>\n<meta property=\"og:title\" content=\"KITCHEN WITH ISLAND IN LACQUER AND WOOD - Oboe Muebles - Tienda de muebles en M\u00e1laga y Marbella\" \/>\n<meta property=\"og:description\" content=\"This is a kitchen with a wall-mounted island from the Doimo D23 collection. The base cabinets are matte lacquered, the tall cabinets are made of Vertical Cipria oak, and the countertops are made of Pietra Piasentina fiammata, a compact and durable material. Special recessed handle: the island&#039;s base cabinets feature a recessed handle that resembles a buttonhole. The clever detail lies in the profiling of the two outer doors. To complete the look, a wall-mounted bar is equipped with storage for glasses, hanging ladles and other utensils, and securing a tablet while looking up a recipe. LED lighting is also available.\" \/>\n<meta property=\"og:url\" content=\"https:\/\/oboemuebles.com\/en\/producto\/kitchen-with-island-in-lacquer-and-wood\/\" \/>\n<meta property=\"og:site_name\" content=\"Oboe Muebles - Tienda de muebles en M\u00e1laga y Marbella\" \/>\n<meta property=\"og:image\" content=\"https:\/\/oboemuebles.com\/wp-content\/uploads\/2025\/11\/cocina-isla-laca-madera-1.webp\" \/>\n\t<meta property=\"og:image:width\" content=\"1560\" \/>\n\t<meta property=\"og:image:height\" content=\"826\" \/>\n\t<meta property=\"og:image:type\" content=\"image\/webp\" \/>\n<meta name=\"twitter:card\" content=\"summary_large_image\" \/>\n<script type=\"application\/ld+json\" class=\"yoast-schema-graph\">{\"@context\":\"https:\\\/\\\/schema.org\",\"@graph\":[{\"@type\":\"WebPage\",\"@id\":\"https:\\\/\\\/oboemuebles.com\\\/en\\\/producto\\\/kitchen-with-island-in-lacquer-and-wood\\\/\",\"url\":\"https:\\\/\\\/oboemuebles.com\\\/en\\\/producto\\\/kitchen-with-island-in-lacquer-and-wood\\\/\",\"name\":\"KITCHEN WITH ISLAND IN LACQUER AND WOOD - Oboe Muebles - Tienda de muebles en M\u00e1laga y Marbella\",\"isPartOf\":{\"@id\":\"https:\\\/\\\/oboemuebles.com\\\/en\\\/#website\"},\"primaryImageOfPage\":{\"@id\":\"https:\\\/\\\/oboemuebles.com\\\/en\\\/producto\\\/kitchen-with-island-in-lacquer-and-wood\\\/#primaryimage\"},\"image\":{\"@id\":\"https:\\\/\\\/oboemuebles.com\\\/en\\\/producto\\\/kitchen-with-island-in-lacquer-and-wood\\\/#primaryimage\"},\"thumbnailUrl\":\"https:\\\/\\\/oboemuebles.com\\\/wp-content\\\/uploads\\\/2025\\\/11\\\/cocina-isla-laca-madera-1.webp\",\"datePublished\":\"2025-11-13T15:08:25+00:00\",\"breadcrumb\":{\"@id\":\"https:\\\/\\\/oboemuebles.com\\\/en\\\/producto\\\/kitchen-with-island-in-lacquer-and-wood\\\/#breadcrumb\"},\"inLanguage\":\"en-US\",\"potentialAction\":[{\"@type\":\"ReadAction\",\"target\":[\"https:\\\/\\\/oboemuebles.com\\\/en\\\/producto\\\/kitchen-with-island-in-lacquer-and-wood\\\/\"]}]},{\"@type\":\"ImageObject\",\"inLanguage\":\"en-US\",\"@id\":\"https:\\\/\\\/oboemuebles.com\\\/en\\\/producto\\\/kitchen-with-island-in-lacquer-and-wood\\\/#primaryimage\",\"url\":\"https:\\\/\\\/oboemuebles.com\\\/wp-content\\\/uploads\\\/2025\\\/11\\\/cocina-isla-laca-madera-1.webp\",\"contentUrl\":\"https:\\\/\\\/oboemuebles.com\\\/wp-content\\\/uploads\\\/2025\\\/11\\\/cocina-isla-laca-madera-1.webp\",\"width\":1560,\"height\":826},{\"@type\":\"BreadcrumbList\",\"@id\":\"https:\\\/\\\/oboemuebles.com\\\/en\\\/producto\\\/kitchen-with-island-in-lacquer-and-wood\\\/#breadcrumb\",\"itemListElement\":[{\"@type\":\"ListItem\",\"position\":1,\"name\":\"Portada\",\"item\":\"https:\\\/\\\/oboemuebles.com\\\/en\\\/home\\\/\"},{\"@type\":\"ListItem\",\"position\":2,\"name\":\"Shop\",\"item\":\"https:\\\/\\\/oboemuebles.com\\\/en\\\/shop\\\/\"},{\"@type\":\"ListItem\",\"position\":3,\"name\":\"KITCHEN WITH ISLAND IN LACQUER AND WOOD\"}]},{\"@type\":\"WebSite\",\"@id\":\"https:\\\/\\\/oboemuebles.com\\\/en\\\/#website\",\"url\":\"https:\\\/\\\/oboemuebles.com\\\/en\\\/\",\"name\":\"Oboe Muebles - Tienda de muebles en M\u00e1laga y Marbella\",\"description\":\"Oboe Muebles - Tienda de muebles en M\u00e1laga y Marbella\",\"potentialAction\":[{\"@type\":\"SearchAction\",\"target\":{\"@type\":\"EntryPoint\",\"urlTemplate\":\"https:\\\/\\\/oboemuebles.com\\\/en\\\/?s={search_term_string}\"},\"query-input\":{\"@type\":\"PropertyValueSpecification\",\"valueRequired\":true,\"valueName\":\"search_term_string\"}}],\"inLanguage\":\"en-US\"}]}<\/script>\n<!-- \/ Yoast SEO plugin. -->","yoast_head_json":{"title":"KITCHEN WITH ISLAND IN LACQUER AND WOOD - Oboe Muebles - Tienda de muebles en M\u00e1laga y Marbella","robots":{"index":"index","follow":"follow","max-snippet":"max-snippet:-1","max-image-preview":"max-image-preview:large","max-video-preview":"max-video-preview:-1"},"canonical":"https:\/\/oboemuebles.com\/en\/producto\/kitchen-with-island-in-lacquer-and-wood\/","og_locale":"en_US","og_type":"article","og_title":"KITCHEN WITH ISLAND IN LACQUER AND WOOD - Oboe Muebles - Tienda de muebles en M\u00e1laga y Marbella","og_description":"This is a kitchen with a wall-mounted island from the Doimo D23 collection. The base cabinets are matte lacquered, the tall cabinets are made of Vertical Cipria oak, and the countertops are made of Pietra Piasentina fiammata, a compact and durable material. Special recessed handle: the island's base cabinets feature a recessed handle that resembles a buttonhole. The clever detail lies in the profiling of the two outer doors. To complete the look, a wall-mounted bar is equipped with storage for glasses, hanging ladles and other utensils, and securing a tablet while looking up a recipe. LED lighting is also available.","og_url":"https:\/\/oboemuebles.com\/en\/producto\/kitchen-with-island-in-lacquer-and-wood\/","og_site_name":"Oboe Muebles - Tienda de muebles en M\u00e1laga y Marbella","og_image":[{"width":1560,"height":826,"url":"https:\/\/oboemuebles.com\/wp-content\/uploads\/2025\/11\/cocina-isla-laca-madera-1.webp","type":"image\/webp"}],"twitter_card":"summary_large_image","schema":{"@context":"https:\/\/schema.org","@graph":[{"@type":"WebPage","@id":"https:\/\/oboemuebles.com\/en\/producto\/kitchen-with-island-in-lacquer-and-wood\/","url":"https:\/\/oboemuebles.com\/en\/producto\/kitchen-with-island-in-lacquer-and-wood\/","name":"KITCHEN WITH ISLAND IN LACQUER AND WOOD - Oboe Muebles - Tienda de muebles en M\u00e1laga y Marbella","isPartOf":{"@id":"https:\/\/oboemuebles.com\/en\/#website"},"primaryImageOfPage":{"@id":"https:\/\/oboemuebles.com\/en\/producto\/kitchen-with-island-in-lacquer-and-wood\/#primaryimage"},"image":{"@id":"https:\/\/oboemuebles.com\/en\/producto\/kitchen-with-island-in-lacquer-and-wood\/#primaryimage"},"thumbnailUrl":"https:\/\/oboemuebles.com\/wp-content\/uploads\/2025\/11\/cocina-isla-laca-madera-1.webp","datePublished":"2025-11-13T15:08:25+00:00","breadcrumb":{"@id":"https:\/\/oboemuebles.com\/en\/producto\/kitchen-with-island-in-lacquer-and-wood\/#breadcrumb"},"inLanguage":"en-US","potentialAction":[{"@type":"ReadAction","target":["https:\/\/oboemuebles.com\/en\/producto\/kitchen-with-island-in-lacquer-and-wood\/"]}]},{"@type":"ImageObject","inLanguage":"en-US","@id":"https:\/\/oboemuebles.com\/en\/producto\/kitchen-with-island-in-lacquer-and-wood\/#primaryimage","url":"https:\/\/oboemuebles.com\/wp-content\/uploads\/2025\/11\/cocina-isla-laca-madera-1.webp","contentUrl":"https:\/\/oboemuebles.com\/wp-content\/uploads\/2025\/11\/cocina-isla-laca-madera-1.webp","width":1560,"height":826},{"@type":"BreadcrumbList","@id":"https:\/\/oboemuebles.com\/en\/producto\/kitchen-with-island-in-lacquer-and-wood\/#breadcrumb","itemListElement":[{"@type":"ListItem","position":1,"name":"Portada","item":"https:\/\/oboemuebles.com\/en\/home\/"},{"@type":"ListItem","position":2,"name":"Shop","item":"https:\/\/oboemuebles.com\/en\/shop\/"},{"@type":"ListItem","position":3,"name":"KITCHEN WITH ISLAND IN LACQUER AND WOOD"}]},{"@type":"WebSite","@id":"https:\/\/oboemuebles.com\/en\/#website","url":"https:\/\/oboemuebles.com\/en\/","name":"Oboe Muebles - Tienda de muebles en M\u00e1laga y Marbella","description":"Oboe Muebles - Tienda de muebles en M\u00e1laga y Marbella","potentialAction":[{"@type":"SearchAction","target":{"@type":"EntryPoint","urlTemplate":"https:\/\/oboemuebles.com\/en\/?s={search_term_string}"},"query-input":{"@type":"PropertyValueSpecification","valueRequired":true,"valueName":"search_term_string"}}],"inLanguage":"en-US"}]}},"_links":{"self":[{"href":"https:\/\/oboemuebles.com\/en\/wp-json\/wp\/v2\/product\/37963","targetHints":{"allow":["GET"]}}],"collection":[{"href":"https:\/\/oboemuebles.com\/en\/wp-json\/wp\/v2\/product"}],"about":[{"href":"https:\/\/oboemuebles.com\/en\/wp-json\/wp\/v2\/types\/product"}],"replies":[{"embeddable":true,"href":"https:\/\/oboemuebles.com\/en\/wp-json\/wp\/v2\/comments?post=37963"}],"wp:featuredmedia":[{"embeddable":true,"href":"https:\/\/oboemuebles.com\/en\/wp-json\/wp\/v2\/media\/16076"}],"wp:attachment":[{"href":"https:\/\/oboemuebles.com\/en\/wp-json\/wp\/v2\/media?parent=37963"}],"wp:term":[{"taxonomy":"product_brand","embeddable":true,"href":"https:\/\/oboemuebles.com\/en\/wp-json\/wp\/v2\/product_brand?post=37963"},{"taxonomy":"product_cat","embeddable":true,"href":"https:\/\/oboemuebles.com\/en\/wp-json\/wp\/v2\/product_cat?post=37963"},{"taxonomy":"product_tag","embeddable":true,"href":"https:\/\/oboemuebles.com\/en\/wp-json\/wp\/v2\/product_tag?post=37963"}],"curies":[{"name":"wp","href":"https:\/\/api.w.org\/{rel}","templated":true}]}}