{"id":37968,"date":"2025-11-13T15:08:25","date_gmt":"2025-11-13T15:08:25","guid":{"rendered":"https:\/\/oboemuebles.com\/producto\/kitchen-with-bar-dining-area\/"},"modified":"2025-11-13T15:08:25","modified_gmt":"2025-11-13T15:08:25","slug":"kitchen-with-bar-dining-area","status":"publish","type":"product","link":"https:\/\/oboemuebles.com\/en\/producto\/kitchen-with-bar-dining-area\/","title":{"rendered":"KITCHEN WITH BAR\/DINING AREA"},"content":{"rendered":"<p><span data-sheets-value=\"{\"1\":2,\"2\":\"Las columnas acaban con vitrinas para aprovechar todo el espacio y colocar objetos decorativos o de uso cotidiano.nLos muebles bajos de la isla disponen de un sistema de apertura a gola plana y, como tirador, un perfil met\u00e1lico en la cabecera de la puerta, disponible en blanco, aluminio o negro.nEsta cocina puede adaptarse en cuanto a medidas y acabados. Seg\u00fan las necesidades de cada cliente. Cons\u00falta con nuestro equipo de profesionales para m\u00e1s informaci\u00f3n.\"}\" data-sheets-userformat=\"{\"2\":769,\"3\":{\"1\":0},\"11\":4,\"12\":0}\">The columns end with display cabinets to maximize space and showcase decorative items or everyday objects.<br \/>\nThe island&#8217;s base cabinets feature a flush-mounted opening system and a metal profile at the top of the door, available in white, aluminum, or black.<br \/>\nThis kitchen can be customized in terms of size and finishes to meet each client&#8217;s needs. Consult our team of professionals for more information.  <\/span><\/p>\n","protected":false},"excerpt":{"rendered":"<p><span data-sheets-value=\"{\"1\":2,\"2\":\"En esta isla funcional se concentra la zona de trabajo, con el fregadero, la placa y la barra de cocina comedor con soporte de vidrio que contrasta con la encimera de laminado Cemento Polvere.nLa vers\u00e1til estructura de aluminio tubular tiene una secci\u00f3n cuadrada, pintada de negro y con estantes de vidrio. Colgada del techo y con campana integrada, tambi\u00e9n resulta \u00fatil para guardar cacerolas y colgar utensilios.\"}\" data-sheets-userformat=\"{\"2\":769,\"3\":{\"1\":0},\"11\":4,\"12\":0}\">This functional island houses the work area, with the sink, cooktop, and a kitchen-dining bar featuring a glass top that contrasts with the Cemento Polvere laminate countertop.<br \/>\nThe versatile tubular aluminum structure has a square cross-section, is painted black, and includes glass shelves. Suspended from the ceiling and with an integrated range hood, it also provides ample storage for pots and pans and a place to hang utensils. <\/span><\/p>\n","protected":false},"featured_media":16081,"comment_status":"closed","ping_status":"closed","template":"","meta":{"_acf_changed":false},"product_brand":[],"product_cat":[869,877,871,872],"product_tag":[],"class_list":{"0":"post-37968","1":"product","2":"type-product","3":"status-publish","4":"has-post-thumbnail","6":"product_cat-d23","7":"product_cat-kitchen-in-malaga-marbella","8":"product_cat-kitchens-in-malaga-marbella","9":"product_cat-rooms-en","10":"pa_diseno-alberto-lievore","11":"pa_diseno-jeannette-altherr","12":"pa_diseno-manel-molina","14":"first","15":"instock","16":"product-type-simple"},"acf":[],"yoast_head":"<!-- This site is optimized with the Yoast SEO plugin v27.5 - https:\/\/yoast.com\/product\/yoast-seo-wordpress\/ -->\n<title>KITCHEN WITH BAR\/DINING AREA - Oboe Muebles - Tienda de muebles en M\u00e1laga y Marbella<\/title>\n<meta name=\"robots\" content=\"index, follow, max-snippet:-1, max-image-preview:large, max-video-preview:-1\" \/>\n<link rel=\"canonical\" href=\"https:\/\/oboemuebles.com\/en\/producto\/kitchen-with-bar-dining-area\/\" \/>\n<meta property=\"og:locale\" content=\"en_US\" \/>\n<meta property=\"og:type\" content=\"article\" \/>\n<meta property=\"og:title\" content=\"KITCHEN WITH BAR\/DINING AREA - Oboe Muebles - Tienda de muebles en M\u00e1laga y Marbella\" \/>\n<meta property=\"og:description\" content=\"This functional island houses the work area, with the sink, cooktop, and a kitchen-dining bar featuring a glass top that contrasts with the Cemento Polvere laminate countertop. The versatile tubular aluminum structure has a square cross-section, is painted black, and includes glass shelves. Suspended from the ceiling and with an integrated range hood, it also provides ample storage for pots and pans and a place to hang utensils.\" \/>\n<meta property=\"og:url\" content=\"https:\/\/oboemuebles.com\/en\/producto\/kitchen-with-bar-dining-area\/\" \/>\n<meta property=\"og:site_name\" content=\"Oboe Muebles - Tienda de muebles en M\u00e1laga y Marbella\" \/>\n<meta property=\"og:image\" content=\"https:\/\/oboemuebles.com\/wp-content\/uploads\/2025\/11\/cocina-isla-barra-comedor-1-1.webp\" \/>\n\t<meta property=\"og:image:width\" content=\"1560\" \/>\n\t<meta property=\"og:image:height\" content=\"826\" \/>\n\t<meta property=\"og:image:type\" content=\"image\/webp\" \/>\n<meta name=\"twitter:card\" content=\"summary_large_image\" \/>\n<script type=\"application\/ld+json\" class=\"yoast-schema-graph\">{\"@context\":\"https:\\\/\\\/schema.org\",\"@graph\":[{\"@type\":\"WebPage\",\"@id\":\"https:\\\/\\\/oboemuebles.com\\\/en\\\/producto\\\/kitchen-with-bar-dining-area\\\/\",\"url\":\"https:\\\/\\\/oboemuebles.com\\\/en\\\/producto\\\/kitchen-with-bar-dining-area\\\/\",\"name\":\"KITCHEN WITH BAR\\\/DINING AREA - Oboe Muebles - Tienda de muebles en M\u00e1laga y Marbella\",\"isPartOf\":{\"@id\":\"https:\\\/\\\/oboemuebles.com\\\/en\\\/#website\"},\"primaryImageOfPage\":{\"@id\":\"https:\\\/\\\/oboemuebles.com\\\/en\\\/producto\\\/kitchen-with-bar-dining-area\\\/#primaryimage\"},\"image\":{\"@id\":\"https:\\\/\\\/oboemuebles.com\\\/en\\\/producto\\\/kitchen-with-bar-dining-area\\\/#primaryimage\"},\"thumbnailUrl\":\"https:\\\/\\\/oboemuebles.com\\\/wp-content\\\/uploads\\\/2025\\\/11\\\/cocina-isla-barra-comedor-1-1.webp\",\"datePublished\":\"2025-11-13T15:08:25+00:00\",\"breadcrumb\":{\"@id\":\"https:\\\/\\\/oboemuebles.com\\\/en\\\/producto\\\/kitchen-with-bar-dining-area\\\/#breadcrumb\"},\"inLanguage\":\"en-US\",\"potentialAction\":[{\"@type\":\"ReadAction\",\"target\":[\"https:\\\/\\\/oboemuebles.com\\\/en\\\/producto\\\/kitchen-with-bar-dining-area\\\/\"]}]},{\"@type\":\"ImageObject\",\"inLanguage\":\"en-US\",\"@id\":\"https:\\\/\\\/oboemuebles.com\\\/en\\\/producto\\\/kitchen-with-bar-dining-area\\\/#primaryimage\",\"url\":\"https:\\\/\\\/oboemuebles.com\\\/wp-content\\\/uploads\\\/2025\\\/11\\\/cocina-isla-barra-comedor-1-1.webp\",\"contentUrl\":\"https:\\\/\\\/oboemuebles.com\\\/wp-content\\\/uploads\\\/2025\\\/11\\\/cocina-isla-barra-comedor-1-1.webp\",\"width\":1560,\"height\":826},{\"@type\":\"BreadcrumbList\",\"@id\":\"https:\\\/\\\/oboemuebles.com\\\/en\\\/producto\\\/kitchen-with-bar-dining-area\\\/#breadcrumb\",\"itemListElement\":[{\"@type\":\"ListItem\",\"position\":1,\"name\":\"Portada\",\"item\":\"https:\\\/\\\/oboemuebles.com\\\/en\\\/home\\\/\"},{\"@type\":\"ListItem\",\"position\":2,\"name\":\"Shop\",\"item\":\"https:\\\/\\\/oboemuebles.com\\\/en\\\/shop\\\/\"},{\"@type\":\"ListItem\",\"position\":3,\"name\":\"KITCHEN WITH BAR\\\/DINING AREA\"}]},{\"@type\":\"WebSite\",\"@id\":\"https:\\\/\\\/oboemuebles.com\\\/en\\\/#website\",\"url\":\"https:\\\/\\\/oboemuebles.com\\\/en\\\/\",\"name\":\"Oboe Muebles - Tienda de muebles en M\u00e1laga y Marbella\",\"description\":\"Oboe Muebles - Tienda de muebles en M\u00e1laga y Marbella\",\"potentialAction\":[{\"@type\":\"SearchAction\",\"target\":{\"@type\":\"EntryPoint\",\"urlTemplate\":\"https:\\\/\\\/oboemuebles.com\\\/en\\\/?s={search_term_string}\"},\"query-input\":{\"@type\":\"PropertyValueSpecification\",\"valueRequired\":true,\"valueName\":\"search_term_string\"}}],\"inLanguage\":\"en-US\"}]}<\/script>\n<!-- \/ Yoast SEO plugin. -->","yoast_head_json":{"title":"KITCHEN WITH BAR\/DINING AREA - Oboe Muebles - Tienda de muebles en M\u00e1laga y Marbella","robots":{"index":"index","follow":"follow","max-snippet":"max-snippet:-1","max-image-preview":"max-image-preview:large","max-video-preview":"max-video-preview:-1"},"canonical":"https:\/\/oboemuebles.com\/en\/producto\/kitchen-with-bar-dining-area\/","og_locale":"en_US","og_type":"article","og_title":"KITCHEN WITH BAR\/DINING AREA - Oboe Muebles - Tienda de muebles en M\u00e1laga y Marbella","og_description":"This functional island houses the work area, with the sink, cooktop, and a kitchen-dining bar featuring a glass top that contrasts with the Cemento Polvere laminate countertop. The versatile tubular aluminum structure has a square cross-section, is painted black, and includes glass shelves. Suspended from the ceiling and with an integrated range hood, it also provides ample storage for pots and pans and a place to hang utensils.","og_url":"https:\/\/oboemuebles.com\/en\/producto\/kitchen-with-bar-dining-area\/","og_site_name":"Oboe Muebles - Tienda de muebles en M\u00e1laga y Marbella","og_image":[{"width":1560,"height":826,"url":"https:\/\/oboemuebles.com\/wp-content\/uploads\/2025\/11\/cocina-isla-barra-comedor-1-1.webp","type":"image\/webp"}],"twitter_card":"summary_large_image","schema":{"@context":"https:\/\/schema.org","@graph":[{"@type":"WebPage","@id":"https:\/\/oboemuebles.com\/en\/producto\/kitchen-with-bar-dining-area\/","url":"https:\/\/oboemuebles.com\/en\/producto\/kitchen-with-bar-dining-area\/","name":"KITCHEN WITH BAR\/DINING AREA - Oboe Muebles - Tienda de muebles en M\u00e1laga y Marbella","isPartOf":{"@id":"https:\/\/oboemuebles.com\/en\/#website"},"primaryImageOfPage":{"@id":"https:\/\/oboemuebles.com\/en\/producto\/kitchen-with-bar-dining-area\/#primaryimage"},"image":{"@id":"https:\/\/oboemuebles.com\/en\/producto\/kitchen-with-bar-dining-area\/#primaryimage"},"thumbnailUrl":"https:\/\/oboemuebles.com\/wp-content\/uploads\/2025\/11\/cocina-isla-barra-comedor-1-1.webp","datePublished":"2025-11-13T15:08:25+00:00","breadcrumb":{"@id":"https:\/\/oboemuebles.com\/en\/producto\/kitchen-with-bar-dining-area\/#breadcrumb"},"inLanguage":"en-US","potentialAction":[{"@type":"ReadAction","target":["https:\/\/oboemuebles.com\/en\/producto\/kitchen-with-bar-dining-area\/"]}]},{"@type":"ImageObject","inLanguage":"en-US","@id":"https:\/\/oboemuebles.com\/en\/producto\/kitchen-with-bar-dining-area\/#primaryimage","url":"https:\/\/oboemuebles.com\/wp-content\/uploads\/2025\/11\/cocina-isla-barra-comedor-1-1.webp","contentUrl":"https:\/\/oboemuebles.com\/wp-content\/uploads\/2025\/11\/cocina-isla-barra-comedor-1-1.webp","width":1560,"height":826},{"@type":"BreadcrumbList","@id":"https:\/\/oboemuebles.com\/en\/producto\/kitchen-with-bar-dining-area\/#breadcrumb","itemListElement":[{"@type":"ListItem","position":1,"name":"Portada","item":"https:\/\/oboemuebles.com\/en\/home\/"},{"@type":"ListItem","position":2,"name":"Shop","item":"https:\/\/oboemuebles.com\/en\/shop\/"},{"@type":"ListItem","position":3,"name":"KITCHEN WITH BAR\/DINING AREA"}]},{"@type":"WebSite","@id":"https:\/\/oboemuebles.com\/en\/#website","url":"https:\/\/oboemuebles.com\/en\/","name":"Oboe Muebles - Tienda de muebles en M\u00e1laga y Marbella","description":"Oboe Muebles - Tienda de muebles en M\u00e1laga y Marbella","potentialAction":[{"@type":"SearchAction","target":{"@type":"EntryPoint","urlTemplate":"https:\/\/oboemuebles.com\/en\/?s={search_term_string}"},"query-input":{"@type":"PropertyValueSpecification","valueRequired":true,"valueName":"search_term_string"}}],"inLanguage":"en-US"}]}},"_links":{"self":[{"href":"https:\/\/oboemuebles.com\/en\/wp-json\/wp\/v2\/product\/37968","targetHints":{"allow":["GET"]}}],"collection":[{"href":"https:\/\/oboemuebles.com\/en\/wp-json\/wp\/v2\/product"}],"about":[{"href":"https:\/\/oboemuebles.com\/en\/wp-json\/wp\/v2\/types\/product"}],"replies":[{"embeddable":true,"href":"https:\/\/oboemuebles.com\/en\/wp-json\/wp\/v2\/comments?post=37968"}],"wp:featuredmedia":[{"embeddable":true,"href":"https:\/\/oboemuebles.com\/en\/wp-json\/wp\/v2\/media\/16081"}],"wp:attachment":[{"href":"https:\/\/oboemuebles.com\/en\/wp-json\/wp\/v2\/media?parent=37968"}],"wp:term":[{"taxonomy":"product_brand","embeddable":true,"href":"https:\/\/oboemuebles.com\/en\/wp-json\/wp\/v2\/product_brand?post=37968"},{"taxonomy":"product_cat","embeddable":true,"href":"https:\/\/oboemuebles.com\/en\/wp-json\/wp\/v2\/product_cat?post=37968"},{"taxonomy":"product_tag","embeddable":true,"href":"https:\/\/oboemuebles.com\/en\/wp-json\/wp\/v2\/product_tag?post=37968"}],"curies":[{"name":"wp","href":"https:\/\/api.w.org\/{rel}","templated":true}]}}