{"id":37973,"date":"2025-11-13T15:08:25","date_gmt":"2025-11-13T15:08:25","guid":{"rendered":"https:\/\/oboemuebles.com\/producto\/kitchen-with-terrace-countertop\/"},"modified":"2025-11-13T15:08:25","modified_gmt":"2025-11-13T15:08:25","slug":"kitchen-with-terrace-countertop","status":"publish","type":"product","link":"https:\/\/oboemuebles.com\/en\/producto\/kitchen-with-terrace-countertop\/","title":{"rendered":"KITCHEN WITH TERRACE COUNTERTOP"},"content":{"rendered":"<p><span data-sheets-value=\"{\"1\":2,\"2\":\"La barra de cocina de Fenix NTM\u00ae Nero act\u00faa como nexo de uni\u00f3n. En el mismo material, los armarios de pared de diferentes alturas est\u00e1n enfrentados a los elementos Modular de metal grafito oscuro, colocados sobre la encimera de laminado HPL terrazo Basalto. La isla, un monobloque escultural, retoma el acabado de los muebles bajos de la pared opuesta de nogal Rayado.nEsta cocina puede adaptarse en cuanto a medidas y acabados. Seg\u00fan las necesidades de cada cliente. Cons\u00falta con nuestro equipo de profesionales para m\u00e1s informaci\u00f3n.\"}\" data-sheets-userformat=\"{\"2\":769,\"3\":{\"1\":0},\"11\":4,\"12\":0}\">The Fenix \u200b\u200bNTM\u00ae Nero kitchen bar acts as a unifying element. Made of the same material, the wall cabinets of varying heights face the Modular elements in dark graphite metal, placed on the Basalt terrazzo HPL laminate countertop. The island, a sculptural monoblock, echoes the striped walnut finish of the base cabinets on the opposite wall.<br \/>\nThis kitchen can be customized in terms of size and finishes to meet each client&#8217;s needs. Consult our team of professionals for more information.    <\/span><\/p>\n","protected":false},"excerpt":{"rendered":"<p><span data-sheets-value=\"{\"1\":2,\"2\":\"Una cocina con isla, con zonas de trabajo bien separadas y marcados contrastes: por un lado, el bloque de pared con placa de cocina frente a la isla con fregadero; por otro, la zona de la despensa. El nogal Rayado contrasta con el sedoso Fenix NTM\u00ae Nero y el Synchroface terrazo Basalto.nLa despensa empotrada se compone de amplias columnas, que ganan protagonismo gracias a los tiradores Rail de aluminio negro. \u00c9stos, colocados en la puerta, imitan una gola y aportan una nota est\u00e9tica original, en un juego de l\u00edneas verticales y horizontales en las puertas de Synchroface terraza Basalto.\"}\" data-sheets-userformat=\"{\"2\":769,\"3\":{\"1\":0},\"11\":4,\"12\":0}\">A kitchen with an island, featuring well-defined work areas and striking contrasts: on one side, the wall unit with the cooktop opposite the island with its sink; on the other, the pantry area. The Striped Walnut contrasts with the silky Fenix \u200b\u200bNTM\u00ae Nero and the Synchroface Basalt terrazzo.<br \/>The built-in pantry consists of wide columns, which are made more prominent by the black aluminum Rail handles. These handles, positioned on the doors, mimic a recessed groove and add a unique aesthetic touch, creating a play of vertical and horizontal lines on the Synchroface Basalt terrazzo doors.  <\/span><\/p>\n","protected":false},"featured_media":16086,"comment_status":"closed","ping_status":"closed","template":"","meta":{"_acf_changed":false},"product_brand":[],"product_cat":[869,877,871,872],"product_tag":[],"class_list":{"0":"post-37973","1":"product","2":"type-product","3":"status-publish","4":"has-post-thumbnail","6":"product_cat-d23","7":"product_cat-kitchen-in-malaga-marbella","8":"product_cat-kitchens-in-malaga-marbella","9":"product_cat-rooms-en","10":"pa_diseno-alberto-lievore","11":"pa_diseno-jeannette-altherr","12":"pa_diseno-manel-molina","14":"first","15":"instock","16":"product-type-simple"},"acf":[],"yoast_head":"<!-- This site is optimized with the Yoast SEO plugin v27.5 - https:\/\/yoast.com\/product\/yoast-seo-wordpress\/ -->\n<title>KITCHEN WITH TERRACE COUNTERTOP - Oboe Muebles - Tienda de muebles en M\u00e1laga y Marbella<\/title>\n<meta name=\"robots\" content=\"index, follow, max-snippet:-1, max-image-preview:large, max-video-preview:-1\" \/>\n<link rel=\"canonical\" href=\"https:\/\/oboemuebles.com\/en\/producto\/kitchen-with-terrace-countertop\/\" \/>\n<meta property=\"og:locale\" content=\"en_US\" \/>\n<meta property=\"og:type\" content=\"article\" \/>\n<meta property=\"og:title\" content=\"KITCHEN WITH TERRACE COUNTERTOP - Oboe Muebles - Tienda de muebles en M\u00e1laga y Marbella\" \/>\n<meta property=\"og:description\" content=\"A kitchen with an island, featuring well-defined work areas and striking contrasts: on one side, the wall unit with the cooktop opposite the island with its sink; on the other, the pantry area. The Striped Walnut contrasts with the silky Fenix \u200b\u200bNTM\u00ae Nero and the Synchroface Basalt terrazzo.The built-in pantry consists of wide columns, which are made more prominent by the black aluminum Rail handles. These handles, positioned on the doors, mimic a recessed groove and add a unique aesthetic touch, creating a play of vertical and horizontal lines on the Synchroface Basalt terrazzo doors.\" \/>\n<meta property=\"og:url\" content=\"https:\/\/oboemuebles.com\/en\/producto\/kitchen-with-terrace-countertop\/\" \/>\n<meta property=\"og:site_name\" content=\"Oboe Muebles - Tienda de muebles en M\u00e1laga y Marbella\" \/>\n<meta property=\"og:image\" content=\"https:\/\/oboemuebles.com\/wp-content\/uploads\/2025\/11\/cocina-isla-encimera-terrazo-2.webp\" \/>\n\t<meta property=\"og:image:width\" content=\"1560\" \/>\n\t<meta property=\"og:image:height\" content=\"826\" \/>\n\t<meta property=\"og:image:type\" content=\"image\/webp\" \/>\n<meta name=\"twitter:card\" content=\"summary_large_image\" \/>\n<script type=\"application\/ld+json\" class=\"yoast-schema-graph\">{\"@context\":\"https:\\\/\\\/schema.org\",\"@graph\":[{\"@type\":\"WebPage\",\"@id\":\"https:\\\/\\\/oboemuebles.com\\\/en\\\/producto\\\/kitchen-with-terrace-countertop\\\/\",\"url\":\"https:\\\/\\\/oboemuebles.com\\\/en\\\/producto\\\/kitchen-with-terrace-countertop\\\/\",\"name\":\"KITCHEN WITH TERRACE COUNTERTOP - Oboe Muebles - Tienda de muebles en M\u00e1laga y Marbella\",\"isPartOf\":{\"@id\":\"https:\\\/\\\/oboemuebles.com\\\/en\\\/#website\"},\"primaryImageOfPage\":{\"@id\":\"https:\\\/\\\/oboemuebles.com\\\/en\\\/producto\\\/kitchen-with-terrace-countertop\\\/#primaryimage\"},\"image\":{\"@id\":\"https:\\\/\\\/oboemuebles.com\\\/en\\\/producto\\\/kitchen-with-terrace-countertop\\\/#primaryimage\"},\"thumbnailUrl\":\"https:\\\/\\\/oboemuebles.com\\\/wp-content\\\/uploads\\\/2025\\\/11\\\/cocina-isla-encimera-terrazo-2.webp\",\"datePublished\":\"2025-11-13T15:08:25+00:00\",\"breadcrumb\":{\"@id\":\"https:\\\/\\\/oboemuebles.com\\\/en\\\/producto\\\/kitchen-with-terrace-countertop\\\/#breadcrumb\"},\"inLanguage\":\"en-US\",\"potentialAction\":[{\"@type\":\"ReadAction\",\"target\":[\"https:\\\/\\\/oboemuebles.com\\\/en\\\/producto\\\/kitchen-with-terrace-countertop\\\/\"]}]},{\"@type\":\"ImageObject\",\"inLanguage\":\"en-US\",\"@id\":\"https:\\\/\\\/oboemuebles.com\\\/en\\\/producto\\\/kitchen-with-terrace-countertop\\\/#primaryimage\",\"url\":\"https:\\\/\\\/oboemuebles.com\\\/wp-content\\\/uploads\\\/2025\\\/11\\\/cocina-isla-encimera-terrazo-2.webp\",\"contentUrl\":\"https:\\\/\\\/oboemuebles.com\\\/wp-content\\\/uploads\\\/2025\\\/11\\\/cocina-isla-encimera-terrazo-2.webp\",\"width\":1560,\"height\":826},{\"@type\":\"BreadcrumbList\",\"@id\":\"https:\\\/\\\/oboemuebles.com\\\/en\\\/producto\\\/kitchen-with-terrace-countertop\\\/#breadcrumb\",\"itemListElement\":[{\"@type\":\"ListItem\",\"position\":1,\"name\":\"Portada\",\"item\":\"https:\\\/\\\/oboemuebles.com\\\/en\\\/home\\\/\"},{\"@type\":\"ListItem\",\"position\":2,\"name\":\"Shop\",\"item\":\"https:\\\/\\\/oboemuebles.com\\\/en\\\/shop\\\/\"},{\"@type\":\"ListItem\",\"position\":3,\"name\":\"KITCHEN WITH TERRACE COUNTERTOP\"}]},{\"@type\":\"WebSite\",\"@id\":\"https:\\\/\\\/oboemuebles.com\\\/en\\\/#website\",\"url\":\"https:\\\/\\\/oboemuebles.com\\\/en\\\/\",\"name\":\"Oboe Muebles - Tienda de muebles en M\u00e1laga y Marbella\",\"description\":\"Oboe Muebles - Tienda de muebles en M\u00e1laga y Marbella\",\"potentialAction\":[{\"@type\":\"SearchAction\",\"target\":{\"@type\":\"EntryPoint\",\"urlTemplate\":\"https:\\\/\\\/oboemuebles.com\\\/en\\\/?s={search_term_string}\"},\"query-input\":{\"@type\":\"PropertyValueSpecification\",\"valueRequired\":true,\"valueName\":\"search_term_string\"}}],\"inLanguage\":\"en-US\"}]}<\/script>\n<!-- \/ Yoast SEO plugin. -->","yoast_head_json":{"title":"KITCHEN WITH TERRACE COUNTERTOP - Oboe Muebles - Tienda de muebles en M\u00e1laga y Marbella","robots":{"index":"index","follow":"follow","max-snippet":"max-snippet:-1","max-image-preview":"max-image-preview:large","max-video-preview":"max-video-preview:-1"},"canonical":"https:\/\/oboemuebles.com\/en\/producto\/kitchen-with-terrace-countertop\/","og_locale":"en_US","og_type":"article","og_title":"KITCHEN WITH TERRACE COUNTERTOP - Oboe Muebles - Tienda de muebles en M\u00e1laga y Marbella","og_description":"A kitchen with an island, featuring well-defined work areas and striking contrasts: on one side, the wall unit with the cooktop opposite the island with its sink; on the other, the pantry area. The Striped Walnut contrasts with the silky Fenix \u200b\u200bNTM\u00ae Nero and the Synchroface Basalt terrazzo.The built-in pantry consists of wide columns, which are made more prominent by the black aluminum Rail handles. These handles, positioned on the doors, mimic a recessed groove and add a unique aesthetic touch, creating a play of vertical and horizontal lines on the Synchroface Basalt terrazzo doors.","og_url":"https:\/\/oboemuebles.com\/en\/producto\/kitchen-with-terrace-countertop\/","og_site_name":"Oboe Muebles - Tienda de muebles en M\u00e1laga y Marbella","og_image":[{"width":1560,"height":826,"url":"https:\/\/oboemuebles.com\/wp-content\/uploads\/2025\/11\/cocina-isla-encimera-terrazo-2.webp","type":"image\/webp"}],"twitter_card":"summary_large_image","schema":{"@context":"https:\/\/schema.org","@graph":[{"@type":"WebPage","@id":"https:\/\/oboemuebles.com\/en\/producto\/kitchen-with-terrace-countertop\/","url":"https:\/\/oboemuebles.com\/en\/producto\/kitchen-with-terrace-countertop\/","name":"KITCHEN WITH TERRACE COUNTERTOP - Oboe Muebles - Tienda de muebles en M\u00e1laga y Marbella","isPartOf":{"@id":"https:\/\/oboemuebles.com\/en\/#website"},"primaryImageOfPage":{"@id":"https:\/\/oboemuebles.com\/en\/producto\/kitchen-with-terrace-countertop\/#primaryimage"},"image":{"@id":"https:\/\/oboemuebles.com\/en\/producto\/kitchen-with-terrace-countertop\/#primaryimage"},"thumbnailUrl":"https:\/\/oboemuebles.com\/wp-content\/uploads\/2025\/11\/cocina-isla-encimera-terrazo-2.webp","datePublished":"2025-11-13T15:08:25+00:00","breadcrumb":{"@id":"https:\/\/oboemuebles.com\/en\/producto\/kitchen-with-terrace-countertop\/#breadcrumb"},"inLanguage":"en-US","potentialAction":[{"@type":"ReadAction","target":["https:\/\/oboemuebles.com\/en\/producto\/kitchen-with-terrace-countertop\/"]}]},{"@type":"ImageObject","inLanguage":"en-US","@id":"https:\/\/oboemuebles.com\/en\/producto\/kitchen-with-terrace-countertop\/#primaryimage","url":"https:\/\/oboemuebles.com\/wp-content\/uploads\/2025\/11\/cocina-isla-encimera-terrazo-2.webp","contentUrl":"https:\/\/oboemuebles.com\/wp-content\/uploads\/2025\/11\/cocina-isla-encimera-terrazo-2.webp","width":1560,"height":826},{"@type":"BreadcrumbList","@id":"https:\/\/oboemuebles.com\/en\/producto\/kitchen-with-terrace-countertop\/#breadcrumb","itemListElement":[{"@type":"ListItem","position":1,"name":"Portada","item":"https:\/\/oboemuebles.com\/en\/home\/"},{"@type":"ListItem","position":2,"name":"Shop","item":"https:\/\/oboemuebles.com\/en\/shop\/"},{"@type":"ListItem","position":3,"name":"KITCHEN WITH TERRACE COUNTERTOP"}]},{"@type":"WebSite","@id":"https:\/\/oboemuebles.com\/en\/#website","url":"https:\/\/oboemuebles.com\/en\/","name":"Oboe Muebles - Tienda de muebles en M\u00e1laga y Marbella","description":"Oboe Muebles - Tienda de muebles en M\u00e1laga y Marbella","potentialAction":[{"@type":"SearchAction","target":{"@type":"EntryPoint","urlTemplate":"https:\/\/oboemuebles.com\/en\/?s={search_term_string}"},"query-input":{"@type":"PropertyValueSpecification","valueRequired":true,"valueName":"search_term_string"}}],"inLanguage":"en-US"}]}},"_links":{"self":[{"href":"https:\/\/oboemuebles.com\/en\/wp-json\/wp\/v2\/product\/37973","targetHints":{"allow":["GET"]}}],"collection":[{"href":"https:\/\/oboemuebles.com\/en\/wp-json\/wp\/v2\/product"}],"about":[{"href":"https:\/\/oboemuebles.com\/en\/wp-json\/wp\/v2\/types\/product"}],"replies":[{"embeddable":true,"href":"https:\/\/oboemuebles.com\/en\/wp-json\/wp\/v2\/comments?post=37973"}],"wp:featuredmedia":[{"embeddable":true,"href":"https:\/\/oboemuebles.com\/en\/wp-json\/wp\/v2\/media\/16086"}],"wp:attachment":[{"href":"https:\/\/oboemuebles.com\/en\/wp-json\/wp\/v2\/media?parent=37973"}],"wp:term":[{"taxonomy":"product_brand","embeddable":true,"href":"https:\/\/oboemuebles.com\/en\/wp-json\/wp\/v2\/product_brand?post=37973"},{"taxonomy":"product_cat","embeddable":true,"href":"https:\/\/oboemuebles.com\/en\/wp-json\/wp\/v2\/product_cat?post=37973"},{"taxonomy":"product_tag","embeddable":true,"href":"https:\/\/oboemuebles.com\/en\/wp-json\/wp\/v2\/product_tag?post=37973"}],"curies":[{"name":"wp","href":"https:\/\/api.w.org\/{rel}","templated":true}]}}