{"id":37979,"date":"2025-11-13T15:08:25","date_gmt":"2025-11-13T15:08:25","guid":{"rendered":"https:\/\/oboemuebles.com\/producto\/u-shaped-kitchen-in-oak-and-white\/"},"modified":"2025-11-13T15:08:25","modified_gmt":"2025-11-13T15:08:25","slug":"u-shaped-kitchen-in-oak-and-white","status":"publish","type":"product","link":"https:\/\/oboemuebles.com\/en\/producto\/u-shaped-kitchen-in-oak-and-white\/","title":{"rendered":"U-SHAPED KITCHEN IN OAK AND WHITE"},"content":{"rendered":"<p><span data-sheets-value=\"{\"1\":2,\"2\":\"Los tonos limunosos son un hilo conductor en esta cocina: los muebles bajos de brillante XGloss Bianco, la encimera y el lateral de la barra de cocina de laminado HPL Statuario Liscio y, sobre todo, el respaldo luminoso, enmarcado por armarios de pared y columnas de Synchroface roble dogato Sesamo. Est\u00e1 retroiluminado y es magn\u00e9tico, con accesorios imantados (contenedores, portarrollos, portacucharones...).nLa cocina en \u201cU\u201d se abre con columnas y armarios de pared empotrados en un amplio nicho. La primera columna est\u00e1 equipada con tres gavetas, c\u00f3modas de extraer, profundas y con gran capacidad de almacenaje, y va seguida del bloque que acoge los hornos americanos de 30 pulgadas (76,2 cm). Para cocinar se utiliza el sistema modular Domino, integrado en la encimera, perfecto para crear una placa de cocina personalizada.nEsta cocina puede adaptarse en cuanto a medidas y acabados. Seg\u00fan las necesidades de cada cliente. Cons\u00falta con nuestro equipo de profesionales para m\u00e1s informaci\u00f3n.\"}\" data-sheets-userformat=\"{\"2\":769,\"3\":{\"1\":0},\"11\":4,\"12\":0}\">Light tones are a common thread throughout this kitchen: the base cabinets in high-gloss XGloss Bianco, the countertop and side of the kitchen bar in HPL Statuario Liscio laminate, and, above all, the luminous backsplash, framed by wall cabinets and columns in Synchroface Sesamo dogato oak. It is backlit and magnetic, with magnetic accessories (containers, paper towel holder, ladle holder, etc.).<br \/>\nThe U-shaped kitchen opens up with columns and built-in wall cabinets nestled within a spacious niche. The first column features three easy-to-use, deep drawers offering ample storage, followed by the unit housing the 30-inch (76.2 cm) American-style ovens. The Domino modular system, integrated into the countertop, is used for cooking, allowing for the creation of a customized cooktop.  <\/span><\/p>\n<p><span data-sheets-value=\"{\"1\":2,\"2\":\"Los tonos limunosos son un hilo conductor en esta cocina: los muebles bajos de brillante XGloss Bianco, la encimera y el lateral de la barra de cocina de laminado HPL Statuario Liscio y, sobre todo, el respaldo luminoso, enmarcado por armarios de pared y columnas de Synchroface roble dogato Sesamo. Est\u00e1 retroiluminado y es magn\u00e9tico, con accesorios imantados (contenedores, portarrollos, portacucharones...).nLa cocina en \u201cU\u201d se abre con columnas y armarios de pared empotrados en un amplio nicho. La primera columna est\u00e1 equipada con tres gavetas, c\u00f3modas de extraer, profundas y con gran capacidad de almacenaje, y va seguida del bloque que acoge los hornos americanos de 30 pulgadas (76,2 cm). Para cocinar se utiliza el sistema modular Domino, integrado en la encimera, perfecto para crear una placa de cocina personalizada.nEsta cocina puede adaptarse en cuanto a medidas y acabados. Seg\u00fan las necesidades de cada cliente. Cons\u00falta con nuestro equipo de profesionales para m\u00e1s informaci\u00f3n.\"}\" data-sheets-userformat=\"{\"2\":769,\"3\":{\"1\":0},\"11\":4,\"12\":0}\"><br \/>\nThis kitchen can be customized in terms of size and finishes to meet each client&#8217;s needs. Consult our team of professionals for more information.  <\/span><\/p>\n","protected":false},"excerpt":{"rendered":"<p><span data-sheets-value=\"{\"1\":2,\"2\":\"Una cocina en \u201cU\u201d de la colecci\u00f3n D23 de Doimo con encimera de laminado HPL Statuario Liscio, que reproduce el m\u00e1rmol con una calidad envidiable y es muy resistente. Los armarios de pared y las columnas a toda altura permiten aprovechar todo el espacio, ganando as\u00ed en capacidad de almacenaje. Las columnas Synchroface roble dogato Sesamo, con un elemento abierto iluminado, conducen a la sala de estar.\"}\" data-sheets-userformat=\"{\"2\":769,\"3\":{\"1\":0},\"11\":4,\"12\":0}\">A U-shaped kitchen from Doimo&#8217;s D23 collection features a Statuario Liscio HPL laminate countertop, which replicates marble with enviable quality and is highly durable. Full-height wall cabinets and tall columns maximize space, increasing storage capacity. Synchroface Sesamo Dogato Oak columns, with an illuminated open element, lead to the living room.  <\/span><\/p>\n","protected":false},"featured_media":16092,"comment_status":"closed","ping_status":"closed","template":"","meta":{"_acf_changed":false},"product_brand":[],"product_cat":[869,877,871,872],"product_tag":[],"class_list":{"0":"post-37979","1":"product","2":"type-product","3":"status-publish","4":"has-post-thumbnail","6":"product_cat-d23","7":"product_cat-kitchen-in-malaga-marbella","8":"product_cat-kitchens-in-malaga-marbella","9":"product_cat-rooms-en","10":"pa_diseno-alberto-lievore","11":"pa_diseno-jeannette-altherr","12":"pa_diseno-manel-molina","14":"first","15":"instock","16":"product-type-simple"},"acf":[],"_links":{"self":[{"href":"https:\/\/oboemuebles.com\/en\/wp-json\/wp\/v2\/product\/37979","targetHints":{"allow":["GET"]}}],"collection":[{"href":"https:\/\/oboemuebles.com\/en\/wp-json\/wp\/v2\/product"}],"about":[{"href":"https:\/\/oboemuebles.com\/en\/wp-json\/wp\/v2\/types\/product"}],"replies":[{"embeddable":true,"href":"https:\/\/oboemuebles.com\/en\/wp-json\/wp\/v2\/comments?post=37979"}],"wp:featuredmedia":[{"embeddable":true,"href":"https:\/\/oboemuebles.com\/en\/wp-json\/wp\/v2\/media\/16092"}],"wp:attachment":[{"href":"https:\/\/oboemuebles.com\/en\/wp-json\/wp\/v2\/media?parent=37979"}],"wp:term":[{"taxonomy":"product_brand","embeddable":true,"href":"https:\/\/oboemuebles.com\/en\/wp-json\/wp\/v2\/product_brand?post=37979"},{"taxonomy":"product_cat","embeddable":true,"href":"https:\/\/oboemuebles.com\/en\/wp-json\/wp\/v2\/product_cat?post=37979"},{"taxonomy":"product_tag","embeddable":true,"href":"https:\/\/oboemuebles.com\/en\/wp-json\/wp\/v2\/product_tag?post=37979"}],"curies":[{"name":"wp","href":"https:\/\/api.w.org\/{rel}","templated":true}]}}