{"id":37985,"date":"2025-11-13T15:08:25","date_gmt":"2025-11-13T15:08:25","guid":{"rendered":"https:\/\/oboemuebles.com\/producto\/u-shaped-kitchen-with-brass-effect\/"},"modified":"2025-11-13T15:08:25","modified_gmt":"2025-11-13T15:08:25","slug":"u-shaped-kitchen-with-brass-effect","status":"publish","type":"product","link":"https:\/\/oboemuebles.com\/en\/producto\/u-shaped-kitchen-with-brass-effect\/","title":{"rendered":"U-SHAPED KITCHEN WITH BRASS EFFECT"},"content":{"rendered":"<p><span data-sheets-value=\"{\"1\":2,\"2\":\"Los fogones Domino son una opci\u00f3n elegante para personalizar con estilo el \u00e1rea de cocinado. Hay muchos m\u00f3dulos disponibles seg\u00fan el tipo de cocci\u00f3n elegido. El rasgo distintivo, siempre presente, son los mandos de acero inoxidable montados en la superficie vertical del mueble bajo.nLos muebles bajos de la cocina son de lacado efecto lat\u00f3n, cepillado a mano con delicadeza. A ellos se unen otros materiales contrastantes, como el roble Rayado Naturale en las puertas de las columnas, y el vidrio armado en los muebles bajos y los armarios de pared para a\u00f1adir un toque industrial.nEsta cocina puede adaptarse en cuanto a medidas y acabados. Seg\u00fan las necesidades de cada cliente. Cons\u00falta con nuestro equipo de profesionales para m\u00e1s informaci\u00f3n.\"}\" data-sheets-userformat=\"{\"2\":769,\"3\":{\"1\":0},\"11\":4,\"12\":0}\">Domino cooktops are an elegant option for stylishly personalizing your cooking area. Many modules are available depending on the cooking method chosen. The distinctive feature, always present, is the stainless steel controls mounted on the vertical surface of the base cabinets.<br \/>\nThe kitchen base cabinets are finished in a delicately hand-brushed brass-effect lacquer. These are complemented by contrasting materials, such as Natural Striped Oak on the tall cabinet doors, and tempered glass in the base cabinets and wall units to add an industrial touch.<br \/>\nThis kitchen can be customized in terms of size and finishes to meet each client&#8217;s needs. Consult our team of professionals for more information.     <\/span><\/p>\n","protected":false},"excerpt":{"rendered":"<p><span data-sheets-value=\"{\"1\":2,\"2\":\"Una cocina en \u201cU\u201d con materiales contrastantes: muebles bajos de lacado efecto lat\u00f3n, cepillado a mano; columnas de roble Rayado Naturale, rico en matices, y toques de estilo industrial como las puertas de vidrio armado en los muebles bajos y los armarios de pared.nAdem\u00e1s, detalles como los fogones Domino divididos para cocinar y limpiar con mayor facilidad, el sistema de control remoto, los electrodom\u00e9sticos de amplias dimensiones, los azulejos dan un toque de estilo y personalidad a esta cocina.\"}\" data-sheets-userformat=\"{\"2\":769,\"3\":{\"1\":0},\"11\":4,\"12\":0}\">A U-shaped kitchen with contrasting materials: hand-brushed, brass-effect lacquered base cabinets; richly nuanced natural striped oak columns; and industrial touches like the reinforced glass doors on the base cabinets and wall units.<br \/>Furthermore, details such as the Domino cooktop, divided for easier cooking and cleaning, the remote control system, the generously sized appliances, and the tiles add a touch of style and personality to this kitchen.<\/span><\/p>\n","protected":false},"featured_media":16098,"comment_status":"closed","ping_status":"closed","template":"","meta":{"_acf_changed":false},"product_brand":[],"product_cat":[869,877,871,872],"product_tag":[],"class_list":{"0":"post-37985","1":"product","2":"type-product","3":"status-publish","4":"has-post-thumbnail","6":"product_cat-d23","7":"product_cat-kitchen-in-malaga-marbella","8":"product_cat-kitchens-in-malaga-marbella","9":"product_cat-rooms-en","10":"pa_diseno-alberto-lievore","11":"pa_diseno-jeannette-altherr","12":"pa_diseno-manel-molina","14":"first","15":"instock","16":"product-type-simple"},"acf":[],"_links":{"self":[{"href":"https:\/\/oboemuebles.com\/en\/wp-json\/wp\/v2\/product\/37985","targetHints":{"allow":["GET"]}}],"collection":[{"href":"https:\/\/oboemuebles.com\/en\/wp-json\/wp\/v2\/product"}],"about":[{"href":"https:\/\/oboemuebles.com\/en\/wp-json\/wp\/v2\/types\/product"}],"replies":[{"embeddable":true,"href":"https:\/\/oboemuebles.com\/en\/wp-json\/wp\/v2\/comments?post=37985"}],"wp:featuredmedia":[{"embeddable":true,"href":"https:\/\/oboemuebles.com\/en\/wp-json\/wp\/v2\/media\/16098"}],"wp:attachment":[{"href":"https:\/\/oboemuebles.com\/en\/wp-json\/wp\/v2\/media?parent=37985"}],"wp:term":[{"taxonomy":"product_brand","embeddable":true,"href":"https:\/\/oboemuebles.com\/en\/wp-json\/wp\/v2\/product_brand?post=37985"},{"taxonomy":"product_cat","embeddable":true,"href":"https:\/\/oboemuebles.com\/en\/wp-json\/wp\/v2\/product_cat?post=37985"},{"taxonomy":"product_tag","embeddable":true,"href":"https:\/\/oboemuebles.com\/en\/wp-json\/wp\/v2\/product_tag?post=37985"}],"curies":[{"name":"wp","href":"https:\/\/api.w.org\/{rel}","templated":true}]}}