{"id":37990,"date":"2025-11-13T15:08:25","date_gmt":"2025-11-13T15:08:25","guid":{"rendered":"https:\/\/oboemuebles.com\/producto\/dark-kitchen-with-peninsula\/"},"modified":"2025-11-13T15:08:25","modified_gmt":"2025-11-13T15:08:25","slug":"dark-kitchen-with-peninsula","status":"publish","type":"product","link":"https:\/\/oboemuebles.com\/en\/producto\/dark-kitchen-with-peninsula\/","title":{"rendered":"DARK KITCHEN WITH PENINSULA"},"content":{"rendered":"<p><span data-sheets-value=\"{\"1\":2,\"2\":\"La barra de cocina, apoyada en los m\u00f3dulos suspendidos, tiene una estructura esbelta y el tablero de chapa pintada RAL 9005 Nero Profondo.nEsta cocina puede adaptarse en cuanto a medidas y acabados. Seg\u00fan las necesidades de cada cliente. Cons\u00falta con nuestro equipo de profesionales para m\u00e1s informaci\u00f3n.\"}\" data-sheets-userformat=\"{\"2\":769,\"3\":{\"1\":0},\"11\":4,\"12\":0}\">The kitchen bar, supported by the suspended cabinets, has a slender structure and a RAL 9005 Nero Profondo painted veneer countertop.<br \/>\nThis kitchen can be customized in terms of size and finishes to meet each client&#8217;s needs. Consult our team of professionals for more information.  <\/span><\/p>\n","protected":false},"excerpt":{"rendered":"<p><span data-sheets-value=\"{\"1\":2,\"2\":\"En esta cocina con pen\u00ednsula de la colecci\u00f3n D20 de Doimo, se caracteriza por su elegancia gracias a la encimera de granito combinada con lacado mate oscuro que da como resultado un conjunto de sobrio y sofisticado. La zona de trabajo con despensa, con m\u00f3dulos de diferentes tama\u00f1os y compartimentos abiertos, se dispone entre las columnas y la isla.nEl elegante armario de pared adquiere elegancia con las puertas de vidrio al \u00e1cido gris y marco de aluminio negro. Los muebles bajos de la pen\u00ednsula tienen una pr\u00e1ctica gola de apertura que contin\u00faa de forma elegante en los laterales.\"}\" data-sheets-userformat=\"{\"2\":769,\"3\":{\"1\":0},\"11\":4,\"12\":0}\">In this kitchen with a peninsula from the Doimo D20 collection, elegance is defined by the granite countertop combined with dark matte lacquer, resulting in a sophisticated and understated look. The work area, with its pantry featuring modules of varying sizes and open compartments, is positioned between the tall cabinets and the island.<br \/>\nThe elegant wall cabinet is enhanced by its frosted gray glass doors and black aluminum frame. The base cabinets of the peninsula have a practical handle that extends gracefully along the sides.  <\/span><\/p>\n","protected":false},"featured_media":16103,"comment_status":"closed","ping_status":"closed","template":"","meta":{"_acf_changed":false},"product_brand":[],"product_cat":[870,877,871,872],"product_tag":[],"class_list":{"0":"post-37990","1":"product","2":"type-product","3":"status-publish","4":"has-post-thumbnail","6":"product_cat-aspen","7":"product_cat-kitchen-in-malaga-marbella","8":"product_cat-kitchens-in-malaga-marbella","9":"product_cat-rooms-en","10":"pa_diseno-alberto-lievore","11":"pa_diseno-jeannette-altherr","12":"pa_diseno-manel-molina","14":"first","15":"instock","16":"product-type-simple"},"acf":[],"yoast_head":"<!-- This site is optimized with the Yoast SEO plugin v27.5 - https:\/\/yoast.com\/product\/yoast-seo-wordpress\/ -->\n<title>DARK KITCHEN WITH PENINSULA - Oboe Muebles - Tienda de muebles en M\u00e1laga y Marbella<\/title>\n<meta name=\"robots\" content=\"index, follow, max-snippet:-1, max-image-preview:large, max-video-preview:-1\" \/>\n<link rel=\"canonical\" href=\"https:\/\/oboemuebles.com\/en\/producto\/dark-kitchen-with-peninsula\/\" \/>\n<meta property=\"og:locale\" content=\"en_US\" \/>\n<meta property=\"og:type\" content=\"article\" \/>\n<meta property=\"og:title\" content=\"DARK KITCHEN WITH PENINSULA - Oboe Muebles - Tienda de muebles en M\u00e1laga y Marbella\" \/>\n<meta property=\"og:description\" content=\"In this kitchen with a peninsula from the Doimo D20 collection, elegance is defined by the granite countertop combined with dark matte lacquer, resulting in a sophisticated and understated look. The work area, with its pantry featuring modules of varying sizes and open compartments, is positioned between the tall cabinets and the island. The elegant wall cabinet is enhanced by its frosted gray glass doors and black aluminum frame. The base cabinets of the peninsula have a practical handle that extends gracefully along the sides.\" \/>\n<meta property=\"og:url\" content=\"https:\/\/oboemuebles.com\/en\/producto\/dark-kitchen-with-peninsula\/\" \/>\n<meta property=\"og:site_name\" content=\"Oboe Muebles - Tienda de muebles en M\u00e1laga y Marbella\" \/>\n<meta property=\"og:image\" content=\"https:\/\/oboemuebles.com\/wp-content\/uploads\/2025\/11\/cocina-peninsula-oscura-2.webp\" \/>\n\t<meta property=\"og:image:width\" content=\"1560\" \/>\n\t<meta property=\"og:image:height\" content=\"826\" \/>\n\t<meta property=\"og:image:type\" content=\"image\/webp\" \/>\n<meta name=\"twitter:card\" content=\"summary_large_image\" \/>\n<script type=\"application\/ld+json\" class=\"yoast-schema-graph\">{\"@context\":\"https:\\\/\\\/schema.org\",\"@graph\":[{\"@type\":\"WebPage\",\"@id\":\"https:\\\/\\\/oboemuebles.com\\\/en\\\/producto\\\/dark-kitchen-with-peninsula\\\/\",\"url\":\"https:\\\/\\\/oboemuebles.com\\\/en\\\/producto\\\/dark-kitchen-with-peninsula\\\/\",\"name\":\"DARK KITCHEN WITH PENINSULA - Oboe Muebles - Tienda de muebles en M\u00e1laga y Marbella\",\"isPartOf\":{\"@id\":\"https:\\\/\\\/oboemuebles.com\\\/en\\\/#website\"},\"primaryImageOfPage\":{\"@id\":\"https:\\\/\\\/oboemuebles.com\\\/en\\\/producto\\\/dark-kitchen-with-peninsula\\\/#primaryimage\"},\"image\":{\"@id\":\"https:\\\/\\\/oboemuebles.com\\\/en\\\/producto\\\/dark-kitchen-with-peninsula\\\/#primaryimage\"},\"thumbnailUrl\":\"https:\\\/\\\/oboemuebles.com\\\/wp-content\\\/uploads\\\/2025\\\/11\\\/cocina-peninsula-oscura-2.webp\",\"datePublished\":\"2025-11-13T15:08:25+00:00\",\"breadcrumb\":{\"@id\":\"https:\\\/\\\/oboemuebles.com\\\/en\\\/producto\\\/dark-kitchen-with-peninsula\\\/#breadcrumb\"},\"inLanguage\":\"en-US\",\"potentialAction\":[{\"@type\":\"ReadAction\",\"target\":[\"https:\\\/\\\/oboemuebles.com\\\/en\\\/producto\\\/dark-kitchen-with-peninsula\\\/\"]}]},{\"@type\":\"ImageObject\",\"inLanguage\":\"en-US\",\"@id\":\"https:\\\/\\\/oboemuebles.com\\\/en\\\/producto\\\/dark-kitchen-with-peninsula\\\/#primaryimage\",\"url\":\"https:\\\/\\\/oboemuebles.com\\\/wp-content\\\/uploads\\\/2025\\\/11\\\/cocina-peninsula-oscura-2.webp\",\"contentUrl\":\"https:\\\/\\\/oboemuebles.com\\\/wp-content\\\/uploads\\\/2025\\\/11\\\/cocina-peninsula-oscura-2.webp\",\"width\":1560,\"height\":826},{\"@type\":\"BreadcrumbList\",\"@id\":\"https:\\\/\\\/oboemuebles.com\\\/en\\\/producto\\\/dark-kitchen-with-peninsula\\\/#breadcrumb\",\"itemListElement\":[{\"@type\":\"ListItem\",\"position\":1,\"name\":\"Portada\",\"item\":\"https:\\\/\\\/oboemuebles.com\\\/en\\\/home\\\/\"},{\"@type\":\"ListItem\",\"position\":2,\"name\":\"Shop\",\"item\":\"https:\\\/\\\/oboemuebles.com\\\/en\\\/shop\\\/\"},{\"@type\":\"ListItem\",\"position\":3,\"name\":\"DARK KITCHEN WITH PENINSULA\"}]},{\"@type\":\"WebSite\",\"@id\":\"https:\\\/\\\/oboemuebles.com\\\/en\\\/#website\",\"url\":\"https:\\\/\\\/oboemuebles.com\\\/en\\\/\",\"name\":\"Oboe Muebles - Tienda de muebles en M\u00e1laga y Marbella\",\"description\":\"Oboe Muebles - Tienda de muebles en M\u00e1laga y Marbella\",\"potentialAction\":[{\"@type\":\"SearchAction\",\"target\":{\"@type\":\"EntryPoint\",\"urlTemplate\":\"https:\\\/\\\/oboemuebles.com\\\/en\\\/?s={search_term_string}\"},\"query-input\":{\"@type\":\"PropertyValueSpecification\",\"valueRequired\":true,\"valueName\":\"search_term_string\"}}],\"inLanguage\":\"en-US\"}]}<\/script>\n<!-- \/ Yoast SEO plugin. -->","yoast_head_json":{"title":"DARK KITCHEN WITH PENINSULA - Oboe Muebles - Tienda de muebles en M\u00e1laga y Marbella","robots":{"index":"index","follow":"follow","max-snippet":"max-snippet:-1","max-image-preview":"max-image-preview:large","max-video-preview":"max-video-preview:-1"},"canonical":"https:\/\/oboemuebles.com\/en\/producto\/dark-kitchen-with-peninsula\/","og_locale":"en_US","og_type":"article","og_title":"DARK KITCHEN WITH PENINSULA - Oboe Muebles - Tienda de muebles en M\u00e1laga y Marbella","og_description":"In this kitchen with a peninsula from the Doimo D20 collection, elegance is defined by the granite countertop combined with dark matte lacquer, resulting in a sophisticated and understated look. The work area, with its pantry featuring modules of varying sizes and open compartments, is positioned between the tall cabinets and the island. The elegant wall cabinet is enhanced by its frosted gray glass doors and black aluminum frame. The base cabinets of the peninsula have a practical handle that extends gracefully along the sides.","og_url":"https:\/\/oboemuebles.com\/en\/producto\/dark-kitchen-with-peninsula\/","og_site_name":"Oboe Muebles - Tienda de muebles en M\u00e1laga y Marbella","og_image":[{"width":1560,"height":826,"url":"https:\/\/oboemuebles.com\/wp-content\/uploads\/2025\/11\/cocina-peninsula-oscura-2.webp","type":"image\/webp"}],"twitter_card":"summary_large_image","schema":{"@context":"https:\/\/schema.org","@graph":[{"@type":"WebPage","@id":"https:\/\/oboemuebles.com\/en\/producto\/dark-kitchen-with-peninsula\/","url":"https:\/\/oboemuebles.com\/en\/producto\/dark-kitchen-with-peninsula\/","name":"DARK KITCHEN WITH PENINSULA - Oboe Muebles - Tienda de muebles en M\u00e1laga y Marbella","isPartOf":{"@id":"https:\/\/oboemuebles.com\/en\/#website"},"primaryImageOfPage":{"@id":"https:\/\/oboemuebles.com\/en\/producto\/dark-kitchen-with-peninsula\/#primaryimage"},"image":{"@id":"https:\/\/oboemuebles.com\/en\/producto\/dark-kitchen-with-peninsula\/#primaryimage"},"thumbnailUrl":"https:\/\/oboemuebles.com\/wp-content\/uploads\/2025\/11\/cocina-peninsula-oscura-2.webp","datePublished":"2025-11-13T15:08:25+00:00","breadcrumb":{"@id":"https:\/\/oboemuebles.com\/en\/producto\/dark-kitchen-with-peninsula\/#breadcrumb"},"inLanguage":"en-US","potentialAction":[{"@type":"ReadAction","target":["https:\/\/oboemuebles.com\/en\/producto\/dark-kitchen-with-peninsula\/"]}]},{"@type":"ImageObject","inLanguage":"en-US","@id":"https:\/\/oboemuebles.com\/en\/producto\/dark-kitchen-with-peninsula\/#primaryimage","url":"https:\/\/oboemuebles.com\/wp-content\/uploads\/2025\/11\/cocina-peninsula-oscura-2.webp","contentUrl":"https:\/\/oboemuebles.com\/wp-content\/uploads\/2025\/11\/cocina-peninsula-oscura-2.webp","width":1560,"height":826},{"@type":"BreadcrumbList","@id":"https:\/\/oboemuebles.com\/en\/producto\/dark-kitchen-with-peninsula\/#breadcrumb","itemListElement":[{"@type":"ListItem","position":1,"name":"Portada","item":"https:\/\/oboemuebles.com\/en\/home\/"},{"@type":"ListItem","position":2,"name":"Shop","item":"https:\/\/oboemuebles.com\/en\/shop\/"},{"@type":"ListItem","position":3,"name":"DARK KITCHEN WITH PENINSULA"}]},{"@type":"WebSite","@id":"https:\/\/oboemuebles.com\/en\/#website","url":"https:\/\/oboemuebles.com\/en\/","name":"Oboe Muebles - Tienda de muebles en M\u00e1laga y Marbella","description":"Oboe Muebles - Tienda de muebles en M\u00e1laga y Marbella","potentialAction":[{"@type":"SearchAction","target":{"@type":"EntryPoint","urlTemplate":"https:\/\/oboemuebles.com\/en\/?s={search_term_string}"},"query-input":{"@type":"PropertyValueSpecification","valueRequired":true,"valueName":"search_term_string"}}],"inLanguage":"en-US"}]}},"_links":{"self":[{"href":"https:\/\/oboemuebles.com\/en\/wp-json\/wp\/v2\/product\/37990","targetHints":{"allow":["GET"]}}],"collection":[{"href":"https:\/\/oboemuebles.com\/en\/wp-json\/wp\/v2\/product"}],"about":[{"href":"https:\/\/oboemuebles.com\/en\/wp-json\/wp\/v2\/types\/product"}],"replies":[{"embeddable":true,"href":"https:\/\/oboemuebles.com\/en\/wp-json\/wp\/v2\/comments?post=37990"}],"wp:featuredmedia":[{"embeddable":true,"href":"https:\/\/oboemuebles.com\/en\/wp-json\/wp\/v2\/media\/16103"}],"wp:attachment":[{"href":"https:\/\/oboemuebles.com\/en\/wp-json\/wp\/v2\/media?parent=37990"}],"wp:term":[{"taxonomy":"product_brand","embeddable":true,"href":"https:\/\/oboemuebles.com\/en\/wp-json\/wp\/v2\/product_brand?post=37990"},{"taxonomy":"product_cat","embeddable":true,"href":"https:\/\/oboemuebles.com\/en\/wp-json\/wp\/v2\/product_cat?post=37990"},{"taxonomy":"product_tag","embeddable":true,"href":"https:\/\/oboemuebles.com\/en\/wp-json\/wp\/v2\/product_tag?post=37990"}],"curies":[{"name":"wp","href":"https:\/\/api.w.org\/{rel}","templated":true}]}}