{"id":37995,"date":"2025-11-13T15:08:25","date_gmt":"2025-11-13T15:08:25","guid":{"rendered":"https:\/\/oboemuebles.com\/producto\/kitchen-with-peninsula-in-oak-and-marble\/"},"modified":"2025-11-13T15:08:25","modified_gmt":"2025-11-13T15:08:25","slug":"kitchen-with-peninsula-in-oak-and-marble","status":"publish","type":"product","link":"https:\/\/oboemuebles.com\/en\/producto\/kitchen-with-peninsula-in-oak-and-marble\/","title":{"rendered":"KITCHEN WITH PENINSULA IN OAK AND MARBLE"},"content":{"rendered":"<p><span data-sheets-value=\"{\"1\":2,\"2\":\"Los muebles altos de vitrina adquieren un estilo contempor\u00e1neo gracias al marco perfectamente lineal en acabado de acero inoxidable, al vidrio transparente ahumado y la iluminaci\u00f3n interna bajo pedido.nLa puerta con moldura tiene un canto suave, apenas acentuado, que resigue todo el perfil. Se abre con un sistema a gola tradicional en roble Te\u00f1ido Vite.nEsta cocina puede adaptarse en cuanto a medidas y acabados. Seg\u00fan las necesidades de cada cliente. Cons\u00falta con nuestro equipo de profesionales para m\u00e1s informaci\u00f3n.\"}\" data-sheets-userformat=\"{\"2\":769,\"3\":{\"1\":0},\"11\":4,\"12\":0}\">The tall display cabinets achieve a contemporary style thanks to the perfectly linear stainless steel frame, smoked clear glass, and optional internal lighting.<br \/>\nThe molded door has a soft, barely accentuated edge that follows the entire profile. It opens with a traditional handle system in Vite stained oak.<br \/>\nThis kitchen can be customized in terms of dimensions and finishes to meet each client&#8217;s needs. Consult our team of professionals for more information.   <\/span><\/p>\n<p>&nbsp;<\/p>\n","protected":false},"excerpt":{"rendered":"<p><span data-sheets-value=\"{\"1\":2,\"2\":\"Esta cocina de la colecci\u00f3n D23 de Doimo, cuenta con pen\u00ednsula, con encimera de m\u00e1rmol Monaco light y muebles bajos de roble Te\u00f1ido Vite, elegantes y refinados, contempor\u00e1nea gracias a los toques de lat\u00f3n, las puertas con marco de acero inoxidable brillante, el perfil apenas acentuado de las puertas con moldura. Las columnas con las puertas lisas, sencillas y austeras, ganan en sofisticaci\u00f3n intercaladas por columnas con puerta de vidrio transparente ahumado y marco de acero inoxidable.n\"}\" data-sheets-userformat=\"{\"2\":769,\"3\":{\"1\":0},\"11\":4,\"12\":0}\">This kitchen from the Doimo D23 collection features a peninsula with a Monaco Light marble countertop and elegant, refined Vite stained oak base cabinets. Its contemporary feel is enhanced by brass accents, polished stainless steel-framed doors, and a subtly molded profile. The tall cabinets, with their simple, understated doors, gain sophistication when interspersed with cabinets featuring smoked transparent glass doors and stainless steel frames.<br \/>\n<\/span><\/p>\n","protected":false},"featured_media":16108,"comment_status":"closed","ping_status":"closed","template":"","meta":{"_acf_changed":false},"product_brand":[],"product_cat":[870,877,871,872],"product_tag":[],"class_list":{"0":"post-37995","1":"product","2":"type-product","3":"status-publish","4":"has-post-thumbnail","6":"product_cat-aspen","7":"product_cat-kitchen-in-malaga-marbella","8":"product_cat-kitchens-in-malaga-marbella","9":"product_cat-rooms-en","10":"pa_diseno-alberto-lievore","11":"pa_diseno-jeannette-altherr","12":"pa_diseno-manel-molina","14":"first","15":"instock","16":"product-type-simple"},"acf":[],"_links":{"self":[{"href":"https:\/\/oboemuebles.com\/en\/wp-json\/wp\/v2\/product\/37995","targetHints":{"allow":["GET"]}}],"collection":[{"href":"https:\/\/oboemuebles.com\/en\/wp-json\/wp\/v2\/product"}],"about":[{"href":"https:\/\/oboemuebles.com\/en\/wp-json\/wp\/v2\/types\/product"}],"replies":[{"embeddable":true,"href":"https:\/\/oboemuebles.com\/en\/wp-json\/wp\/v2\/comments?post=37995"}],"wp:featuredmedia":[{"embeddable":true,"href":"https:\/\/oboemuebles.com\/en\/wp-json\/wp\/v2\/media\/16108"}],"wp:attachment":[{"href":"https:\/\/oboemuebles.com\/en\/wp-json\/wp\/v2\/media?parent=37995"}],"wp:term":[{"taxonomy":"product_brand","embeddable":true,"href":"https:\/\/oboemuebles.com\/en\/wp-json\/wp\/v2\/product_brand?post=37995"},{"taxonomy":"product_cat","embeddable":true,"href":"https:\/\/oboemuebles.com\/en\/wp-json\/wp\/v2\/product_cat?post=37995"},{"taxonomy":"product_tag","embeddable":true,"href":"https:\/\/oboemuebles.com\/en\/wp-json\/wp\/v2\/product_tag?post=37995"}],"curies":[{"name":"wp","href":"https:\/\/api.w.org\/{rel}","templated":true}]}}