{"id":38122,"date":"2025-11-13T14:42:00","date_gmt":"2025-11-13T14:42:00","guid":{"rendered":"https:\/\/oboemuebles.com\/producto\/ball-clock\/"},"modified":"2025-11-13T14:42:00","modified_gmt":"2025-11-13T14:42:00","slug":"ball-clock","status":"publish","type":"product","link":"https:\/\/oboemuebles.com\/en\/producto\/ball-clock\/","title":{"rendered":"BALL CLOCK"},"content":{"rendered":"<p>Brothers Ronan and Erwan Bouroullec live and work in Paris. Their work ranges from small everyday objects to architectural projects. Their collaboration with Vitra began in 2000, and since then they have enriched the company&#8217;s office and home furniture collections with numerous designs.  <\/p>\n","protected":false},"excerpt":{"rendered":"<p>En 1947, el dise\u00f1ador americano George Nelson recibi\u00f3 el encargo de crear una colecci\u00f3n de relojes. Despu\u00e9s de estudiar la forma en que la gente utilizaba los relojes, Nelson lleg\u00f3 a la conclusi\u00f3n de que la hora se pod\u00eda leer seg\u00fan la posici\u00f3n relativa de las agujas, lo que permit\u00eda prescindir de los n\u00fameros. Adem\u00e1s, como la mayor\u00eda utilizaba relojes de pulsera, supuso que los relojes de pared hab\u00edan pasado a ser elementos decorativos de los interiores.  <\/p>\n<p>These ideas formed the basis of their first collection of 14 pieces, which included wall clocks and small table clocks with a completely new style and were introduced to the market in 1949. Although all models shared a common characteristic \u2013 the absence of numbers \u2013 the diversity of shapes, colors, materials and designs could not have been greater. <\/p>\n","protected":false},"featured_media":14859,"comment_status":"closed","ping_status":"closed","template":"","meta":{"_acf_changed":false},"product_brand":[],"product_cat":[860,864,882,863,909,866],"product_tag":[1153],"class_list":{"0":"post-38122","1":"product","2":"type-product","3":"status-publish","4":"has-post-thumbnail","6":"product_cat-accesories-decoration-malaga-marbella","7":"product_cat-decorative-clocks","8":"product_cat-design-furniture-icons","9":"product_cat-objects","10":"product_cat-venta-online-muebles-diseno-en","11":"product_cat-wall-decor","12":"product_tag-george-nelson","13":"pa_diseno-george-nelson","15":"first","16":"instock","17":"product-type-simple"},"acf":[],"_links":{"self":[{"href":"https:\/\/oboemuebles.com\/en\/wp-json\/wp\/v2\/product\/38122","targetHints":{"allow":["GET"]}}],"collection":[{"href":"https:\/\/oboemuebles.com\/en\/wp-json\/wp\/v2\/product"}],"about":[{"href":"https:\/\/oboemuebles.com\/en\/wp-json\/wp\/v2\/types\/product"}],"replies":[{"embeddable":true,"href":"https:\/\/oboemuebles.com\/en\/wp-json\/wp\/v2\/comments?post=38122"}],"wp:featuredmedia":[{"embeddable":true,"href":"https:\/\/oboemuebles.com\/en\/wp-json\/wp\/v2\/media\/14859"}],"wp:attachment":[{"href":"https:\/\/oboemuebles.com\/en\/wp-json\/wp\/v2\/media?parent=38122"}],"wp:term":[{"taxonomy":"product_brand","embeddable":true,"href":"https:\/\/oboemuebles.com\/en\/wp-json\/wp\/v2\/product_brand?post=38122"},{"taxonomy":"product_cat","embeddable":true,"href":"https:\/\/oboemuebles.com\/en\/wp-json\/wp\/v2\/product_cat?post=38122"},{"taxonomy":"product_tag","embeddable":true,"href":"https:\/\/oboemuebles.com\/en\/wp-json\/wp\/v2\/product_tag?post=38122"}],"curies":[{"name":"wp","href":"https:\/\/api.w.org\/{rel}","templated":true}]}}