{"id":38145,"date":"2025-11-13T14:42:00","date_gmt":"2025-11-13T14:42:00","guid":{"rendered":"https:\/\/oboemuebles.com\/producto\/sunflower\/"},"modified":"2025-11-13T14:42:00","modified_gmt":"2025-11-13T14:42:00","slug":"sunflower","status":"publish","type":"product","link":"https:\/\/oboemuebles.com\/en\/producto\/sunflower\/","title":{"rendered":"SUNFLOWER"},"content":{"rendered":"<p>En una gran variedad de materiales y formas esculturales, los relojes de George Nelson representan el estado an\u00edmico de la sociedad de principios de los a\u00f1os cincuenta. Hoy en d\u00eda, sus relojes de sobremesa siguen siendo una refrescante alternativa a los relojes convencionales.  El Vitra Design Museum vuelve a poner a la venta una reedici\u00f3n de estos codiciados dise\u00f1os de coleccionismo, fieles al original.<\/p>\n","protected":false},"excerpt":{"rendered":"<p>In 1947, American designer George Nelson was commissioned to create a collection of clocks. After studying how people used clocks, Nelson concluded that time could be read by the relative position of the hands, making numbers unnecessary. Furthermore, since most people used wristwatches, he surmised that wall clocks had become purely decorative elements in interiors.  <\/p>\n<p>These ideas formed the basis of their first collection of 14 pieces, which included wall clocks and small table clocks with a completely new style and were introduced to the market in 1949. Although all models shared a common characteristic \u2013 the absence of numbers \u2013 the diversity of shapes, colors, materials and designs could not have been greater. <\/p>\n","protected":false},"featured_media":14882,"comment_status":"closed","ping_status":"closed","template":"","meta":{"_acf_changed":false},"product_brand":[],"product_cat":[860,864,866],"product_tag":[1153],"class_list":{"0":"post-38145","1":"product","2":"type-product","3":"status-publish","4":"has-post-thumbnail","6":"product_cat-accesories-decoration-malaga-marbella","7":"product_cat-decorative-clocks","8":"product_cat-wall-decor","9":"product_tag-george-nelson","10":"pa_diseno-george-nelson","12":"first","13":"instock","14":"product-type-simple"},"acf":[],"_links":{"self":[{"href":"https:\/\/oboemuebles.com\/en\/wp-json\/wp\/v2\/product\/38145","targetHints":{"allow":["GET"]}}],"collection":[{"href":"https:\/\/oboemuebles.com\/en\/wp-json\/wp\/v2\/product"}],"about":[{"href":"https:\/\/oboemuebles.com\/en\/wp-json\/wp\/v2\/types\/product"}],"replies":[{"embeddable":true,"href":"https:\/\/oboemuebles.com\/en\/wp-json\/wp\/v2\/comments?post=38145"}],"wp:featuredmedia":[{"embeddable":true,"href":"https:\/\/oboemuebles.com\/en\/wp-json\/wp\/v2\/media\/14882"}],"wp:attachment":[{"href":"https:\/\/oboemuebles.com\/en\/wp-json\/wp\/v2\/media?parent=38145"}],"wp:term":[{"taxonomy":"product_brand","embeddable":true,"href":"https:\/\/oboemuebles.com\/en\/wp-json\/wp\/v2\/product_brand?post=38145"},{"taxonomy":"product_cat","embeddable":true,"href":"https:\/\/oboemuebles.com\/en\/wp-json\/wp\/v2\/product_cat?post=38145"},{"taxonomy":"product_tag","embeddable":true,"href":"https:\/\/oboemuebles.com\/en\/wp-json\/wp\/v2\/product_tag?post=38145"}],"curies":[{"name":"wp","href":"https:\/\/api.w.org\/{rel}","templated":true}]}}