{"id":38202,"date":"2025-11-13T11:54:14","date_gmt":"2025-11-13T11:54:14","guid":{"rendered":"https:\/\/oboemuebles.com\/producto\/papel-indomptee\/"},"modified":"2025-11-13T11:54:14","modified_gmt":"2025-11-13T11:54:14","slug":"papel-indomptee","status":"publish","type":"product","link":"https:\/\/oboemuebles.com\/en\/producto\/papel-indomptee\/","title":{"rendered":"PAPEL INDOMPTEE"},"content":{"rendered":"","protected":false},"excerpt":{"rendered":"<p>Following the iconic &#8220;Natives&#8221; and &#8220;M\u00e9moires&#8221; collections, comes the &#8220;Indompt\u00e9e&#8221; collection with its diverse textures and deep colors. A pioneer in leather layering, \u00c9litis has created two new embossed patterns and a revamped range of smooths with sophisticated nuances. Large squares, wide rectangles, and small checkerboards make up these assemblages, where shadows and colors create subtle brushed textures that follow the grain. The exceptional craftsmanship awakens the sense of touch and irresistibly invites us to run our fingertips over these new textures.   <\/p>\n","protected":false},"featured_media":5863,"comment_status":"closed","ping_status":"closed","template":"","meta":{"_acf_changed":false},"product_brand":[],"product_cat":[860,866],"product_tag":[],"class_list":{"0":"post-38202","1":"product","2":"type-product","3":"status-publish","4":"has-post-thumbnail","6":"product_cat-accesories-decoration-malaga-marbella","7":"product_cat-wall-decor","9":"first","10":"instock","11":"product-type-simple"},"acf":[],"_links":{"self":[{"href":"https:\/\/oboemuebles.com\/en\/wp-json\/wp\/v2\/product\/38202","targetHints":{"allow":["GET"]}}],"collection":[{"href":"https:\/\/oboemuebles.com\/en\/wp-json\/wp\/v2\/product"}],"about":[{"href":"https:\/\/oboemuebles.com\/en\/wp-json\/wp\/v2\/types\/product"}],"replies":[{"embeddable":true,"href":"https:\/\/oboemuebles.com\/en\/wp-json\/wp\/v2\/comments?post=38202"}],"wp:featuredmedia":[{"embeddable":true,"href":"https:\/\/oboemuebles.com\/en\/wp-json\/wp\/v2\/media\/5863"}],"wp:attachment":[{"href":"https:\/\/oboemuebles.com\/en\/wp-json\/wp\/v2\/media?parent=38202"}],"wp:term":[{"taxonomy":"product_brand","embeddable":true,"href":"https:\/\/oboemuebles.com\/en\/wp-json\/wp\/v2\/product_brand?post=38202"},{"taxonomy":"product_cat","embeddable":true,"href":"https:\/\/oboemuebles.com\/en\/wp-json\/wp\/v2\/product_cat?post=38202"},{"taxonomy":"product_tag","embeddable":true,"href":"https:\/\/oboemuebles.com\/en\/wp-json\/wp\/v2\/product_tag?post=38202"}],"curies":[{"name":"wp","href":"https:\/\/api.w.org\/{rel}","templated":true}]}}