{"id":38245,"date":"2025-11-13T11:53:09","date_gmt":"2025-11-13T11:53:09","guid":{"rendered":"https:\/\/oboemuebles.com\/producto\/papel-allegorie\/"},"modified":"2025-11-13T11:53:09","modified_gmt":"2025-11-13T11:53:09","slug":"papel-allegorie","status":"publish","type":"product","link":"https:\/\/oboemuebles.com\/en\/producto\/papel-allegorie\/","title":{"rendered":"PAPEL ALLEGORIE"},"content":{"rendered":"","protected":false},"excerpt":{"rendered":"<p>Homenaje a la \u00ab dominoterie \u00bb, la colecci\u00f3n \u00ab Domino \u00bb reinventa los motivos geom\u00e9tricos y figurativos en una colecci\u00f3n de revestimiento mural 100% no-tejido. Desplegando sus dise\u00f1os en gran ancho, Domino se divierte volviendo a trazar los decorados esbozados por los ensamblajes de papeles impresos a la hoja. <\/p>\n","protected":false},"featured_media":5794,"comment_status":"closed","ping_status":"closed","template":"","meta":{"_acf_changed":false},"product_brand":[],"product_cat":[860,866],"product_tag":[],"class_list":{"0":"post-38245","1":"product","2":"type-product","3":"status-publish","4":"has-post-thumbnail","6":"product_cat-accesories-decoration-malaga-marbella","7":"product_cat-wall-decor","9":"first","10":"instock","11":"product-type-simple"},"acf":[],"_links":{"self":[{"href":"https:\/\/oboemuebles.com\/en\/wp-json\/wp\/v2\/product\/38245","targetHints":{"allow":["GET"]}}],"collection":[{"href":"https:\/\/oboemuebles.com\/en\/wp-json\/wp\/v2\/product"}],"about":[{"href":"https:\/\/oboemuebles.com\/en\/wp-json\/wp\/v2\/types\/product"}],"replies":[{"embeddable":true,"href":"https:\/\/oboemuebles.com\/en\/wp-json\/wp\/v2\/comments?post=38245"}],"wp:featuredmedia":[{"embeddable":true,"href":"https:\/\/oboemuebles.com\/en\/wp-json\/wp\/v2\/media\/5794"}],"wp:attachment":[{"href":"https:\/\/oboemuebles.com\/en\/wp-json\/wp\/v2\/media?parent=38245"}],"wp:term":[{"taxonomy":"product_brand","embeddable":true,"href":"https:\/\/oboemuebles.com\/en\/wp-json\/wp\/v2\/product_brand?post=38245"},{"taxonomy":"product_cat","embeddable":true,"href":"https:\/\/oboemuebles.com\/en\/wp-json\/wp\/v2\/product_cat?post=38245"},{"taxonomy":"product_tag","embeddable":true,"href":"https:\/\/oboemuebles.com\/en\/wp-json\/wp\/v2\/product_tag?post=38245"}],"curies":[{"name":"wp","href":"https:\/\/api.w.org\/{rel}","templated":true}]}}