{"id":38396,"date":"2025-11-13T15:04:04","date_gmt":"2025-11-13T15:04:04","guid":{"rendered":"https:\/\/oboemuebles.com\/producto\/denver\/"},"modified":"2025-11-13T15:04:04","modified_gmt":"2025-11-13T15:04:04","slug":"denver","status":"publish","type":"product","link":"https:\/\/oboemuebles.com\/en\/producto\/denver\/","title":{"rendered":"DENVER"},"content":{"rendered":"","protected":false},"excerpt":{"rendered":"<p>Ceiling or horizontal\/vertical mirror with aluminum frame. Central mirror available in extralight, smoked, or bronze finishes. Frame available in lacquered glass, mirror, or ceramic. Also available with LED backlighting.   <\/p>\n<p>La colecci\u00f3n de espejos de Denver se inspira en los marcos de cer\u00e1mica. El contraste del marco con el espejo central en los distintos acabados permite crear combinaciones \u00fanicas que decoran los interiores. <\/p>\n","protected":false},"featured_media":15804,"comment_status":"closed","ping_status":"closed","template":"","meta":{"_acf_changed":false},"product_brand":[],"product_cat":[860,862],"product_tag":[1250],"class_list":{"0":"post-38396","1":"product","2":"type-product","3":"status-publish","4":"has-post-thumbnail","6":"product_cat-accesories-decoration-malaga-marbella","7":"product_cat-mirrors","8":"product_tag-studio-sovet","9":"pa_diseno-studio-sovet","11":"first","12":"instock","13":"product-type-simple"},"acf":[],"_links":{"self":[{"href":"https:\/\/oboemuebles.com\/en\/wp-json\/wp\/v2\/product\/38396","targetHints":{"allow":["GET"]}}],"collection":[{"href":"https:\/\/oboemuebles.com\/en\/wp-json\/wp\/v2\/product"}],"about":[{"href":"https:\/\/oboemuebles.com\/en\/wp-json\/wp\/v2\/types\/product"}],"replies":[{"embeddable":true,"href":"https:\/\/oboemuebles.com\/en\/wp-json\/wp\/v2\/comments?post=38396"}],"wp:featuredmedia":[{"embeddable":true,"href":"https:\/\/oboemuebles.com\/en\/wp-json\/wp\/v2\/media\/15804"}],"wp:attachment":[{"href":"https:\/\/oboemuebles.com\/en\/wp-json\/wp\/v2\/media?parent=38396"}],"wp:term":[{"taxonomy":"product_brand","embeddable":true,"href":"https:\/\/oboemuebles.com\/en\/wp-json\/wp\/v2\/product_brand?post=38396"},{"taxonomy":"product_cat","embeddable":true,"href":"https:\/\/oboemuebles.com\/en\/wp-json\/wp\/v2\/product_cat?post=38396"},{"taxonomy":"product_tag","embeddable":true,"href":"https:\/\/oboemuebles.com\/en\/wp-json\/wp\/v2\/product_tag?post=38396"}],"curies":[{"name":"wp","href":"https:\/\/api.w.org\/{rel}","templated":true}]}}