{"id":38702,"date":"2025-11-13T15:36:10","date_gmt":"2025-11-13T15:36:10","guid":{"rendered":"https:\/\/oboemuebles.com\/producto\/seaside-beads\/"},"modified":"2025-11-13T15:36:10","modified_gmt":"2025-11-13T15:36:10","slug":"seaside-beads","status":"publish","type":"product","link":"https:\/\/oboemuebles.com\/en\/producto\/seaside-beads\/","title":{"rendered":"SEASIDE BEADS"},"content":{"rendered":"<p>La colecci\u00f3n de bandejas de Notre Monde, se mueve entre la curiosidad por la vida y los viajes alrededor del mundo, la recopilaci\u00f3n de im\u00e1genes y sensaciones, dan lugar a productos y accesorios sin limitaciones. Sus m\u00faltiples inspiraciones han dado lugar a composiciones pict\u00f3ricas extremadamente ricas, basadas en patrones abstractos, complejos y modernos, organizados en combinaciones y capas sucesivas que interact\u00faan con materiales, colores, texturas y acabados. <\/p>\n","protected":false},"excerpt":{"rendered":"<p>Inspired by tribal prints and motifs from Africa to Indonesia, the Tribal Quest tray collection sees the world&#8217;s textiles illustrated in its pieces. The mix of luxurious colors with muted neutrals in rich patterns creates a fluid balance, aptly capturing its inspiration from places around the globe. Mimicking the sumptuous movement of fabric, the Tribal Quest collection is vibrant and stimulating.  <\/p>\n","protected":false},"featured_media":17103,"comment_status":"closed","ping_status":"closed","template":"","meta":{"_acf_changed":false},"product_brand":[],"product_cat":[860,863],"product_tag":[1325],"class_list":{"0":"post-38702","1":"product","2":"type-product","3":"status-publish","4":"has-post-thumbnail","6":"product_cat-accesories-decoration-malaga-marbella","7":"product_cat-objects","8":"product_tag-dawn-sweitzer","10":"first","11":"instock","12":"product-type-simple"},"acf":[],"_links":{"self":[{"href":"https:\/\/oboemuebles.com\/en\/wp-json\/wp\/v2\/product\/38702","targetHints":{"allow":["GET"]}}],"collection":[{"href":"https:\/\/oboemuebles.com\/en\/wp-json\/wp\/v2\/product"}],"about":[{"href":"https:\/\/oboemuebles.com\/en\/wp-json\/wp\/v2\/types\/product"}],"replies":[{"embeddable":true,"href":"https:\/\/oboemuebles.com\/en\/wp-json\/wp\/v2\/comments?post=38702"}],"wp:featuredmedia":[{"embeddable":true,"href":"https:\/\/oboemuebles.com\/en\/wp-json\/wp\/v2\/media\/17103"}],"wp:attachment":[{"href":"https:\/\/oboemuebles.com\/en\/wp-json\/wp\/v2\/media?parent=38702"}],"wp:term":[{"taxonomy":"product_brand","embeddable":true,"href":"https:\/\/oboemuebles.com\/en\/wp-json\/wp\/v2\/product_brand?post=38702"},{"taxonomy":"product_cat","embeddable":true,"href":"https:\/\/oboemuebles.com\/en\/wp-json\/wp\/v2\/product_cat?post=38702"},{"taxonomy":"product_tag","embeddable":true,"href":"https:\/\/oboemuebles.com\/en\/wp-json\/wp\/v2\/product_tag?post=38702"}],"curies":[{"name":"wp","href":"https:\/\/api.w.org\/{rel}","templated":true}]}}