{"id":38801,"date":"2025-11-13T15:38:00","date_gmt":"2025-11-13T15:38:00","guid":{"rendered":"https:\/\/oboemuebles.com\/producto\/avana-chevron-2\/"},"modified":"2025-11-13T15:38:00","modified_gmt":"2025-11-13T15:38:00","slug":"avana-chevron-2","status":"publish","type":"product","link":"https:\/\/oboemuebles.com\/en\/producto\/avana-chevron-2\/","title":{"rendered":"AVANA CHEVRON"},"content":{"rendered":"<p>100% duck feather filling.<br \/>\nCovers made of 51% polyacrylic, 21% wool, 18% polyester, 10% cotton. 50&#215;50 <\/p>\n","protected":false},"excerpt":{"rendered":"<p>Fabricados en B\u00e9lgica, estos cojines con patrones abstractos tienen una apariencia sobria y original. Est\u00e1n fabricados con telas Jacquard tejidas principalmente de algod\u00f3n, lino y lana, que se mezclan para crear un juego de texturas y tonos sombreados variados. Mezcla y combina libremente con esta colecci\u00f3n lujosa y acogedora.  <\/p>\n","protected":false},"featured_media":17189,"comment_status":"closed","ping_status":"closed","template":"","meta":{"_acf_changed":false},"product_brand":[],"product_cat":[860,865],"product_tag":[1325],"class_list":{"0":"post-38801","1":"product","2":"type-product","3":"status-publish","4":"has-post-thumbnail","6":"product_cat-accesories-decoration-malaga-marbella","7":"product_cat-textile-decor","8":"product_tag-dawn-sweitzer","10":"first","11":"instock","12":"product-type-simple"},"acf":[],"_links":{"self":[{"href":"https:\/\/oboemuebles.com\/en\/wp-json\/wp\/v2\/product\/38801","targetHints":{"allow":["GET"]}}],"collection":[{"href":"https:\/\/oboemuebles.com\/en\/wp-json\/wp\/v2\/product"}],"about":[{"href":"https:\/\/oboemuebles.com\/en\/wp-json\/wp\/v2\/types\/product"}],"replies":[{"embeddable":true,"href":"https:\/\/oboemuebles.com\/en\/wp-json\/wp\/v2\/comments?post=38801"}],"wp:featuredmedia":[{"embeddable":true,"href":"https:\/\/oboemuebles.com\/en\/wp-json\/wp\/v2\/media\/17189"}],"wp:attachment":[{"href":"https:\/\/oboemuebles.com\/en\/wp-json\/wp\/v2\/media?parent=38801"}],"wp:term":[{"taxonomy":"product_brand","embeddable":true,"href":"https:\/\/oboemuebles.com\/en\/wp-json\/wp\/v2\/product_brand?post=38801"},{"taxonomy":"product_cat","embeddable":true,"href":"https:\/\/oboemuebles.com\/en\/wp-json\/wp\/v2\/product_cat?post=38801"},{"taxonomy":"product_tag","embeddable":true,"href":"https:\/\/oboemuebles.com\/en\/wp-json\/wp\/v2\/product_tag?post=38801"}],"curies":[{"name":"wp","href":"https:\/\/api.w.org\/{rel}","templated":true}]}}